{"id":89363,"date":"2021-02-21T21:11:04","date_gmt":"2021-02-21T21:11:04","guid":{"rendered":"https:\/\/www.autonvaraosahaku.fi\/?product=topran-103-146-kytkin-paasylinteri"},"modified":"2021-02-21T21:11:12","modified_gmt":"2021-02-21T21:11:12","slug":"topran-103-146-kytkin-paasylinteri","status":"publish","type":"product","link":"https:\/\/www.autonvaraosahaku.fi\/?product=topran-103-146-kytkin-paasylinteri","title":{"rendered":"TOPRAN 103 146 Kytkin p\u00e4\u00e4sylinteri"},"content":{"rendered":"<p>Vaihtoehtoinen korjaussarja: 108 991; Huomioi j\u00e4rjestelm\u00e4-t\u00e4ytt\u00f6m\u00e4\u00e4r\u00e4: ; sis\u00e4lt\u00e4\u00e4 tuotenumeron: 114 578; Kotelon pinta: Lakattu; Kopan v\u00e4ri: Musta; Vasen \/ oikea liikenne: f\u00fcr Linkslenker; VW: GOLF III 1H1,GOLF III Variant 1H5,POLO CLASSIC 6KV2,VENTO 1H2,CADDY II Kombi 9K9B; SEAT: IBIZA II 6K1,CORDOBA 6K1, 6K2; 1H1721401, 1H1721401; P\u00e4\u00e4sylinteri, Kytkin<\/p>\n","protected":false},"excerpt":{"rendered":"<p>TOPRAN Kytkin P\u00e4\u00e4sylinteri 103 146 P\u00e4\u00e4sylinteri, Kytkin VW,SEAT,GOLF III 1H1,GOLF III Variant 1H5,POLO CLASSIC 6KV2,VENTO 1H2,CADDY II Kombi 9K9B<\/p>\n","protected":false},"featured_media":0,"template":"","meta":{"site-sidebar-layout":"default","site-content-layout":"default","ast-global-header-display":"","ast-main-header-display":"","ast-hfb-above-header-display":"","ast-hfb-below-header-display":"","ast-hfb-mobile-header-display":"","site-post-title":"","ast-breadcrumbs-content":"","ast-featured-img":"","footer-sml-layout":"","theme-transparent-header-meta":"","adv-header-id-meta":"","stick-header-meta":"","header-above-stick-meta":"","header-main-stick-meta":"","header-below-stick-meta":""},"pwb-brand":[18],"product_cat":[239],"product_tag":[],"class_list":{"0":"post-89363","1":"product","2":"type-product","3":"status-publish","5":"pwb-brand-topran","6":"product_cat-kytkin-paasylinteri","7":"desktop-align-left","8":"tablet-align-left","9":"mobile-align-left","11":"first","12":"instock","13":"product-type-external"},"brands":[{"id":18,"name":"TOPRAN","slug":"topran"}],"_links":{"self":[{"href":"https:\/\/www.autonvaraosahaku.fi\/index.php?rest_route=\/wp\/v2\/product\/89363","targetHints":{"allow":["GET"]}}],"collection":[{"href":"https:\/\/www.autonvaraosahaku.fi\/index.php?rest_route=\/wp\/v2\/product"}],"about":[{"href":"https:\/\/www.autonvaraosahaku.fi\/index.php?rest_route=\/wp\/v2\/types\/product"}],"wp:attachment":[{"href":"https:\/\/www.autonvaraosahaku.fi\/index.php?rest_route=%2Fwp%2Fv2%2Fmedia&parent=89363"}],"wp:term":[{"taxonomy":"pwb-brand","embeddable":true,"href":"https:\/\/www.autonvaraosahaku.fi\/index.php?rest_route=%2Fwp%2Fv2%2Fpwb-brand&post=89363"},{"taxonomy":"product_cat","embeddable":true,"href":"https:\/\/www.autonvaraosahaku.fi\/index.php?rest_route=%2Fwp%2Fv2%2Fproduct_cat&post=89363"},{"taxonomy":"product_tag","embeddable":true,"href":"https:\/\/www.autonvaraosahaku.fi\/index.php?rest_route=%2Fwp%2Fv2%2Fproduct_tag&post=89363"}],"curies":[{"name":"wp","href":"https:\/\/api.w.org\/{rel}","templated":true}]}}