{"id":89368,"date":"2021-02-21T21:11:04","date_gmt":"2021-02-21T21:11:04","guid":{"rendered":"https:\/\/www.autonvaraosahaku.fi\/?product=a-b-s-43581-jarrusatula-korjaussarja"},"modified":"2021-02-21T21:11:15","modified_gmt":"2021-02-21T21:11:15","slug":"a-b-s-43581-jarrusatula-korjaussarja","status":"publish","type":"product","link":"https:\/\/www.autonvaraosahaku.fi\/?product=a-b-s-43581-jarrusatula-korjaussarja","title":{"rendered":"A.B.S. 43581 Jarrusatula korjaussarja"},"content":{"rendered":"<p>L\u00e4pimitta 1 [mm]: 60; Jarruj\u00e4rjestelm\u00e4: ATE; Paino [kg]: 0,09; Asennuspuoli: Vorderachse; VW: TRANSPORTER III Bus,LT 28-46 II Kasten 2DA, 2DD, 2DH,TRANSPORTER III Kasten,LT 28-35 II Bus 2DB, 2DE, 2DK,LT 28-46 II Pritsche\/Fahrgestell 2DC, 2DF, 2DG, 2DL, 2DM,TRANSPORTER III Pritsche\/Fahrgestell; AUDI: 100 4A, C4,100 Avant 4A, C4,100 Avant 44, 44Q, C3,V8 44_, 4C_,200 44, 44Q,200 Avant 44, 44Q; MERCEDES-BENZ: VITO Bus 638,SPRINTER 3-t Kasten 903,SPRINTER 2-t Bus 901, 902,V-CLASS 638\/2,SPRINTER 2-t Kasten 901, 902,SPRINTER 3-t Bus 903,SPRINTER 3-t Pritsche\/Fahrgestell 903,VITO Kasten 638,SPRINTER 4-t Pritsche\/Fahrgestell 904,SPRINTER 2-t Pritsche\/Fahrgestell 901, 902,SPRINTER CLASSIC 3,5-t Kasten 909,SPRINTER 4-t Kasten 904,SPRINTER 4,6-t Kasten 906; BMW: 5 E39,X3 E83,5 Touring E39,3 Coupe E46,3 E36,X5 E53,3 Cabriolet E46,7 E38,3 Coupe E36,Z3 E36,Z4 E85,5 E34,3 Cabriolet E36,7 E32,8 E31,5 Touring E34,5 E28,Z3 Coupe E36,Z4 Coupe E86; OPEL: OMEGA A 16_, 17_, 19_,MONZA A 22_,SENATOR B 29_,SENATOR A 29_,OMEGA A Caravan 66_, 67_; FORD: MONDEO II Kombi BNP,MONDEO II BAP,ESCORT VII GAL, AAL, ABL,MONDEO II Stufenheck BFP,MONDEO I Kombi BNP,SIERRA GBG, GB4,MONDEO I GBP,ESCORT VI GAL,SCORPIO II GFR, GGR,SIERRA Schr\u00e4gheck GBC, GBG,ESCORT IV GAF, AWF, ABFT,SCORPIO I GAE, GGE,ESCORT V Cabriolet ALL,MONDEO I Stufenheck GBP,SIERRA Schr\u00e4gheck GBC,ESCORT III GAA,SCORPIO II Kombi GNR, GGR,SCORPIO I Stufenheck GGE,ESCORT V GAL,SIERRA Kombi BNG,ESCORT VI Kombi GAL,SCORPIO I Kombi GGE,SIERRA Kombi BNC; LAND ROVER: RANGE ROVER III LM; JAGUAR: XJ NAW, NBW,XJ X300,XJ XJ 40, 81,XJ,XK 8 Convertible QDV,XK 8 Coupe QEV; VAUXHALL: CARLTON Mk III; 251698471B, 34111157037, 6128159, 6154078, JLM12123, JLM2191, 90009273, 211698471B, 251698471B; Korjaussarja, Jarrusatula<\/p>\n","protected":false},"excerpt":{"rendered":"<p>A.B.S. Jarrusatula Korjaussarja 43581 Korjaussarja, Jarrusatula VW,AUDI,MERCEDES-BENZ,TRANSPORTER III Bus,LT 28-46 II Kasten 2DA, 2DD, 2DH<\/p>\n","protected":false},"featured_media":0,"template":"","meta":{"site-sidebar-layout":"default","site-content-layout":"default","ast-global-header-display":"","ast-main-header-display":"","ast-hfb-above-header-display":"","ast-hfb-below-header-display":"","ast-hfb-mobile-header-display":"","site-post-title":"","ast-breadcrumbs-content":"","ast-featured-img":"","footer-sml-layout":"","theme-transparent-header-meta":"","adv-header-id-meta":"","stick-header-meta":"","header-above-stick-meta":"","header-main-stick-meta":"","header-below-stick-meta":""},"pwb-brand":[326],"product_cat":[57],"product_tag":[],"class_list":{"0":"post-89368","1":"product","2":"type-product","3":"status-publish","5":"pwb-brand-a-b-s","6":"product_cat-jarrusatula-korjaussarja","7":"desktop-align-left","8":"tablet-align-left","9":"mobile-align-left","11":"first","12":"instock","13":"product-type-external"},"brands":[{"id":326,"name":"A.B.S.","slug":"a-b-s"}],"_links":{"self":[{"href":"https:\/\/www.autonvaraosahaku.fi\/index.php?rest_route=\/wp\/v2\/product\/89368","targetHints":{"allow":["GET"]}}],"collection":[{"href":"https:\/\/www.autonvaraosahaku.fi\/index.php?rest_route=\/wp\/v2\/product"}],"about":[{"href":"https:\/\/www.autonvaraosahaku.fi\/index.php?rest_route=\/wp\/v2\/types\/product"}],"wp:attachment":[{"href":"https:\/\/www.autonvaraosahaku.fi\/index.php?rest_route=%2Fwp%2Fv2%2Fmedia&parent=89368"}],"wp:term":[{"taxonomy":"pwb-brand","embeddable":true,"href":"https:\/\/www.autonvaraosahaku.fi\/index.php?rest_route=%2Fwp%2Fv2%2Fpwb-brand&post=89368"},{"taxonomy":"product_cat","embeddable":true,"href":"https:\/\/www.autonvaraosahaku.fi\/index.php?rest_route=%2Fwp%2Fv2%2Fproduct_cat&post=89368"},{"taxonomy":"product_tag","embeddable":true,"href":"https:\/\/www.autonvaraosahaku.fi\/index.php?rest_route=%2Fwp%2Fv2%2Fproduct_tag&post=89368"}],"curies":[{"name":"wp","href":"https:\/\/api.w.org\/{rel}","templated":true}]}}