{"id":89387,"date":"2021-02-21T21:11:17","date_gmt":"2021-02-21T21:11:17","guid":{"rendered":"https:\/\/www.autonvaraosahaku.fi\/?product=a-b-s-428551-jarrusatula"},"modified":"2021-02-21T21:11:27","modified_gmt":"2021-02-21T21:11:27","slug":"a-b-s-428551-jarrusatula","status":"publish","type":"product","link":"https:\/\/www.autonvaraosahaku.fi\/?product=a-b-s-428551-jarrusatula","title":{"rendered":"A.B.S. 428551 Jarrusatula"},"content":{"rendered":"<p>Jarruj\u00e4rjestelm\u00e4: TRW; parilliset tuotenumerot: 428552; Materiaali: Harmaa valurauta; Jarrusatulatyyppi: Jarrusatula (1-m\u00e4nt\u00e4); Kiinnityrreikien et\u00e4isyys [mm]: 144; Paino [kg]: 2,4; Jarrulevypaksuudelle [mm]: 10,9, 10,9; Asennuspuoli: Vorderachse; MERCEDES-BENZ: 190 W201; 0004205083, 0004205283, A0004205083, A0004205283<\/p>\n","protected":false},"excerpt":{"rendered":"<p>A.B.S. Jarrusatula 428551  MERCEDES-BENZ,190 W201<\/p>\n","protected":false},"featured_media":0,"template":"","meta":{"site-sidebar-layout":"default","site-content-layout":"default","ast-global-header-display":"","ast-main-header-display":"","ast-hfb-above-header-display":"","ast-hfb-below-header-display":"","ast-hfb-mobile-header-display":"","site-post-title":"","ast-breadcrumbs-content":"","ast-featured-img":"","footer-sml-layout":"","theme-transparent-header-meta":"","adv-header-id-meta":"","stick-header-meta":"","header-above-stick-meta":"","header-main-stick-meta":"","header-below-stick-meta":""},"pwb-brand":[326],"product_cat":[177],"product_tag":[],"class_list":{"0":"post-89387","1":"product","2":"type-product","3":"status-publish","5":"pwb-brand-a-b-s","6":"product_cat-jarrusatula","7":"desktop-align-left","8":"tablet-align-left","9":"mobile-align-left","11":"first","12":"instock","13":"product-type-external"},"brands":[{"id":326,"name":"A.B.S.","slug":"a-b-s"}],"_links":{"self":[{"href":"https:\/\/www.autonvaraosahaku.fi\/index.php?rest_route=\/wp\/v2\/product\/89387","targetHints":{"allow":["GET"]}}],"collection":[{"href":"https:\/\/www.autonvaraosahaku.fi\/index.php?rest_route=\/wp\/v2\/product"}],"about":[{"href":"https:\/\/www.autonvaraosahaku.fi\/index.php?rest_route=\/wp\/v2\/types\/product"}],"wp:attachment":[{"href":"https:\/\/www.autonvaraosahaku.fi\/index.php?rest_route=%2Fwp%2Fv2%2Fmedia&parent=89387"}],"wp:term":[{"taxonomy":"pwb-brand","embeddable":true,"href":"https:\/\/www.autonvaraosahaku.fi\/index.php?rest_route=%2Fwp%2Fv2%2Fpwb-brand&post=89387"},{"taxonomy":"product_cat","embeddable":true,"href":"https:\/\/www.autonvaraosahaku.fi\/index.php?rest_route=%2Fwp%2Fv2%2Fproduct_cat&post=89387"},{"taxonomy":"product_tag","embeddable":true,"href":"https:\/\/www.autonvaraosahaku.fi\/index.php?rest_route=%2Fwp%2Fv2%2Fproduct_tag&post=89387"}],"curies":[{"name":"wp","href":"https:\/\/api.w.org\/{rel}","templated":true}]}}