{"id":89394,"date":"2021-02-21T21:11:30","date_gmt":"2021-02-21T21:11:30","guid":{"rendered":"https:\/\/www.autonvaraosahaku.fi\/?product=a-b-s-529582-jarrusatula"},"modified":"2021-02-21T21:11:32","modified_gmt":"2021-02-21T21:11:32","slug":"a-b-s-529582-jarrusatula","status":"publish","type":"product","link":"https:\/\/www.autonvaraosahaku.fi\/?product=a-b-s-529582-jarrusatula","title":{"rendered":"A.B.S. 529582 Jarrusatula"},"content":{"rendered":"<p>Jarruj\u00e4rjestelm\u00e4: TRW; parilliset tuotenumerot: 529581; Materiaali: Harmaa valurauta; Jarrusatulatyyppi: Jarrusatula (1-m\u00e4nt\u00e4); Kiinnityrreikien et\u00e4isyys [mm]: 159; Paino [kg]: 3,18; Jarrulevypaksuudelle [mm]: 22, 22; Asennuspuoli: Vorderachse; VW: GOLF II 19E, 1G1,PASSAT Variant 3A5, 35I,PASSAT 3A2, 35I,CORRADO 53I,PASSAT Variant 32B,PASSAT 32B; AUDI: 80 8C, B4,80 89, 89Q, 8A, B3,CABRIOLET 8G7, B4,80 Avant 8C, B4,100 44, 44Q, C3,COUPE 89, 8B,90 89, 89Q, 8A, B3,100 Avant 44, 44Q, C3,COUPE 81, 85,QUATTRO 85,200 44, 44Q,200 Avant 44, 44Q; SEAT: IBIZA II 6K1,CORDOBA 6K1, 6K2,TOLEDO I 1L; 443615124F, 443615124FX, 357615512B, 433615124A, 443615124F, 443615124FX<\/p>\n","protected":false},"excerpt":{"rendered":"<p>A.B.S. Jarrusatula 529582  VW,AUDI,SEAT,GOLF II 19E, 1G1,PASSAT Variant 3A5, 35I,PASSAT 3A2, 35I,CORRADO 53I,PASSAT Variant 32B,PASSAT 32B,80 8C, B4<\/p>\n","protected":false},"featured_media":0,"template":"","meta":{"site-sidebar-layout":"default","site-content-layout":"default","ast-global-header-display":"","ast-main-header-display":"","ast-hfb-above-header-display":"","ast-hfb-below-header-display":"","ast-hfb-mobile-header-display":"","site-post-title":"","ast-breadcrumbs-content":"","ast-featured-img":"","footer-sml-layout":"","theme-transparent-header-meta":"","adv-header-id-meta":"","stick-header-meta":"","header-above-stick-meta":"","header-main-stick-meta":"","header-below-stick-meta":""},"pwb-brand":[326],"product_cat":[177],"product_tag":[],"class_list":{"0":"post-89394","1":"product","2":"type-product","3":"status-publish","5":"pwb-brand-a-b-s","6":"product_cat-jarrusatula","7":"desktop-align-left","8":"tablet-align-left","9":"mobile-align-left","11":"first","12":"instock","13":"product-type-external"},"brands":[{"id":326,"name":"A.B.S.","slug":"a-b-s"}],"_links":{"self":[{"href":"https:\/\/www.autonvaraosahaku.fi\/index.php?rest_route=\/wp\/v2\/product\/89394","targetHints":{"allow":["GET"]}}],"collection":[{"href":"https:\/\/www.autonvaraosahaku.fi\/index.php?rest_route=\/wp\/v2\/product"}],"about":[{"href":"https:\/\/www.autonvaraosahaku.fi\/index.php?rest_route=\/wp\/v2\/types\/product"}],"wp:attachment":[{"href":"https:\/\/www.autonvaraosahaku.fi\/index.php?rest_route=%2Fwp%2Fv2%2Fmedia&parent=89394"}],"wp:term":[{"taxonomy":"pwb-brand","embeddable":true,"href":"https:\/\/www.autonvaraosahaku.fi\/index.php?rest_route=%2Fwp%2Fv2%2Fpwb-brand&post=89394"},{"taxonomy":"product_cat","embeddable":true,"href":"https:\/\/www.autonvaraosahaku.fi\/index.php?rest_route=%2Fwp%2Fv2%2Fproduct_cat&post=89394"},{"taxonomy":"product_tag","embeddable":true,"href":"https:\/\/www.autonvaraosahaku.fi\/index.php?rest_route=%2Fwp%2Fv2%2Fproduct_tag&post=89394"}],"curies":[{"name":"wp","href":"https:\/\/api.w.org\/{rel}","templated":true}]}}