{"id":89398,"date":"2021-02-21T21:11:30","date_gmt":"2021-02-21T21:11:30","guid":{"rendered":"https:\/\/www.autonvaraosahaku.fi\/?product=a-b-s-429272-jarrusatula"},"modified":"2021-02-21T21:11:35","modified_gmt":"2021-02-21T21:11:35","slug":"a-b-s-429272-jarrusatula","status":"publish","type":"product","link":"https:\/\/www.autonvaraosahaku.fi\/?product=a-b-s-429272-jarrusatula","title":{"rendered":"A.B.S. 429272 Jarrusatula"},"content":{"rendered":"<p>Jarrusatulam\u00e4nt\u00e4l\u00e4pimitta [mm]: 38,0; Jarruj\u00e4rjestelm\u00e4: ATE; parilliset tuotenumerot: 429271; Materiaali: Harmaa valurauta; Jarrusatulatyyppi: Jarrusatula (2-m\u00e4nt\u00e4\u00e4); Paino [kg]: 2,74; Jarrulevypaksuudelle [mm]: 9,6, 9,6; Asennuspuoli: Hinterachse; VOLVO: 940 II Kombi 945,940 Kombi 945,740 Kombi 745,960 II Kombi 965,740 744,940 944,760 704, 764,960 Kombi 965,760 Kombi 704, 765,940 II 944,780; 1330417, 13304175, 3530758, 35307586<\/p>\n","protected":false},"excerpt":{"rendered":"<p>A.B.S. Jarrusatula 429272  VOLVO,940 II Kombi 945,940 Kombi 945,740 Kombi 745,960 II Kombi 965,740 744,940 944,760 704, 764,960 Kombi 965<\/p>\n","protected":false},"featured_media":0,"template":"","meta":{"site-sidebar-layout":"default","site-content-layout":"default","ast-global-header-display":"","ast-main-header-display":"","ast-hfb-above-header-display":"","ast-hfb-below-header-display":"","ast-hfb-mobile-header-display":"","site-post-title":"","ast-breadcrumbs-content":"","ast-featured-img":"","footer-sml-layout":"","theme-transparent-header-meta":"","adv-header-id-meta":"","stick-header-meta":"","header-above-stick-meta":"","header-main-stick-meta":"","header-below-stick-meta":""},"pwb-brand":[326],"product_cat":[177],"product_tag":[],"class_list":{"0":"post-89398","1":"product","2":"type-product","3":"status-publish","5":"pwb-brand-a-b-s","6":"product_cat-jarrusatula","7":"desktop-align-left","8":"tablet-align-left","9":"mobile-align-left","11":"first","12":"instock","13":"product-type-external"},"brands":[{"id":326,"name":"A.B.S.","slug":"a-b-s"}],"_links":{"self":[{"href":"https:\/\/www.autonvaraosahaku.fi\/index.php?rest_route=\/wp\/v2\/product\/89398","targetHints":{"allow":["GET"]}}],"collection":[{"href":"https:\/\/www.autonvaraosahaku.fi\/index.php?rest_route=\/wp\/v2\/product"}],"about":[{"href":"https:\/\/www.autonvaraosahaku.fi\/index.php?rest_route=\/wp\/v2\/types\/product"}],"wp:attachment":[{"href":"https:\/\/www.autonvaraosahaku.fi\/index.php?rest_route=%2Fwp%2Fv2%2Fmedia&parent=89398"}],"wp:term":[{"taxonomy":"pwb-brand","embeddable":true,"href":"https:\/\/www.autonvaraosahaku.fi\/index.php?rest_route=%2Fwp%2Fv2%2Fpwb-brand&post=89398"},{"taxonomy":"product_cat","embeddable":true,"href":"https:\/\/www.autonvaraosahaku.fi\/index.php?rest_route=%2Fwp%2Fv2%2Fproduct_cat&post=89398"},{"taxonomy":"product_tag","embeddable":true,"href":"https:\/\/www.autonvaraosahaku.fi\/index.php?rest_route=%2Fwp%2Fv2%2Fproduct_tag&post=89398"}],"curies":[{"name":"wp","href":"https:\/\/api.w.org\/{rel}","templated":true}]}}