{"id":89404,"date":"2021-02-21T21:11:30","date_gmt":"2021-02-21T21:11:30","guid":{"rendered":"https:\/\/www.autonvaraosahaku.fi\/?product=beru-zle234-muut-luokat"},"modified":"2021-02-21T21:11:38","modified_gmt":"2021-02-21T21:11:38","slug":"beru-zle234-muut-luokat","status":"publish","type":"product","link":"https:\/\/www.autonvaraosahaku.fi\/?product=beru-zle234-muut-luokat","title":{"rendered":"BERU ZLE234 Muut luokat"},"content":{"rendered":"<p>Valmistaja rajaus: 0040100340 \/ ZS 340; Liittimet: SAE-Kontaktfeder; L\u00e4pimitta [mm]: 4; Pituus (mm): 113; Materiaali: MVQ (silikooni\/kautsu); Sytytystulppa: Liit\u00e4nt\u00e4 SAE; Sytytyspuola: Liit\u00e4nt\u00e4 sahahammas; Vastus [kOhm]: 2; TECDOC-moottorinumero: 5235; DAEWOO: KORANDO KJ; MERCEDES-BENZ: C-CLASS W202,SLK R170,E-CLASS W210,M-CLASS W163,Stufenheck W124,E-CLASS Kombi S210,CLK C208,C-CLASS Kombi S202,KOMBI Kombi S124,E-CLASS W124,G-CLASS W463,VITO Bus 638,CLK Cabriolet A208,COUPE C124,SPRINTER 3-t Kasten 903,SPRINTER 2-t Bus 901, 902,V-CLASS 638\/2,SPRINTER 2-t Kasten 901, 902,SPRINTER 3-t Bus 903,SPRINTER 3-t Pritsche\/Fahrgestell 903,VITO Kasten 638,SPRINTER 4-t Pritsche\/Fahrgestell 904,SPRINTER 2-t Pritsche\/Fahrgestell 901, 902,SPRINTER 4-t Kasten 904,SPRINTER 4-t Bus 904; SSANGYONG: MUSSO FJ; 0001593542, 0001593642, A0001593542, A0001593642<\/p>\n","protected":false},"excerpt":{"rendered":"<p>BERU Tulpanjohdon Pistoke ZLE234  DAEWOO,MERCEDES-BENZ,SSANGYONG,KORANDO KJ,C-CLASS W202,SLK R170,E-CLASS W210,M-CLASS W163,Stufenheck W124<\/p>\n","protected":false},"featured_media":0,"template":"","meta":{"site-sidebar-layout":"default","site-content-layout":"default","ast-global-header-display":"","ast-main-header-display":"","ast-hfb-above-header-display":"","ast-hfb-below-header-display":"","ast-hfb-mobile-header-display":"","site-post-title":"","ast-breadcrumbs-content":"","ast-featured-img":"","footer-sml-layout":"","theme-transparent-header-meta":"","adv-header-id-meta":"","stick-header-meta":"","header-above-stick-meta":"","header-main-stick-meta":"","header-below-stick-meta":""},"pwb-brand":[327],"product_cat":[37],"product_tag":[],"class_list":{"0":"post-89404","1":"product","2":"type-product","3":"status-publish","5":"pwb-brand-beru","6":"product_cat-muut-luokat","7":"desktop-align-left","8":"tablet-align-left","9":"mobile-align-left","11":"first","12":"instock","13":"product-type-external"},"brands":[{"id":327,"name":"BERU","slug":"beru"}],"_links":{"self":[{"href":"https:\/\/www.autonvaraosahaku.fi\/index.php?rest_route=\/wp\/v2\/product\/89404","targetHints":{"allow":["GET"]}}],"collection":[{"href":"https:\/\/www.autonvaraosahaku.fi\/index.php?rest_route=\/wp\/v2\/product"}],"about":[{"href":"https:\/\/www.autonvaraosahaku.fi\/index.php?rest_route=\/wp\/v2\/types\/product"}],"wp:attachment":[{"href":"https:\/\/www.autonvaraosahaku.fi\/index.php?rest_route=%2Fwp%2Fv2%2Fmedia&parent=89404"}],"wp:term":[{"taxonomy":"pwb-brand","embeddable":true,"href":"https:\/\/www.autonvaraosahaku.fi\/index.php?rest_route=%2Fwp%2Fv2%2Fpwb-brand&post=89404"},{"taxonomy":"product_cat","embeddable":true,"href":"https:\/\/www.autonvaraosahaku.fi\/index.php?rest_route=%2Fwp%2Fv2%2Fproduct_cat&post=89404"},{"taxonomy":"product_tag","embeddable":true,"href":"https:\/\/www.autonvaraosahaku.fi\/index.php?rest_route=%2Fwp%2Fv2%2Fproduct_tag&post=89404"}],"curies":[{"name":"wp","href":"https:\/\/api.w.org\/{rel}","templated":true}]}}