{"id":89407,"date":"2021-02-21T21:11:30","date_gmt":"2021-02-21T21:11:30","guid":{"rendered":"https:\/\/www.autonvaraosahaku.fi\/?product=trw-gsk1676-jarrukengat"},"modified":"2021-02-21T21:11:40","modified_gmt":"2021-02-21T21:11:40","slug":"trw-gsk1676-jarrukengat","status":"publish","type":"product","link":"https:\/\/www.autonvaraosahaku.fi\/?product=trw-gsk1676-jarrukengat","title":{"rendered":"TRW GSK1676 Jarrukeng\u00e4t"},"content":{"rendered":"<p>Sylinterin halkaisija [mm]: 17,5; Tarkistuskilpi: E1 90R 01195\/034; Lis\u00e4tarvike\/lis\u00e4tieto: Py\u00f6r\u00e4n jarrun sylinterill\u00e4; Asennusmalli: Esiasennettu; Valmistaja rajaus: TRW; L\u00e4pimitta [mm]: 180; Leveys (mm): 30; lis\u00e4tieto: Superkit; Asennuspuoli: Hinterachse; MAZDA: 121 III JASM, JBSM; FORD: FIESTA IV JA_, JB_,KA RB_,PUMA EC_,FIESTA Kasten J5_, J3_,FIESTA Kasten JV_,KA Van RB<\/p>\n","protected":false},"excerpt":{"rendered":"<p>TRW Jarrukenk\u00e4sarja, Rumpujarru GSK1676  MAZDA,FORD,121 III JASM, JBSM,FIESTA IV JA_, JB_,KA RB_,PUMA EC_,FIESTA Kasten J5_, J3_,FIESTA Kasten JV_<\/p>\n","protected":false},"featured_media":0,"template":"","meta":{"site-sidebar-layout":"default","site-content-layout":"default","ast-global-header-display":"","ast-main-header-display":"","ast-hfb-above-header-display":"","ast-hfb-below-header-display":"","ast-hfb-mobile-header-display":"","site-post-title":"","ast-breadcrumbs-content":"","ast-featured-img":"","footer-sml-layout":"","theme-transparent-header-meta":"","adv-header-id-meta":"","stick-header-meta":"","header-above-stick-meta":"","header-main-stick-meta":"","header-below-stick-meta":""},"pwb-brand":[332],"product_cat":[176],"product_tag":[],"class_list":{"0":"post-89407","1":"product","2":"type-product","3":"status-publish","5":"pwb-brand-trw","6":"product_cat-jarrukengat","7":"desktop-align-left","8":"tablet-align-left","9":"mobile-align-left","11":"first","12":"instock","13":"product-type-external"},"brands":[{"id":332,"name":"TRW","slug":"trw"}],"_links":{"self":[{"href":"https:\/\/www.autonvaraosahaku.fi\/index.php?rest_route=\/wp\/v2\/product\/89407","targetHints":{"allow":["GET"]}}],"collection":[{"href":"https:\/\/www.autonvaraosahaku.fi\/index.php?rest_route=\/wp\/v2\/product"}],"about":[{"href":"https:\/\/www.autonvaraosahaku.fi\/index.php?rest_route=\/wp\/v2\/types\/product"}],"wp:attachment":[{"href":"https:\/\/www.autonvaraosahaku.fi\/index.php?rest_route=%2Fwp%2Fv2%2Fmedia&parent=89407"}],"wp:term":[{"taxonomy":"pwb-brand","embeddable":true,"href":"https:\/\/www.autonvaraosahaku.fi\/index.php?rest_route=%2Fwp%2Fv2%2Fpwb-brand&post=89407"},{"taxonomy":"product_cat","embeddable":true,"href":"https:\/\/www.autonvaraosahaku.fi\/index.php?rest_route=%2Fwp%2Fv2%2Fproduct_cat&post=89407"},{"taxonomy":"product_tag","embeddable":true,"href":"https:\/\/www.autonvaraosahaku.fi\/index.php?rest_route=%2Fwp%2Fv2%2Fproduct_tag&post=89407"}],"curies":[{"name":"wp","href":"https:\/\/api.w.org\/{rel}","templated":true}]}}