{"id":89412,"date":"2021-02-21T21:11:42","date_gmt":"2021-02-21T21:11:42","guid":{"rendered":"https:\/\/www.autonvaraosahaku.fi\/?product=calorstat-by-vernet-th6295-82j-termostaatti"},"modified":"2021-02-21T21:11:44","modified_gmt":"2021-02-21T21:11:44","slug":"calorstat-by-vernet-th6295-82j-termostaatti","status":"publish","type":"product","link":"https:\/\/www.autonvaraosahaku.fi\/?product=calorstat-by-vernet-th6295-82j-termostaatti","title":{"rendered":"CALORSTAT by Vernet TH6295.82J Termostaatti"},"content":{"rendered":"<p>Avausl\u00e4mp\u00f6tila [\u00b0C]: 82; Lis\u00e4tarvike\/lis\u00e4tieto: Tiivisteill\u00e4; L\u00e4pimitta 1 [mm]: 56,0; L\u00e4pimitta 2 [mm]: 28,0; Korkeus 1 (mm): 43,5; Valmistusvuosi alkaen: 07\/1992; RENAULT: MASTER II Kasten FD,MASTER II Pritsche\/Fahrgestell ED\/HD\/UD,MASTER II Bus JD; PEUGEOT: 4008; TOYOTA: YARIS SCP9_, NSP9_, KSP9_, NCP9_, ZSP9_,AVENSIS Kombi T25,COROLLA Verso ZER_, ZZE12_, R1_,AURIS NRE15_, ZZE15_, ADE15_, ZRE15_, NDE15_,RAV 4 III ACA3_, ACE_, ALA3_, GSA3_, ZSA3_,RAV 4 II CLA2_, XA2_, ZCA2_, ACA2_,COROLLA ZZE12_, NDE12_, ZDE12_,AVENSIS Station Wagon ZRT27, ADT27,VERSO _AUR2_, _ZGR2_,AVENSIS T25_,YARIS NHP13_, NSP13_, NCP13_, KSP13_, NLP13_,AURIS NZE18_, ZRE18_,COROLLA Kombi _E12J_, _E12T_,AVENSIS Stufenheck T25,AVENSIS _T22_,COROLLA Liftback _E11_,AURIS TOURING SPORTS ADE18_, ZWE18_, ZRE18_,COROLLA Compact _E11_,AVENSIS Station Wagon _T22_,COROLLA Verso ZDE12_, CDE12_,CELICA ZZT23_,AVENSIS Stufenheck ZRT27, ADT27,RAV 4 IV ZSA4_, ALA4_,PREVIA MCR3_, ACR3_, CLR3_,COROLLA Stufenheck _E12J_, _E12T_,AVENSIS Liftback _T22_,PICNIC _XM10,LAND CRUISER 90 _J9_,AVENSIS VERSO _CLM2_, _ACM2_,MR 2 II SW2_,MR 2 III ZZW3_,CARINA E _T19_,COROLLA _E11_,CARINA E Stufenheck _T19_,CELICA Coupe AT18_, ST18_,COROLLA Wagon __E11_,LAND CRUISER 150 KDJ15_, GRJ15_,HILUX VI Pick-up _N; CITRO\u00cbN: C4 AIRCROSS; NISSAN: PRIMERA P11,TERRANO II R20,PRIMERA Traveller WP11,PRIMERA Hatchback P11,PATROL GR II Wagon Y61,ALMERA I Hatchback N15,ALMERA I N15,SERENA C23M,200 SX S14,SUNNY III N14,PULSAR V Schr\u00e4gheck N14,SUNNY III Liftback N14,PRIMERA Traveller W10,SUNNY III Traveller Y10,TERRANO Van R20,PATROL II Pritsche\/Fahrgestell Y61; MITSUBISHI: COLT VI Z3_A, Z2_A,SPACE STAR DG_A,CARISMA DA_,GRANDIS NA_W,COLT V CJ_, CP_,OUTLANDER I CU_W,LANCER Kombi CS_W,PAJERO PININ H6_W, H7_W,COLT CZC Cabriolet RG,CARISMA Stufenheck DA_,PAJERO III V7_W, V6_W,GALANT VI Station Wagon EA_,GALANT VI EA_,SPACE WAGON N9_W, N8_W,L 200 K7_T, K6_T,PAJERO II V3_W, V2_W, V4_W,LANCER Stufenheck CS_A, CT0,L 300 Bus P0_W, P1_W, P2_W,PAJERO SPORT K90,COLT IV CA_A,ECLIPSE II D3_A,SPACE RUNNER N6_W,PAJERO I L04_G, L14_G,PAJERO CLASSIC V2_W,SPACE RUNNER N1_W, N2_W,L 400 \/ SPACE GEAR Bus PD_W, PC_W, PA_V, PB_V,LANCER VI CJ-CP_,LANCER V Station Wagon CB_W, CD_W,LANCER V CB\/D_A,SPACE WAGON N3_W, N4_W,PAJERO SPORT VAN K90,LANCER IV C6_A, C7_A,PAJERO III Gel\u00e4ndewagen offen V6_W, V7_W,L 300 Kasten P0_W, P1_W,L 200 K3_T, K2_T, K1_T, K0_T,GALANT V Stufenheck E5_A, E7_A, E8_A,GALANT V E5_A, E7_A, E8_A,PAJERO II Canvas Top V2_W, V4_W,L 400 Kasten PD_W, PC_W, PB_V, PA_W, PA_V,ECLIPSE IV DK_A,GALANT Stufenheck DJ_, ED_, EF_,L 300 Pritsche\/Fahrgestell P1; SMART: FORFOUR 454; LEXUS: IS II GSE2_, ALE2_, USE2_,RX MHU3_, GSU3_, MCU3_,RX GYL1_, GGL15, AGL10,RX MCU15,LS UCF20,LS UCF10,ES AVV6_, GSV6_, ASV6_,ES GSV4_, ACV4_,ES F1, F2,HS ANF10; 9091603084, 9091603133, 9091603140, 1N0915171, 1222000115, A1222000115, MD1315301, MD315301, MD337408, 212002W201, 212002W202, 212002W20A, 2120057J00, 2120057J15, 2120057J16, MD315301, MD337408, 1222000115, 9091603075, 9091603084, 9091603125, 9091603133, 9091603136, 9091603140, 9091603144, 9091603145, 90916A3002, 90916A3003, 90916C3001, 9901603145; Termostaatti, J\u00e4\u00e4hdytysneste<\/p>\n","protected":false},"excerpt":{"rendered":"<p>CALORSTAT by Vernet Termostaatti TH6295.82J Termostaatti, J\u00e4\u00e4hdytysneste RENAULT,PEUGEOT,TOYOTA,MASTER II Kasten FD<\/p>\n","protected":false},"featured_media":0,"template":"","meta":{"site-sidebar-layout":"default","site-content-layout":"default","ast-global-header-display":"","ast-main-header-display":"","ast-hfb-above-header-display":"","ast-hfb-below-header-display":"","ast-hfb-mobile-header-display":"","site-post-title":"","ast-breadcrumbs-content":"","ast-featured-img":"","footer-sml-layout":"","theme-transparent-header-meta":"","adv-header-id-meta":"","stick-header-meta":"","header-above-stick-meta":"","header-main-stick-meta":"","header-below-stick-meta":""},"pwb-brand":[343],"product_cat":[174],"product_tag":[],"class_list":{"0":"post-89412","1":"product","2":"type-product","3":"status-publish","5":"pwb-brand-calorstat-by-vernet","6":"product_cat-termostaatti","7":"desktop-align-left","8":"tablet-align-left","9":"mobile-align-left","11":"first","12":"instock","13":"product-type-external"},"brands":[{"id":343,"name":"CALORSTAT by Vernet","slug":"calorstat-by-vernet"}],"_links":{"self":[{"href":"https:\/\/www.autonvaraosahaku.fi\/index.php?rest_route=\/wp\/v2\/product\/89412","targetHints":{"allow":["GET"]}}],"collection":[{"href":"https:\/\/www.autonvaraosahaku.fi\/index.php?rest_route=\/wp\/v2\/product"}],"about":[{"href":"https:\/\/www.autonvaraosahaku.fi\/index.php?rest_route=\/wp\/v2\/types\/product"}],"wp:attachment":[{"href":"https:\/\/www.autonvaraosahaku.fi\/index.php?rest_route=%2Fwp%2Fv2%2Fmedia&parent=89412"}],"wp:term":[{"taxonomy":"pwb-brand","embeddable":true,"href":"https:\/\/www.autonvaraosahaku.fi\/index.php?rest_route=%2Fwp%2Fv2%2Fpwb-brand&post=89412"},{"taxonomy":"product_cat","embeddable":true,"href":"https:\/\/www.autonvaraosahaku.fi\/index.php?rest_route=%2Fwp%2Fv2%2Fproduct_cat&post=89412"},{"taxonomy":"product_tag","embeddable":true,"href":"https:\/\/www.autonvaraosahaku.fi\/index.php?rest_route=%2Fwp%2Fv2%2Fproduct_tag&post=89412"}],"curies":[{"name":"wp","href":"https:\/\/api.w.org\/{rel}","templated":true}]}}