{"id":89416,"date":"2021-02-21T21:11:42","date_gmt":"2021-02-21T21:11:42","guid":{"rendered":"https:\/\/www.autonvaraosahaku.fi\/?product=textar-2468501-jarrupalat"},"modified":"2021-02-21T21:11:46","modified_gmt":"2021-02-21T21:11:46","slug":"textar-2468501-jarrupalat","status":"publish","type":"product","link":"https:\/\/www.autonvaraosahaku.fi\/?product=textar-2468501-jarrupalat","title":{"rendered":"TEXTAR 2468501 Jarrupalat"},"content":{"rendered":"<p>Leveys (mm): 209,5; Korkeus (mm): 94,3; Paksuus [mm]: 17,1; Kulumisenilmaisimen liitos: Kulumisenilmaisemelle; WVA-numero: 24685; Jarruj\u00e4rjestelm\u00e4: Brembo; Pakkauspituus [cm]: 20,9; Pakkausleveys [cm]: 13,4; Pakkauskorkeus [mm]: 8,8; Teknisten tietojen numero: 24685 171  0 4; M\u00e4\u00e4r\u00e4yksikk\u00f6: Akselisarja; Asennuspuoli: Vorderachse; PORSCHE: CAYENNE,MACAN; 7P5698151, 95835193930, 958698151A, 7P5698151, 7P5698151, 7P5698151; Jarrupalasarja,Jarrupala, Levyjarru<\/p>\n","protected":false},"excerpt":{"rendered":"<p>TEXTAR Jarrupalat 2468501 Jarrupalasarja,Jarrupala, Levyjarru PORSCHE,CAYENNE,MACAN<\/p>\n","protected":false},"featured_media":0,"template":"","meta":{"site-sidebar-layout":"default","site-content-layout":"default","ast-global-header-display":"","ast-main-header-display":"","ast-hfb-above-header-display":"","ast-hfb-below-header-display":"","ast-hfb-mobile-header-display":"","site-post-title":"","ast-breadcrumbs-content":"","ast-featured-img":"","footer-sml-layout":"","theme-transparent-header-meta":"","adv-header-id-meta":"","stick-header-meta":"","header-above-stick-meta":"","header-main-stick-meta":"","header-below-stick-meta":""},"pwb-brand":[288],"product_cat":[100],"product_tag":[],"class_list":{"0":"post-89416","1":"product","2":"type-product","3":"status-publish","5":"pwb-brand-textar","6":"product_cat-jarrupalat","7":"desktop-align-left","8":"tablet-align-left","9":"mobile-align-left","11":"first","12":"instock","13":"product-type-external"},"brands":[{"id":288,"name":"TEXTAR","slug":"textar"}],"_links":{"self":[{"href":"https:\/\/www.autonvaraosahaku.fi\/index.php?rest_route=\/wp\/v2\/product\/89416","targetHints":{"allow":["GET"]}}],"collection":[{"href":"https:\/\/www.autonvaraosahaku.fi\/index.php?rest_route=\/wp\/v2\/product"}],"about":[{"href":"https:\/\/www.autonvaraosahaku.fi\/index.php?rest_route=\/wp\/v2\/types\/product"}],"wp:attachment":[{"href":"https:\/\/www.autonvaraosahaku.fi\/index.php?rest_route=%2Fwp%2Fv2%2Fmedia&parent=89416"}],"wp:term":[{"taxonomy":"pwb-brand","embeddable":true,"href":"https:\/\/www.autonvaraosahaku.fi\/index.php?rest_route=%2Fwp%2Fv2%2Fpwb-brand&post=89416"},{"taxonomy":"product_cat","embeddable":true,"href":"https:\/\/www.autonvaraosahaku.fi\/index.php?rest_route=%2Fwp%2Fv2%2Fproduct_cat&post=89416"},{"taxonomy":"product_tag","embeddable":true,"href":"https:\/\/www.autonvaraosahaku.fi\/index.php?rest_route=%2Fwp%2Fv2%2Fproduct_tag&post=89416"}],"curies":[{"name":"wp","href":"https:\/\/api.w.org\/{rel}","templated":true}]}}