{"id":8942,"date":"2021-02-21T14:04:30","date_gmt":"2021-02-21T14:04:30","guid":{"rendered":"https:\/\/www.autonvaraosahaku.fi\/?product=meyle-31-28-228-0001-termostaatti"},"modified":"2021-02-21T14:04:30","modified_gmt":"2021-02-21T14:04:30","slug":"meyle-31-28-228-0001-termostaatti","status":"publish","type":"product","link":"https:\/\/www.autonvaraosahaku.fi\/?product=meyle-31-28-228-0001-termostaatti","title":{"rendered":"MEYLE 31-28 228 0001 Termostaatti"},"content":{"rendered":"<p>Avausl\u00e4mp\u00f6tila [\u00b0C]: 78; Lis\u00e4tarvike\/lis\u00e4tieto: Tiivisteill\u00e4; lis\u00e4tieto: ORIGINAL Quality; HONDA: CIVIC VII Hatchback EU, EP, EV,CIVIC VI Hatchback EJ, EK,FR-V BE,CIVIC VI Fastback MA, MB,CRX III EH, EG,LOGO GA3,CIVIC VI Aerodeck MB, MC,STREAM RN,CR-V I RD,HR-V GH,CRX II ED, EE,CIVIC V Hatchback EG,CIVIC VII Coupe EM2,CIVIC IV Hatchback EC, ED, EE,ACCORD V CE, CF,CIVIC VI Stufenheck EJ, EK,PRELUDE IV BB,CIVIC VI Coupe EJ, EM1,SHUTTLE RA,CIVIC V Coupe EJ,CIVIC VII Stufenheck ES,ACCORD IV CB,CIVIC V Stufenheck EG, EH,ACCORD V Aerodeck CE,ACCORD V CC, CD,ACCORD V Coupe CD,CONCERTO HW,CIVIC IV Stufenheck ED,ACCORD IV Aerodeck CB,CONCERTO Stufenheck HWW,ACCORD IV Coupe CB, CC,CIVIC II Shuttle EE,JAZZ IV GK,CIVIC X Stufenheck FC_; 19300PM3003, 19300PM3004, 19300PR3003, 19300PT0000, 19300PT0003, 19300PT0004, 19301P08000, 19301P08305, 19301P08306, 19301P08315, 19301P08316, 19301P10307, 19301P1K307, 19301PAA305, 19301PAA306, 19301PDAE01, 19301PLC305; Termostaatti, J\u00e4\u00e4hdytysneste<\/p>\n","protected":false},"excerpt":{"rendered":"<p>MEYLE Termostaatti 31-28 228 0001 Termostaatti, J\u00e4\u00e4hdytysneste HONDA,CIVIC VII Hatchback EU, EP, EV,CIVIC VI Hatchback EJ, EK,FR-V BE<\/p>\n","protected":false},"featured_media":0,"template":"","meta":{"site-sidebar-layout":"default","site-content-layout":"default","ast-global-header-display":"","ast-main-header-display":"","ast-hfb-above-header-display":"","ast-hfb-below-header-display":"","ast-hfb-mobile-header-display":"","site-post-title":"","ast-breadcrumbs-content":"","ast-featured-img":"","footer-sml-layout":"","theme-transparent-header-meta":"","adv-header-id-meta":"","stick-header-meta":"","header-above-stick-meta":"","header-main-stick-meta":"","header-below-stick-meta":""},"pwb-brand":[84],"product_cat":[174],"product_tag":[],"class_list":{"0":"post-8942","1":"product","2":"type-product","3":"status-publish","5":"pwb-brand-meyle","6":"product_cat-termostaatti","7":"desktop-align-left","8":"tablet-align-left","9":"mobile-align-left","11":"first","12":"instock","13":"product-type-external"},"brands":[{"id":84,"name":"MEYLE","slug":"meyle"}],"_links":{"self":[{"href":"https:\/\/www.autonvaraosahaku.fi\/index.php?rest_route=\/wp\/v2\/product\/8942","targetHints":{"allow":["GET"]}}],"collection":[{"href":"https:\/\/www.autonvaraosahaku.fi\/index.php?rest_route=\/wp\/v2\/product"}],"about":[{"href":"https:\/\/www.autonvaraosahaku.fi\/index.php?rest_route=\/wp\/v2\/types\/product"}],"wp:attachment":[{"href":"https:\/\/www.autonvaraosahaku.fi\/index.php?rest_route=%2Fwp%2Fv2%2Fmedia&parent=8942"}],"wp:term":[{"taxonomy":"pwb-brand","embeddable":true,"href":"https:\/\/www.autonvaraosahaku.fi\/index.php?rest_route=%2Fwp%2Fv2%2Fpwb-brand&post=8942"},{"taxonomy":"product_cat","embeddable":true,"href":"https:\/\/www.autonvaraosahaku.fi\/index.php?rest_route=%2Fwp%2Fv2%2Fproduct_cat&post=8942"},{"taxonomy":"product_tag","embeddable":true,"href":"https:\/\/www.autonvaraosahaku.fi\/index.php?rest_route=%2Fwp%2Fv2%2Fproduct_tag&post=8942"}],"curies":[{"name":"wp","href":"https:\/\/api.w.org\/{rel}","templated":true}]}}