{"id":89428,"date":"2021-02-21T21:11:42","date_gmt":"2021-02-21T21:11:42","guid":{"rendered":"https:\/\/www.autonvaraosahaku.fi\/?product=reinz-81-38533-00-kampiakselin-tiiviste"},"modified":"2021-02-21T21:11:53","modified_gmt":"2021-02-21T21:11:53","slug":"reinz-81-38533-00-kampiakselin-tiiviste","status":"publish","type":"product","link":"https:\/\/www.autonvaraosahaku.fi\/?product=reinz-81-38533-00-kampiakselin-tiiviste","title":{"rendered":"REINZ 81-38533-00 Kampiakselin tiiviste"},"content":{"rendered":"<p>Materiaali: PTFE (polytetrafluorietyleeni)\/ACM (polyakryyli-kumi); Sis\u00e4l\u00e4pimitta [mm]: 42; Ulkol\u00e4pimitta [mm]: 66; Leveys (mm): 7; Akselitiivisteen malli: A SL; Rihlamalli: Oikea kierre; Asennuspuoli: stirnseitig; CITRO\u00cbN: C2 JM_,C3 I FC_,BERLINGO B9,C4 I LC_,SAXO S0, S1,C3 Picasso,C3 II,C4 Coupe LA_,C3 Pluriel HB_,BERLINGO Kasten B9,NEMO Kasten AA_,NEMO Kombi,C2 ENTERPRISE,C-ELYSEE,C4 CACTUS,C3 III SX,C4 Stufenheck N; PEUGEOT: 206 Schr\u00e4gheck 2A\/C,207 WA_, WC_,307 SW 3H,307 3A\/C,207 SW WK_,206 SW 2E\/K,208,206+ T3E,307 Break 3E,306 Schr\u00e4gheck 7A, 7C, N3, N5,306 Cabriolet 7D, N3, N5,1007 KM_,2008,306 Break 7E, N3, N5,306 7B, N3, N5,207 Stufenheck,206 Stufenheck,BIPPER AA_,308 II,BIPPER Tepee,301,308 SW II,207 Van,408; 0514A3, 0514A3; Akselitiiviste, Kampiakseli<\/p>\n","protected":false},"excerpt":{"rendered":"<p>REINZ Kampiakselin Tiiviste 81-38533-00 Akselitiiviste, Kampiakseli CITRO\u00cbN,PEUGEOT,C2 JM_,C3 I FC_,BERLINGO B9,C4 I LC_,SAXO S0, S1,C3 Picasso,C3 II<\/p>\n","protected":false},"featured_media":0,"template":"","meta":{"site-sidebar-layout":"default","site-content-layout":"default","ast-global-header-display":"","ast-main-header-display":"","ast-hfb-above-header-display":"","ast-hfb-below-header-display":"","ast-hfb-mobile-header-display":"","site-post-title":"","ast-breadcrumbs-content":"","ast-featured-img":"","footer-sml-layout":"","theme-transparent-header-meta":"","adv-header-id-meta":"","stick-header-meta":"","header-above-stick-meta":"","header-main-stick-meta":"","header-below-stick-meta":""},"pwb-brand":[138],"product_cat":[88],"product_tag":[],"class_list":{"0":"post-89428","1":"product","2":"type-product","3":"status-publish","5":"pwb-brand-reinz","6":"product_cat-kampiakselin-tiiviste","7":"desktop-align-left","8":"tablet-align-left","9":"mobile-align-left","11":"first","12":"instock","13":"product-type-external"},"brands":[{"id":138,"name":"REINZ","slug":"reinz"}],"_links":{"self":[{"href":"https:\/\/www.autonvaraosahaku.fi\/index.php?rest_route=\/wp\/v2\/product\/89428","targetHints":{"allow":["GET"]}}],"collection":[{"href":"https:\/\/www.autonvaraosahaku.fi\/index.php?rest_route=\/wp\/v2\/product"}],"about":[{"href":"https:\/\/www.autonvaraosahaku.fi\/index.php?rest_route=\/wp\/v2\/types\/product"}],"wp:attachment":[{"href":"https:\/\/www.autonvaraosahaku.fi\/index.php?rest_route=%2Fwp%2Fv2%2Fmedia&parent=89428"}],"wp:term":[{"taxonomy":"pwb-brand","embeddable":true,"href":"https:\/\/www.autonvaraosahaku.fi\/index.php?rest_route=%2Fwp%2Fv2%2Fpwb-brand&post=89428"},{"taxonomy":"product_cat","embeddable":true,"href":"https:\/\/www.autonvaraosahaku.fi\/index.php?rest_route=%2Fwp%2Fv2%2Fproduct_cat&post=89428"},{"taxonomy":"product_tag","embeddable":true,"href":"https:\/\/www.autonvaraosahaku.fi\/index.php?rest_route=%2Fwp%2Fv2%2Fproduct_tag&post=89428"}],"curies":[{"name":"wp","href":"https:\/\/api.w.org\/{rel}","templated":true}]}}