{"id":89449,"date":"2021-02-21T21:11:56","date_gmt":"2021-02-21T21:11:56","guid":{"rendered":"https:\/\/www.autonvaraosahaku.fi\/?product=fa1-791-943-pakosarjan-tiivisteet"},"modified":"2021-02-21T21:12:06","modified_gmt":"2021-02-21T21:12:06","slug":"fa1-791-943-pakosarjan-tiivisteet","status":"publish","type":"product","link":"https:\/\/www.autonvaraosahaku.fi\/?product=fa1-791-943-pakosarjan-tiivisteet","title":{"rendered":"FA1 791-943 Pakosarjan tiivisteet"},"content":{"rendered":"<p>Sis\u00e4l\u00e4pimitta [mm]: 43,6; Ulkol\u00e4pimitta [mm]: 51; Korkeus (mm): 4; Asennuspuoli: Eingang; MAZDA: 121 II DB; DAEWOO: MATIZ KLYA; NISSAN: MICRA III K12,ALMERA TINO V10,ALMERA II Hatchback N16,PRIMERA P11,PRIMERA Traveller WP11,PRIMERA Hatchback P11,TIIDA Schr\u00e4gheck,ALMERA I Hatchback N15,ALMERA Mk II N16,ALMERA I N15,100 NX B13,SERENA C23M,PRIMERA P10,TIIDA Stufenheck SC11X,SUNNY II Coupe B12,SUNNY III N14,PULSAR V Schr\u00e4gheck N14,SUNNY III Liftback N14,PRIMERA Hatchback P10,PRIMERA Traveller W10,SUNNY II Hatchback N13,SUNNY III Traveller Y10,VANETTE CARGO Kasten HC 23,VANETTE CARGO Bus HC 23,SUNNY II N13,SUNNY Kasten Y10,SUNNY II Traveller B12,VANETTE Kasten C22,URVAN Bus E24; SUZUKI: WAGON R+ MM,SPLASH,SWIFT II Schr\u00e4gheck EA, MA,ALTO HA24,WAGON R+ EM,KIZASHI FR,ALTO HA11; OPEL: AGILA B H08; SUBARU: JUSTY II JMA, MS; 96317836, 96560192, 18302SB2000, 18302SB2S00, B34540305, B34540305A, 2069177A00, 206919C000, 1418260B00, 1418278110, 1418282000, 1418260B00, 1418260B00000, 1418278110, 1418278110000, 1418282000, 1418282000000<\/p>\n","protected":false},"excerpt":{"rendered":"<p>FA1 Tiivisterengas, Pakoputki 791-943  MAZDA,DAEWOO,NISSAN,121 II DB,MATIZ KLYA,MICRA III K12,ALMERA TINO V10,ALMERA II Hatchback N16,PRIMERA P11<\/p>\n","protected":false},"featured_media":0,"template":"","meta":{"site-sidebar-layout":"default","site-content-layout":"default","ast-global-header-display":"","ast-main-header-display":"","ast-hfb-above-header-display":"","ast-hfb-below-header-display":"","ast-hfb-mobile-header-display":"","site-post-title":"","ast-breadcrumbs-content":"","ast-featured-img":"","footer-sml-layout":"","theme-transparent-header-meta":"","adv-header-id-meta":"","stick-header-meta":"","header-above-stick-meta":"","header-main-stick-meta":"","header-below-stick-meta":""},"pwb-brand":[39],"product_cat":[123],"product_tag":[],"class_list":{"0":"post-89449","1":"product","2":"type-product","3":"status-publish","5":"pwb-brand-fa1","6":"product_cat-pakosarjan-tiivisteet","7":"desktop-align-left","8":"tablet-align-left","9":"mobile-align-left","11":"first","12":"instock","13":"product-type-external"},"brands":[{"id":39,"name":"FA1","slug":"fa1"}],"_links":{"self":[{"href":"https:\/\/www.autonvaraosahaku.fi\/index.php?rest_route=\/wp\/v2\/product\/89449","targetHints":{"allow":["GET"]}}],"collection":[{"href":"https:\/\/www.autonvaraosahaku.fi\/index.php?rest_route=\/wp\/v2\/product"}],"about":[{"href":"https:\/\/www.autonvaraosahaku.fi\/index.php?rest_route=\/wp\/v2\/types\/product"}],"wp:attachment":[{"href":"https:\/\/www.autonvaraosahaku.fi\/index.php?rest_route=%2Fwp%2Fv2%2Fmedia&parent=89449"}],"wp:term":[{"taxonomy":"pwb-brand","embeddable":true,"href":"https:\/\/www.autonvaraosahaku.fi\/index.php?rest_route=%2Fwp%2Fv2%2Fpwb-brand&post=89449"},{"taxonomy":"product_cat","embeddable":true,"href":"https:\/\/www.autonvaraosahaku.fi\/index.php?rest_route=%2Fwp%2Fv2%2Fproduct_cat&post=89449"},{"taxonomy":"product_tag","embeddable":true,"href":"https:\/\/www.autonvaraosahaku.fi\/index.php?rest_route=%2Fwp%2Fv2%2Fproduct_tag&post=89449"}],"curies":[{"name":"wp","href":"https:\/\/api.w.org\/{rel}","templated":true}]}}