{"id":89471,"date":"2021-02-21T21:12:22","date_gmt":"2021-02-21T21:12:22","guid":{"rendered":"https:\/\/www.autonvaraosahaku.fi\/?product=valeo-696344-jaahdyttimen-tuuletin"},"modified":"2021-02-21T21:12:23","modified_gmt":"2021-02-21T21:12:23","slug":"valeo-696344-jaahdyttimen-tuuletin","status":"publish","type":"product","link":"https:\/\/www.autonvaraosahaku.fi\/?product=valeo-696344-jaahdyttimen-tuuletin","title":{"rendered":"VALEO 696344 J\u00e4\u00e4hdyttimen tuuletin"},"content":{"rendered":"<p>Lis\u00e4tarvike\/lis\u00e4tieto: Pidikkeell\u00e4; Paino [kg]: 3,17; Valmistusvuosi alkaen: 07\/2011; FORD: FIESTA VI,B-MAX JK,FIESTA VI Van; 1525891, 1541276, 1557572, 1843120, 2145093, 8V518C607AF, 8V518C607AG; Tuuletin, Moottorin J\u00e4\u00e4hdytys<\/p>\n","protected":false},"excerpt":{"rendered":"<p>VALEO J\u00e4\u00e4hdyttimen Tuuletin 696344 Tuuletin, Moottorin J\u00e4\u00e4hdytys FORD,FIESTA VI,B-MAX JK,FIESTA VI Van<\/p>\n","protected":false},"featured_media":0,"template":"","meta":{"site-sidebar-layout":"default","site-content-layout":"default","ast-global-header-display":"","ast-main-header-display":"","ast-hfb-above-header-display":"","ast-hfb-below-header-display":"","ast-hfb-mobile-header-display":"","site-post-title":"","ast-breadcrumbs-content":"","ast-featured-img":"","footer-sml-layout":"","theme-transparent-header-meta":"","adv-header-id-meta":"","stick-header-meta":"","header-above-stick-meta":"","header-main-stick-meta":"","header-below-stick-meta":""},"pwb-brand":[28],"product_cat":[313],"product_tag":[],"class_list":{"0":"post-89471","1":"product","2":"type-product","3":"status-publish","5":"pwb-brand-valeo","6":"product_cat-jaahdyttimen-tuuletin","7":"desktop-align-left","8":"tablet-align-left","9":"mobile-align-left","11":"first","12":"instock","13":"product-type-external"},"brands":[{"id":28,"name":"VALEO","slug":"valeo"}],"_links":{"self":[{"href":"https:\/\/www.autonvaraosahaku.fi\/index.php?rest_route=\/wp\/v2\/product\/89471","targetHints":{"allow":["GET"]}}],"collection":[{"href":"https:\/\/www.autonvaraosahaku.fi\/index.php?rest_route=\/wp\/v2\/product"}],"about":[{"href":"https:\/\/www.autonvaraosahaku.fi\/index.php?rest_route=\/wp\/v2\/types\/product"}],"wp:attachment":[{"href":"https:\/\/www.autonvaraosahaku.fi\/index.php?rest_route=%2Fwp%2Fv2%2Fmedia&parent=89471"}],"wp:term":[{"taxonomy":"pwb-brand","embeddable":true,"href":"https:\/\/www.autonvaraosahaku.fi\/index.php?rest_route=%2Fwp%2Fv2%2Fpwb-brand&post=89471"},{"taxonomy":"product_cat","embeddable":true,"href":"https:\/\/www.autonvaraosahaku.fi\/index.php?rest_route=%2Fwp%2Fv2%2Fproduct_cat&post=89471"},{"taxonomy":"product_tag","embeddable":true,"href":"https:\/\/www.autonvaraosahaku.fi\/index.php?rest_route=%2Fwp%2Fv2%2Fproduct_tag&post=89471"}],"curies":[{"name":"wp","href":"https:\/\/api.w.org\/{rel}","templated":true}]}}