{"id":8948,"date":"2021-02-21T14:04:30","date_gmt":"2021-02-21T14:04:30","guid":{"rendered":"https:\/\/www.autonvaraosahaku.fi\/?product=master-sport-13046028312n-set-ms-jarrupalat"},"modified":"2021-02-21T14:04:31","modified_gmt":"2021-02-21T14:04:31","slug":"master-sport-13046028312n-set-ms-jarrupalat","status":"publish","type":"product","link":"https:\/\/www.autonvaraosahaku.fi\/?product=master-sport-13046028312n-set-ms-jarrupalat","title":{"rendered":"MASTER-SPORT 13046028312N-SET-MS Jarrupalat"},"content":{"rendered":"<p>Paksuus [mm]: 15,2; Jarruj\u00e4rjestelm\u00e4: Lucas \/ TRW; Leveys (mm): 87,0; Korkeus (mm): 47,0; Kulumisvaroittimia [pro Achse]: 2; Ruuvien m\u00e4\u00e4r\u00e4: 4; Kulumisenilmaisimen liitos: akustisella kulumavaroittimella; Korvaava tuote\/korvaava tiedote 2: Huudonvaimennuspellill\u00e4; Nettopaino [kg]: 0,76; Bruttopaino [kg]: 0,8; Asennuspuoli: Hinterachse; VOLVO: V40 Kombi VW,S40 I VS; MITSUBISHI: COLT VI Z3_A, Z2_A,SPACE STAR DG_A,CARISMA DA_,COLT CZC Cabriolet RG,CARISMA Stufenheck DA_; M620770, M850978, MW30620770, MZ690345, X3516005, 30620770, 30623264, 30850978, 3345678; Jarrupalasarja,Jarrupala, Levyjarru<\/p>\n","protected":false},"excerpt":{"rendered":"<p>MASTER-SPORT Jarrupalat Premium 13046028312N-SET-MS Jarrupalasarja,Jarrupala, Levyjarru VOLVO,MITSUBISHI,V40 Kombi VW,S40 I VS,COLT VI Z3_A, Z2_A<\/p>\n","protected":false},"featured_media":0,"template":"","meta":{"site-sidebar-layout":"default","site-content-layout":"default","ast-global-header-display":"","ast-main-header-display":"","ast-hfb-above-header-display":"","ast-hfb-below-header-display":"","ast-hfb-mobile-header-display":"","site-post-title":"","ast-breadcrumbs-content":"","ast-featured-img":"","footer-sml-layout":"","theme-transparent-header-meta":"","adv-header-id-meta":"","stick-header-meta":"","header-above-stick-meta":"","header-main-stick-meta":"","header-below-stick-meta":""},"pwb-brand":[61],"product_cat":[100],"product_tag":[],"class_list":{"0":"post-8948","1":"product","2":"type-product","3":"status-publish","5":"pwb-brand-master-sport","6":"product_cat-jarrupalat","7":"desktop-align-left","8":"tablet-align-left","9":"mobile-align-left","11":"first","12":"instock","13":"product-type-external"},"brands":[{"id":61,"name":"MASTER-SPORT","slug":"master-sport"}],"_links":{"self":[{"href":"https:\/\/www.autonvaraosahaku.fi\/index.php?rest_route=\/wp\/v2\/product\/8948","targetHints":{"allow":["GET"]}}],"collection":[{"href":"https:\/\/www.autonvaraosahaku.fi\/index.php?rest_route=\/wp\/v2\/product"}],"about":[{"href":"https:\/\/www.autonvaraosahaku.fi\/index.php?rest_route=\/wp\/v2\/types\/product"}],"wp:attachment":[{"href":"https:\/\/www.autonvaraosahaku.fi\/index.php?rest_route=%2Fwp%2Fv2%2Fmedia&parent=8948"}],"wp:term":[{"taxonomy":"pwb-brand","embeddable":true,"href":"https:\/\/www.autonvaraosahaku.fi\/index.php?rest_route=%2Fwp%2Fv2%2Fpwb-brand&post=8948"},{"taxonomy":"product_cat","embeddable":true,"href":"https:\/\/www.autonvaraosahaku.fi\/index.php?rest_route=%2Fwp%2Fv2%2Fproduct_cat&post=8948"},{"taxonomy":"product_tag","embeddable":true,"href":"https:\/\/www.autonvaraosahaku.fi\/index.php?rest_route=%2Fwp%2Fv2%2Fproduct_tag&post=8948"}],"curies":[{"name":"wp","href":"https:\/\/api.w.org\/{rel}","templated":true}]}}