{"id":89519,"date":"2021-02-21T21:12:47","date_gmt":"2021-02-21T21:12:47","guid":{"rendered":"https:\/\/www.autonvaraosahaku.fi\/?product=reinz-02-35435-02-kannentiiviste"},"modified":"2021-02-21T21:12:53","modified_gmt":"2021-02-21T21:12:53","slug":"reinz-02-35435-02-kannentiiviste","status":"publish","type":"product","link":"https:\/\/www.autonvaraosahaku.fi\/?product=reinz-02-35435-02-kannentiiviste","title":{"rendered":"REINZ 02-35435-02 Kannentiiviste"},"content":{"rendered":"<p>Lis\u00e4tarvike\/lis\u00e4tieto: Venttiilivarren tiivisteell\u00e4; Vain jnk. yhteydess\u00e4: 14-32207-01; Venttiilikotelon valmistusaine: Kunststoff; FORD: FIESTA V JH_, JD_,MONDEO III Kombi BWY,FOCUS II Kombi DA_,MONDEO IV Turnier BA7,FOCUS II DA_,S-MAX WA6,FOCUS C-MAX,GALAXY WA6,MONDEO III B5Y,C-MAX DM2,MAVERICK,TRANSIT MK-7 Kasten,MONDEO IV BA7,MONDEO III Stufenheck B4Y,FOCUS II Stufenheck DA_,FOCUS II Cabriolet,TRANSIT MK-7 Pritsche\/Fahrgestell,MONDEO IV Stufenheck BA7; MAZDA: 5 CR19,3 BK,6 Station Wagon GY,6 Hatchback GG,6 GG,TRIBUTE EP,3 Stufenheck BK,MPV II LW<\/p>\n","protected":false},"excerpt":{"rendered":"<p>REINZ Tiivistesarja Sylinterikansi 02-35435-02  FORD,MAZDA,FIESTA V JH_, JD_,MONDEO III Kombi BWY,FOCUS II Kombi DA_,MONDEO IV Turnier BA7<\/p>\n","protected":false},"featured_media":0,"template":"","meta":{"site-sidebar-layout":"default","site-content-layout":"default","ast-global-header-display":"","ast-main-header-display":"","ast-hfb-above-header-display":"","ast-hfb-below-header-display":"","ast-hfb-mobile-header-display":"","site-post-title":"","ast-breadcrumbs-content":"","ast-featured-img":"","footer-sml-layout":"","theme-transparent-header-meta":"","adv-header-id-meta":"","stick-header-meta":"","header-above-stick-meta":"","header-main-stick-meta":"","header-below-stick-meta":""},"pwb-brand":[138],"product_cat":[230],"product_tag":[],"class_list":{"0":"post-89519","1":"product","2":"type-product","3":"status-publish","5":"pwb-brand-reinz","6":"product_cat-kannentiiviste","7":"desktop-align-left","8":"tablet-align-left","9":"mobile-align-left","11":"first","12":"instock","13":"product-type-external"},"brands":[{"id":138,"name":"REINZ","slug":"reinz"}],"_links":{"self":[{"href":"https:\/\/www.autonvaraosahaku.fi\/index.php?rest_route=\/wp\/v2\/product\/89519","targetHints":{"allow":["GET"]}}],"collection":[{"href":"https:\/\/www.autonvaraosahaku.fi\/index.php?rest_route=\/wp\/v2\/product"}],"about":[{"href":"https:\/\/www.autonvaraosahaku.fi\/index.php?rest_route=\/wp\/v2\/types\/product"}],"wp:attachment":[{"href":"https:\/\/www.autonvaraosahaku.fi\/index.php?rest_route=%2Fwp%2Fv2%2Fmedia&parent=89519"}],"wp:term":[{"taxonomy":"pwb-brand","embeddable":true,"href":"https:\/\/www.autonvaraosahaku.fi\/index.php?rest_route=%2Fwp%2Fv2%2Fpwb-brand&post=89519"},{"taxonomy":"product_cat","embeddable":true,"href":"https:\/\/www.autonvaraosahaku.fi\/index.php?rest_route=%2Fwp%2Fv2%2Fproduct_cat&post=89519"},{"taxonomy":"product_tag","embeddable":true,"href":"https:\/\/www.autonvaraosahaku.fi\/index.php?rest_route=%2Fwp%2Fv2%2Fproduct_tag&post=89519"}],"curies":[{"name":"wp","href":"https:\/\/api.w.org\/{rel}","templated":true}]}}