{"id":89530,"date":"2021-02-21T21:13:00","date_gmt":"2021-02-21T21:13:00","guid":{"rendered":"https:\/\/www.autonvaraosahaku.fi\/?product=abe-c40321abe-jarrulevyt"},"modified":"2021-02-21T21:13:01","modified_gmt":"2021-02-21T21:13:01","slug":"abe-c40321abe-jarrulevyt","status":"publish","type":"product","link":"https:\/\/www.autonvaraosahaku.fi\/?product=abe-c40321abe-jarrulevyt","title":{"rendered":"ABE C40321ABE Jarrulevyt"},"content":{"rendered":"<p>L\u00e4pimitta [mm]: 262; Korkeus (mm): 44,2; Jarrulevyn paksuus (mm): 10; V\u00e4himm\u00e4ispaksuus (mm): 8; Reikien m\u00e4\u00e4r\u00e4: 4; keskitt\u00e4misl\u00e4pimitta [mm]: 62,3; Asennuspuoli: Taka-akseli; Jarrulevytyyppi: Vakiomalli; Ulkol\u00e4pimitta [mm]: 262; KIA: RIO III UB,RIO IV YB,STONIC YB; HYUNDAI: ACCENT IV RB,i20 GB,i20 ACTIVE GB,i20 Coupe; 584110U300; Jarrulevy<\/p>\n","protected":false},"excerpt":{"rendered":"<p>ABE Jarrulevyt C40321ABE Jarrulevy KIA,HYUNDAI,RIO III UB,RIO IV YB,STONIC YB,ACCENT IV RB,i20 GB,i20 ACTIVE GB,i20 Coupe<\/p>\n","protected":false},"featured_media":0,"template":"","meta":{"site-sidebar-layout":"default","site-content-layout":"default","ast-global-header-display":"","ast-main-header-display":"","ast-hfb-above-header-display":"","ast-hfb-below-header-display":"","ast-hfb-mobile-header-display":"","site-post-title":"","ast-breadcrumbs-content":"","ast-featured-img":"","footer-sml-layout":"","theme-transparent-header-meta":"","adv-header-id-meta":"","stick-header-meta":"","header-above-stick-meta":"","header-main-stick-meta":"","header-below-stick-meta":""},"pwb-brand":[432],"product_cat":[66],"product_tag":[],"class_list":{"0":"post-89530","1":"product","2":"type-product","3":"status-publish","5":"pwb-brand-abe","6":"product_cat-jarrulevyt","7":"desktop-align-left","8":"tablet-align-left","9":"mobile-align-left","11":"first","12":"instock","13":"product-type-external"},"brands":[{"id":432,"name":"ABE","slug":"abe"}],"_links":{"self":[{"href":"https:\/\/www.autonvaraosahaku.fi\/index.php?rest_route=\/wp\/v2\/product\/89530","targetHints":{"allow":["GET"]}}],"collection":[{"href":"https:\/\/www.autonvaraosahaku.fi\/index.php?rest_route=\/wp\/v2\/product"}],"about":[{"href":"https:\/\/www.autonvaraosahaku.fi\/index.php?rest_route=\/wp\/v2\/types\/product"}],"wp:attachment":[{"href":"https:\/\/www.autonvaraosahaku.fi\/index.php?rest_route=%2Fwp%2Fv2%2Fmedia&parent=89530"}],"wp:term":[{"taxonomy":"pwb-brand","embeddable":true,"href":"https:\/\/www.autonvaraosahaku.fi\/index.php?rest_route=%2Fwp%2Fv2%2Fpwb-brand&post=89530"},{"taxonomy":"product_cat","embeddable":true,"href":"https:\/\/www.autonvaraosahaku.fi\/index.php?rest_route=%2Fwp%2Fv2%2Fproduct_cat&post=89530"},{"taxonomy":"product_tag","embeddable":true,"href":"https:\/\/www.autonvaraosahaku.fi\/index.php?rest_route=%2Fwp%2Fv2%2Fproduct_tag&post=89530"}],"curies":[{"name":"wp","href":"https:\/\/api.w.org\/{rel}","templated":true}]}}