{"id":89541,"date":"2021-02-21T21:13:00","date_gmt":"2021-02-21T21:13:00","guid":{"rendered":"https:\/\/www.autonvaraosahaku.fi\/?product=valeo-810080-painelaakeri"},"modified":"2021-02-21T21:13:08","modified_gmt":"2021-02-21T21:13:08","slug":"valeo-810080-painelaakeri","status":"publish","type":"product","link":"https:\/\/www.autonvaraosahaku.fi\/?product=valeo-810080-painelaakeri","title":{"rendered":"VALEO 810080 Painelaakeri"},"content":{"rendered":"<p>Reik\u00e4-\u00d8 [mm]: 32; Kiinnitysreikien m\u00e4\u00e4r\u00e4 irroitinmekanismissa: 3; Paino [kg]: 0,55; Valmistusvuosi alkaen: 11\/2011; MAZDA: 3 BK,3 BL,3 Stufenheck BK,3 Stufenheck BL; VOLVO: V50 MW,C30,S40 II MS; FORD: FOCUS II Kombi DA_,MONDEO IV Turnier BA7,FOCUS II DA_,S-MAX WA6,FOCUS III Turnier,FOCUS C-MAX,GALAXY WA6,C-MAX DM2,FOCUS III,MONDEO IV BA7,TRANSIT CONNECT P65_, P70_, P80_,FOCUS II Stufenheck DA_,FOCUS II Cabriolet,TOURNEO CONNECT,FOCUS III Stufenheck,MONDEO IV Stufenheck BA7,TOURNEO CONNECT \/ GRAND TOURNEO CONNECT Kombi,TRANSIT CONNECT Kasten,TRANSIT CONNECT Kombi; 1226832, 1232035, 1352356, 1418659, 1472108, 1590999, 3M517A564BC, 3M517A564BD, 3M517A564BE, 3M517A564BF, 3M517A564BG, 3M517A564BH, JC0116530, JC0116530A, JC0116530B, JC0116530C, JC0116530D, 30735518, 30759458, 30787871, 30787872, 31272725, 8689498<\/p>\n","protected":false},"excerpt":{"rendered":"<p>VALEO Irroitusmekanismi Kytkin 810080  MAZDA,VOLVO,FORD,3 BK,3 BL,3 Stufenheck BK,3 Stufenheck BL,V50 MW,C30,S40 II MS,FOCUS II Kombi DA_<\/p>\n","protected":false},"featured_media":0,"template":"","meta":{"site-sidebar-layout":"default","site-content-layout":"default","ast-global-header-display":"","ast-main-header-display":"","ast-hfb-above-header-display":"","ast-hfb-below-header-display":"","ast-hfb-mobile-header-display":"","site-post-title":"","ast-breadcrumbs-content":"","ast-featured-img":"","footer-sml-layout":"","theme-transparent-header-meta":"","adv-header-id-meta":"","stick-header-meta":"","header-above-stick-meta":"","header-main-stick-meta":"","header-below-stick-meta":""},"pwb-brand":[28],"product_cat":[223],"product_tag":[],"class_list":{"0":"post-89541","1":"product","2":"type-product","3":"status-publish","5":"pwb-brand-valeo","6":"product_cat-painelaakeri","7":"desktop-align-left","8":"tablet-align-left","9":"mobile-align-left","11":"first","12":"instock","13":"product-type-external"},"brands":[{"id":28,"name":"VALEO","slug":"valeo"}],"_links":{"self":[{"href":"https:\/\/www.autonvaraosahaku.fi\/index.php?rest_route=\/wp\/v2\/product\/89541","targetHints":{"allow":["GET"]}}],"collection":[{"href":"https:\/\/www.autonvaraosahaku.fi\/index.php?rest_route=\/wp\/v2\/product"}],"about":[{"href":"https:\/\/www.autonvaraosahaku.fi\/index.php?rest_route=\/wp\/v2\/types\/product"}],"wp:attachment":[{"href":"https:\/\/www.autonvaraosahaku.fi\/index.php?rest_route=%2Fwp%2Fv2%2Fmedia&parent=89541"}],"wp:term":[{"taxonomy":"pwb-brand","embeddable":true,"href":"https:\/\/www.autonvaraosahaku.fi\/index.php?rest_route=%2Fwp%2Fv2%2Fpwb-brand&post=89541"},{"taxonomy":"product_cat","embeddable":true,"href":"https:\/\/www.autonvaraosahaku.fi\/index.php?rest_route=%2Fwp%2Fv2%2Fproduct_cat&post=89541"},{"taxonomy":"product_tag","embeddable":true,"href":"https:\/\/www.autonvaraosahaku.fi\/index.php?rest_route=%2Fwp%2Fv2%2Fproduct_tag&post=89541"}],"curies":[{"name":"wp","href":"https:\/\/api.w.org\/{rel}","templated":true}]}}