{"id":8955,"date":"2021-02-21T14:04:30","date_gmt":"2021-02-21T14:04:30","guid":{"rendered":"https:\/\/www.autonvaraosahaku.fi\/?product=master-sport-13676-set-ms-alatukivarsi"},"modified":"2021-02-21T14:04:32","modified_gmt":"2021-02-21T14:04:32","slug":"master-sport-13676-set-ms-alatukivarsi","status":"publish","type":"product","link":"https:\/\/www.autonvaraosahaku.fi\/?product=master-sport-13676-set-ms-alatukivarsi","title":{"rendered":"MASTER-SPORT 13676-SET-MS Alatukivarsi"},"content":{"rendered":"<p>Asennuspuoli: Etuakseli, Alla, Vasen, Takana; Ohjausmalli: Poikittaistukivarsi; Lis\u00e4tarvike\/lis\u00e4tieto: Tarvikkeilla; Korvaava tuote\/korvaava tiedote 2: Kumilaakerilla; Lukum\u00e4\u00e4r\u00e4 akselille: 1; parilliset tuotenumerot: 13677-SET-MS; Nettopaino [kg]: 1,98; Bruttopaino [kg]: 2,03; Alustanumeroon: 8H-6-905 000; VW: PASSAT Variant 3B6,PASSAT Variant 3B5,PASSAT 3B2,PASSAT 3B3; AUDI: A4 8D2, B5,A4 Avant 8ED, B7,A4 Avant 8E5, B6,A6 Avant 4B5, C5,A4 Avant 8D5, B5,A4 8E2, B6,A6 4B2, C5,A4 Cabriolet 8H7, B6, 8HE, B7,A8 4D2, 4D8; SKODA: SUPERB 3U4; 4D0407693AC, 4D0407693E, 4D0407693H, 4D0407693K, 4D0407693M, 4D0407693N, 8E0407693, 8E0407693AG, 8E0407693E, 8E0407693H, 8E0407693K, 8E0407693P, 8E0407693Q, 4D0407693AC, 4D0407693E, 4D0407693H, 4D0407693K, 4D0407693M, 4D0407693N, 8E0407693, 8E0407693AG, 8E0407693E, 8E0407693H, 8E0407693K, 8E0407693P, 8E0407693Q, 4D0407693AC, 4D0407693E, 4D0407693H, 4D0407693K, 4D0407693M, 4D0407693N, 8E0407693, 8E0407693AG, 8E0407693E, 8E0407693H, 8E0407693K, 8E0407693P, 8E0407693Q; Tukivarsi,Tukivarsi, Py\u00f6r\u00e4ntuenta<\/p>\n","protected":false},"excerpt":{"rendered":"<p>MASTER-SPORT Alatukivarsi 13676-SET-MS Tukivarsi,Tukivarsi, Py\u00f6r\u00e4ntuenta VW,AUDI,SKODA,PASSAT Variant 3B6,PASSAT Variant 3B5,PASSAT 3B2,PASSAT 3B3<\/p>\n","protected":false},"featured_media":0,"template":"","meta":{"site-sidebar-layout":"default","site-content-layout":"default","ast-global-header-display":"","ast-main-header-display":"","ast-hfb-above-header-display":"","ast-hfb-below-header-display":"","ast-hfb-mobile-header-display":"","site-post-title":"","ast-breadcrumbs-content":"","ast-featured-img":"","footer-sml-layout":"","theme-transparent-header-meta":"","adv-header-id-meta":"","stick-header-meta":"","header-above-stick-meta":"","header-main-stick-meta":"","header-below-stick-meta":""},"pwb-brand":[61],"product_cat":[62],"product_tag":[],"class_list":{"0":"post-8955","1":"product","2":"type-product","3":"status-publish","5":"pwb-brand-master-sport","6":"product_cat-alatukivarsi","7":"desktop-align-left","8":"tablet-align-left","9":"mobile-align-left","11":"first","12":"instock","13":"product-type-external"},"brands":[{"id":61,"name":"MASTER-SPORT","slug":"master-sport"}],"_links":{"self":[{"href":"https:\/\/www.autonvaraosahaku.fi\/index.php?rest_route=\/wp\/v2\/product\/8955","targetHints":{"allow":["GET"]}}],"collection":[{"href":"https:\/\/www.autonvaraosahaku.fi\/index.php?rest_route=\/wp\/v2\/product"}],"about":[{"href":"https:\/\/www.autonvaraosahaku.fi\/index.php?rest_route=\/wp\/v2\/types\/product"}],"wp:attachment":[{"href":"https:\/\/www.autonvaraosahaku.fi\/index.php?rest_route=%2Fwp%2Fv2%2Fmedia&parent=8955"}],"wp:term":[{"taxonomy":"pwb-brand","embeddable":true,"href":"https:\/\/www.autonvaraosahaku.fi\/index.php?rest_route=%2Fwp%2Fv2%2Fpwb-brand&post=8955"},{"taxonomy":"product_cat","embeddable":true,"href":"https:\/\/www.autonvaraosahaku.fi\/index.php?rest_route=%2Fwp%2Fv2%2Fproduct_cat&post=8955"},{"taxonomy":"product_tag","embeddable":true,"href":"https:\/\/www.autonvaraosahaku.fi\/index.php?rest_route=%2Fwp%2Fv2%2Fproduct_tag&post=8955"}],"curies":[{"name":"wp","href":"https:\/\/api.w.org\/{rel}","templated":true}]}}