{"id":89571,"date":"2021-02-21T21:13:28","date_gmt":"2021-02-21T21:13:28","guid":{"rendered":"https:\/\/www.autonvaraosahaku.fi\/?product=topran-115-408-jaahdytysnesteen-laippa"},"modified":"2021-02-21T21:13:29","modified_gmt":"2021-02-21T21:13:29","slug":"topran-115-408-jaahdytysnesteen-laippa","status":"publish","type":"product","link":"https:\/\/www.autonvaraosahaku.fi\/?product=topran-115-408-jaahdytysnesteen-laippa","title":{"rendered":"TOPRAN 115 408 J\u00e4\u00e4hdytysnesteen laippa"},"content":{"rendered":"<p>Sis\u00e4\u00e4n\/ulosmeno aukkojen lukum\u00e4\u00e4r\u00e4: 3; Materiaali: Lasikuitu-muovi, Polyamidi 6.6; Johtol\u00e4pimitalle [mm]: 20, 8; OE-numerolle: 1J0 121 087D; Moottorinumero: AEH; VW: GOLF IV 1J1,POLO 9N_,GOLF IV Variant 1J5,TRANSPORTER V Bus 7HB, 7HJ, 7EB, 7EJ, 7EF,BORA 1J2,TRANSPORTER V Kasten 7HA, 7HH, 7EA, 7EH,NEW BEETLE 9C1, 1C1,BORA Kombi 1J6,TRANSPORTER V Pritsche\/Fahrgestell 7JD, 7JE, 7JL, 7JY, 7JZ,; AUDI: A3 8L1,A2 8Z0; SKODA: OCTAVIA Combi 1U5,OCTAVIA 1U2; SEAT: IBIZA IV 6L1,LEON 1M1,TOLEDO II 1M2; 1J0121087D, 1J0121087D, 1J0121087D, 1J0121087D<\/p>\n","protected":false},"excerpt":{"rendered":"<p>TOPRAN J\u00e4\u00e4hdytysnesteen Laippa 115 408  VW,AUDI,SKODA,GOLF IV 1J1,POLO 9N_,GOLF IV Variant 1J5,TRANSPORTER V Bus 7HB, 7HJ, 7EB, 7EJ, 7EF,BORA 1J2<\/p>\n","protected":false},"featured_media":0,"template":"","meta":{"site-sidebar-layout":"default","site-content-layout":"default","ast-global-header-display":"","ast-main-header-display":"","ast-hfb-above-header-display":"","ast-hfb-below-header-display":"","ast-hfb-mobile-header-display":"","site-post-title":"","ast-breadcrumbs-content":"","ast-featured-img":"","footer-sml-layout":"","theme-transparent-header-meta":"","adv-header-id-meta":"","stick-header-meta":"","header-above-stick-meta":"","header-main-stick-meta":"","header-below-stick-meta":""},"pwb-brand":[18],"product_cat":[207],"product_tag":[],"class_list":{"0":"post-89571","1":"product","2":"type-product","3":"status-publish","5":"pwb-brand-topran","6":"product_cat-jaahdytysnesteen-laippa","7":"desktop-align-left","8":"tablet-align-left","9":"mobile-align-left","11":"first","12":"instock","13":"product-type-external"},"brands":[{"id":18,"name":"TOPRAN","slug":"topran"}],"_links":{"self":[{"href":"https:\/\/www.autonvaraosahaku.fi\/index.php?rest_route=\/wp\/v2\/product\/89571","targetHints":{"allow":["GET"]}}],"collection":[{"href":"https:\/\/www.autonvaraosahaku.fi\/index.php?rest_route=\/wp\/v2\/product"}],"about":[{"href":"https:\/\/www.autonvaraosahaku.fi\/index.php?rest_route=\/wp\/v2\/types\/product"}],"wp:attachment":[{"href":"https:\/\/www.autonvaraosahaku.fi\/index.php?rest_route=%2Fwp%2Fv2%2Fmedia&parent=89571"}],"wp:term":[{"taxonomy":"pwb-brand","embeddable":true,"href":"https:\/\/www.autonvaraosahaku.fi\/index.php?rest_route=%2Fwp%2Fv2%2Fpwb-brand&post=89571"},{"taxonomy":"product_cat","embeddable":true,"href":"https:\/\/www.autonvaraosahaku.fi\/index.php?rest_route=%2Fwp%2Fv2%2Fproduct_cat&post=89571"},{"taxonomy":"product_tag","embeddable":true,"href":"https:\/\/www.autonvaraosahaku.fi\/index.php?rest_route=%2Fwp%2Fv2%2Fproduct_tag&post=89571"}],"curies":[{"name":"wp","href":"https:\/\/api.w.org\/{rel}","templated":true}]}}