{"id":89587,"date":"2021-02-21T21:13:28","date_gmt":"2021-02-21T21:13:28","guid":{"rendered":"https:\/\/www.autonvaraosahaku.fi\/?product=autofren-seinsa-d8308-vetonivelen-suojakumi"},"modified":"2021-02-21T21:13:38","modified_gmt":"2021-02-21T21:13:38","slug":"autofren-seinsa-d8308-vetonivelen-suojakumi","status":"publish","type":"product","link":"https:\/\/www.autonvaraosahaku.fi\/?product=autofren-seinsa-d8308-vetonivelen-suojakumi","title":{"rendered":"AUTOFREN SEINSA D8308 Vetonivelen suojakumi"},"content":{"rendered":"<p>Sis\u00e4l\u00e4pimitta 1 [mm]: 19; Sis\u00e4l\u00e4pimitta 2 [mm]: 65; Korkeus (mm): 87; Asennuspuoli: getriebeseitig; SUZUKI: ALTO HA24,WAGON R+ EM,ALTO HA11,SUPER CARRY Bus ED,ALTO; HONDA: ACTY TN; TOYOTA: YARIS SCP1_, NLP1_, NCP1_; HYUNDAI: GETZ TB,ATOS MX; DAIHATSU: CUORE VI L7_,SIRION M1,YRV M2,TERIOS J1,CUORE IV L501,MOVE L6, L9,MOVE L6_,CHARADE III G100, G101, G102,CUORE III L201,CUORE II L80, L81,CUORE I L55, L60; 4344687209, 443887208, 443887212, 443887508, 443887509, 443887514, 443887515, 42017ST6003, 42018ST6013, 44315SD5003, 44315SJ7003, A00125530, A00125530A, A00725630, B00122540A, F01222540, G08122540, ZZS122530, ZZS322530, MB297518, 623207111, 4411870B10, 4411875F10, 4411969D01, 4411984201, 4411986041<\/p>\n","protected":false},"excerpt":{"rendered":"<p>AUTOFREN SEINSA Paljekumisarja, Vetoakseli D8308  SUZUKI,HONDA,TOYOTA,ALTO HA24,WAGON R+ EM,ALTO HA11,SUPER CARRY Bus ED,ALTO,ACTY TN<\/p>\n","protected":false},"featured_media":0,"template":"","meta":{"site-sidebar-layout":"default","site-content-layout":"default","ast-global-header-display":"","ast-main-header-display":"","ast-hfb-above-header-display":"","ast-hfb-below-header-display":"","ast-hfb-mobile-header-display":"","site-post-title":"","ast-breadcrumbs-content":"","ast-featured-img":"","footer-sml-layout":"","theme-transparent-header-meta":"","adv-header-id-meta":"","stick-header-meta":"","header-above-stick-meta":"","header-main-stick-meta":"","header-below-stick-meta":""},"pwb-brand":[243],"product_cat":[42],"product_tag":[],"class_list":{"0":"post-89587","1":"product","2":"type-product","3":"status-publish","5":"pwb-brand-autofren-seinsa","6":"product_cat-vetonivelen-suojakumi","7":"desktop-align-left","8":"tablet-align-left","9":"mobile-align-left","11":"first","12":"instock","13":"product-type-external"},"brands":[{"id":243,"name":"AUTOFREN SEINSA","slug":"autofren-seinsa"}],"_links":{"self":[{"href":"https:\/\/www.autonvaraosahaku.fi\/index.php?rest_route=\/wp\/v2\/product\/89587","targetHints":{"allow":["GET"]}}],"collection":[{"href":"https:\/\/www.autonvaraosahaku.fi\/index.php?rest_route=\/wp\/v2\/product"}],"about":[{"href":"https:\/\/www.autonvaraosahaku.fi\/index.php?rest_route=\/wp\/v2\/types\/product"}],"wp:attachment":[{"href":"https:\/\/www.autonvaraosahaku.fi\/index.php?rest_route=%2Fwp%2Fv2%2Fmedia&parent=89587"}],"wp:term":[{"taxonomy":"pwb-brand","embeddable":true,"href":"https:\/\/www.autonvaraosahaku.fi\/index.php?rest_route=%2Fwp%2Fv2%2Fpwb-brand&post=89587"},{"taxonomy":"product_cat","embeddable":true,"href":"https:\/\/www.autonvaraosahaku.fi\/index.php?rest_route=%2Fwp%2Fv2%2Fproduct_cat&post=89587"},{"taxonomy":"product_tag","embeddable":true,"href":"https:\/\/www.autonvaraosahaku.fi\/index.php?rest_route=%2Fwp%2Fv2%2Fproduct_tag&post=89587"}],"curies":[{"name":"wp","href":"https:\/\/api.w.org\/{rel}","templated":true}]}}