{"id":89614,"date":"2021-02-21T21:13:55","date_gmt":"2021-02-21T21:13:55","guid":{"rendered":"https:\/\/www.autonvaraosahaku.fi\/?product=skf-vkdp-33141-t-iskunvaimentimen-suojakumi-pohjaanlyontikumi"},"modified":"2021-02-21T21:13:58","modified_gmt":"2021-02-21T21:13:58","slug":"skf-vkdp-33141-t-iskunvaimentimen-suojakumi-pohjaanlyontikumi","status":"publish","type":"product","link":"https:\/\/www.autonvaraosahaku.fi\/?product=skf-vkdp-33141-t-iskunvaimentimen-suojakumi-pohjaanlyontikumi","title":{"rendered":"SKF VKDP 33141 T Iskunvaimentimen suojakumi &#038; pohjaanly\u00f6ntikumi"},"content":{"rendered":"<p>Lukum\u00e4\u00e4r\u00e4 akselille: 1; Asennuspuoli: Vorderachse; VW: PASSAT 3B2,PASSAT 3B3; AUDI: A4 Avant 8ED, B7,A6 Avant 4B5, C5,A6 4B2, C5,A4 8EC, B7; SKODA: SUPERB 3U4; SEAT: EXEO ST 3R5,EXEO 3R2; 4D0412137C, 8D0412131E, 4D0412137C, 8D0412131E, 4D0412137C, 8D0412131E, 4D0412137C, 8D0412131E; P\u00f6lysuojasarja, Iskunvaimennin<\/p>\n","protected":false},"excerpt":{"rendered":"<p>SKF Iskunvaimentimen Suojakumi VKDP 33141 T P\u00f6lysuojasarja, Iskunvaimennin VW,AUDI,SKODA,PASSAT 3B2,PASSAT 3B3,A4 Avant 8ED, B7,A6 Avant 4B5, C5<\/p>\n","protected":false},"featured_media":0,"template":"","meta":{"site-sidebar-layout":"default","site-content-layout":"default","ast-global-header-display":"","ast-main-header-display":"","ast-hfb-above-header-display":"","ast-hfb-below-header-display":"","ast-hfb-mobile-header-display":"","site-post-title":"","ast-breadcrumbs-content":"","ast-featured-img":"","footer-sml-layout":"","theme-transparent-header-meta":"","adv-header-id-meta":"","stick-header-meta":"","header-above-stick-meta":"","header-main-stick-meta":"","header-below-stick-meta":""},"pwb-brand":[237],"product_cat":[92],"product_tag":[],"class_list":{"0":"post-89614","1":"product","2":"type-product","3":"status-publish","5":"pwb-brand-skf","6":"product_cat-iskunvaimentimen-suojakumi-pohjaanlyontikumi","7":"desktop-align-left","8":"tablet-align-left","9":"mobile-align-left","11":"first","12":"instock","13":"product-type-external"},"brands":[{"id":237,"name":"SKF","slug":"skf"}],"_links":{"self":[{"href":"https:\/\/www.autonvaraosahaku.fi\/index.php?rest_route=\/wp\/v2\/product\/89614","targetHints":{"allow":["GET"]}}],"collection":[{"href":"https:\/\/www.autonvaraosahaku.fi\/index.php?rest_route=\/wp\/v2\/product"}],"about":[{"href":"https:\/\/www.autonvaraosahaku.fi\/index.php?rest_route=\/wp\/v2\/types\/product"}],"wp:attachment":[{"href":"https:\/\/www.autonvaraosahaku.fi\/index.php?rest_route=%2Fwp%2Fv2%2Fmedia&parent=89614"}],"wp:term":[{"taxonomy":"pwb-brand","embeddable":true,"href":"https:\/\/www.autonvaraosahaku.fi\/index.php?rest_route=%2Fwp%2Fv2%2Fpwb-brand&post=89614"},{"taxonomy":"product_cat","embeddable":true,"href":"https:\/\/www.autonvaraosahaku.fi\/index.php?rest_route=%2Fwp%2Fv2%2Fproduct_cat&post=89614"},{"taxonomy":"product_tag","embeddable":true,"href":"https:\/\/www.autonvaraosahaku.fi\/index.php?rest_route=%2Fwp%2Fv2%2Fproduct_tag&post=89614"}],"curies":[{"name":"wp","href":"https:\/\/api.w.org\/{rel}","templated":true}]}}