{"id":89630,"date":"2021-02-21T21:14:09","date_gmt":"2021-02-21T21:14:09","guid":{"rendered":"https:\/\/www.autonvaraosahaku.fi\/?product=ridex-13d0022-vetoakseli"},"modified":"2021-02-21T21:14:09","modified_gmt":"2021-02-21T21:14:09","slug":"ridex-13d0022-vetoakseli","status":"publish","type":"product","link":"https:\/\/www.autonvaraosahaku.fi\/?product=ridex-13d0022-vetoakseli","title":{"rendered":"RIDEX 13D0022 Vetoakseli"},"content":{"rendered":"<p>Ulkohammastus, py\u00f6r\u00e4npuoli: 22; Ulkohammastus tasauspy\u00f6r\u00e4st\u00f6puoli: 22; Pituus (mm): 619; Tiivisteen l\u00e4pimitta [mm]: 47; Nivelen l\u00e4pimitta py\u00f6r\u00e4puoli [mm]: 83; Nivelen l\u00e4pimitta vaihteistopuoli [mm]: 76; Kierremitta: M20X1.5; Vaihto-osa: ; Asennuspuoli: Etuakseli, vasen; Vaihteistomalli: Schaltgetriebe; VW: CADDY II Pick-up 9U7; SKODA: FELICIA I 6U1,FELICIA II 6U1,FELICIA I Fun 797,FELICIA I Kombi 6U5,FELICIA II Kombi 6U5,FAVORIT 781,FAVORIT Forman 785,FAVORIT Pick-up 787; 115421210, 6U0407271A, 6U0407271AV, 6U0407271AX, 6U0407271F, 6U0407271FX, 115421210, 6U0407271A, 6U0407271AV, 6U0407271AX, 6U0407271F, 6U0407271FX, 115420214, 115421210, 6U0407271A, 6U0407271AV, 6U0407271AX, 6U0407271F, 6U0407271FX, 115421210, 6U0407271A, 6U0407271AV, 6U0407271AX, 6U0407271F, 6U0407271FX<\/p>\n","protected":false},"excerpt":{"rendered":"<p>RIDEX Vetoakseli 13D0022  VW,SKODA,CADDY II Pick-up 9U7,FELICIA I 6U1,FELICIA II 6U1,FELICIA I Fun 797,FELICIA I Kombi 6U5,FELICIA II Kombi 6U5<\/p>\n","protected":false},"featured_media":0,"template":"","meta":{"site-sidebar-layout":"default","site-content-layout":"default","ast-global-header-display":"","ast-main-header-display":"","ast-hfb-above-header-display":"","ast-hfb-below-header-display":"","ast-hfb-mobile-header-display":"","site-post-title":"","ast-breadcrumbs-content":"","ast-featured-img":"","footer-sml-layout":"","theme-transparent-header-meta":"","adv-header-id-meta":"","stick-header-meta":"","header-above-stick-meta":"","header-main-stick-meta":"","header-below-stick-meta":""},"pwb-brand":[157],"product_cat":[215],"product_tag":[],"class_list":{"0":"post-89630","1":"product","2":"type-product","3":"status-publish","5":"pwb-brand-ridex","6":"product_cat-vetoakseli","7":"desktop-align-left","8":"tablet-align-left","9":"mobile-align-left","11":"first","12":"instock","13":"product-type-external"},"brands":[{"id":157,"name":"RIDEX","slug":"ridex"}],"_links":{"self":[{"href":"https:\/\/www.autonvaraosahaku.fi\/index.php?rest_route=\/wp\/v2\/product\/89630","targetHints":{"allow":["GET"]}}],"collection":[{"href":"https:\/\/www.autonvaraosahaku.fi\/index.php?rest_route=\/wp\/v2\/product"}],"about":[{"href":"https:\/\/www.autonvaraosahaku.fi\/index.php?rest_route=\/wp\/v2\/types\/product"}],"wp:attachment":[{"href":"https:\/\/www.autonvaraosahaku.fi\/index.php?rest_route=%2Fwp%2Fv2%2Fmedia&parent=89630"}],"wp:term":[{"taxonomy":"pwb-brand","embeddable":true,"href":"https:\/\/www.autonvaraosahaku.fi\/index.php?rest_route=%2Fwp%2Fv2%2Fpwb-brand&post=89630"},{"taxonomy":"product_cat","embeddable":true,"href":"https:\/\/www.autonvaraosahaku.fi\/index.php?rest_route=%2Fwp%2Fv2%2Fproduct_cat&post=89630"},{"taxonomy":"product_tag","embeddable":true,"href":"https:\/\/www.autonvaraosahaku.fi\/index.php?rest_route=%2Fwp%2Fv2%2Fproduct_tag&post=89630"}],"curies":[{"name":"wp","href":"https:\/\/api.w.org\/{rel}","templated":true}]}}