{"id":89634,"date":"2021-02-21T21:14:09","date_gmt":"2021-02-21T21:14:09","guid":{"rendered":"https:\/\/www.autonvaraosahaku.fi\/?product=ridex-5j0132-vetonivel"},"modified":"2021-02-21T21:14:11","modified_gmt":"2021-02-21T21:14:11","slug":"ridex-5j0132-vetonivel","status":"publish","type":"product","link":"https:\/\/www.autonvaraosahaku.fi\/?product=ridex-5j0132-vetonivel","title":{"rendered":"RIDEX 5J0132 Vetonivel"},"content":{"rendered":"<p>Laippa \u00d8(mm): 56; ABS-keh\u00e4 \u00d8(mm): 89; Ulkohammastus, py\u00f6r\u00e4npuoli: 26; Sis\u00e4hammastus, py\u00f6r\u00e4npuoli: 24; Hammasluku, ABS-keh\u00e4: 48; Mekaanisesti ty\u00f6stetty: Sokkauralla sis\u00e4osassa (sis\u00e4p.); Asennuspuoli: Vorderachse links; TOYOTA: COROLLA ZZE12_, NDE12_, ZDE12_,COROLLA Liftback _E11_,COROLLA Compact _E11_,RAV 4 I SXA1_,PICNIC _XM10,COROLLA Compact _E10_,CARINA E _T19_,COROLLA _E11_,CARINA E Stufenheck _T19_,COROLLA Wagon __E11_,CARINA E Sportswagon _T19_,RAV 4 \u00a0 SXA1_,COROLLA Liftback _E10_,COROLLA Liftback _E9_,COROLLA _E10_,CARINA II _T17_,CARINA II Stufenheck _T17_,COROLLA Compact _E9_,COROLLA Wagon _E10_,CAMRY _V2_,COROLLA Station Wagon _E9_,COROLLA _E9_,CARINA II Station Wagon _T17_,CAMRY Station Wagon _V2_; MITSUBISHI: SPACE RUNNER N1_W, N2_W; 4341012100, 4341012101, 4341012102, 4341012350, 4341012351, 4341012352, 4341012353, 4341020040, 4341020041, 4341020042, 4341020170, 4341020180, 4341020181, 4341020182, 4341020350, 4341020351, 4341020352, 4341020353, 4341020540, 4341020541, 4341020542, 4341020543, 4341020580, 4341020581, 4341020582, 4341020583, 4341032170, 4341032171, 4341032172, 4342012340, 4342012341, 4342012342, 4342012343, 4342020020, 4342020021, 4342020022, 4342020170, 4342020171, 4342020172, 4342020173, 4342020290, 4342020291, 4342020292, 4342020293, 4342020294, 4342020380, 4342020381, 4342020382, 4342020383, 4346009110, 4346009120, 4346009170, 4346009180, 4346019655, 4346019656, 4346019657, 4346019658, 4346019659, 4346029115, 4346029116, 4346029117, 4346029118, 4346029119, 4346029120, 4346029121, 4346029122, 4346029145, 4346029146, 4346029147, 4346029148, 4346029149, 4346029150, 4346029151, 4346029195, 4346029196, 4346029197, 4346029198, 4346029199, 4346029200, 4346029201, 4347009150, 4347009210, 4347009220, 43&#8230;; Nivelsarja, Vetoakseli<\/p>\n","protected":false},"excerpt":{"rendered":"<p>RIDEX Vetonivel 5J0132 Nivelsarja, Vetoakseli TOYOTA,MITSUBISHI,COROLLA ZZE12_, NDE12_, ZDE12_,COROLLA Liftback _E11_,COROLLA Compact _E11_<\/p>\n","protected":false},"featured_media":0,"template":"","meta":{"site-sidebar-layout":"default","site-content-layout":"default","ast-global-header-display":"","ast-main-header-display":"","ast-hfb-above-header-display":"","ast-hfb-below-header-display":"","ast-hfb-mobile-header-display":"","site-post-title":"","ast-breadcrumbs-content":"","ast-featured-img":"","footer-sml-layout":"","theme-transparent-header-meta":"","adv-header-id-meta":"","stick-header-meta":"","header-above-stick-meta":"","header-main-stick-meta":"","header-below-stick-meta":""},"pwb-brand":[157],"product_cat":[175],"product_tag":[],"class_list":{"0":"post-89634","1":"product","2":"type-product","3":"status-publish","5":"pwb-brand-ridex","6":"product_cat-vetonivel","7":"desktop-align-left","8":"tablet-align-left","9":"mobile-align-left","11":"first","12":"instock","13":"product-type-external"},"brands":[{"id":157,"name":"RIDEX","slug":"ridex"}],"_links":{"self":[{"href":"https:\/\/www.autonvaraosahaku.fi\/index.php?rest_route=\/wp\/v2\/product\/89634","targetHints":{"allow":["GET"]}}],"collection":[{"href":"https:\/\/www.autonvaraosahaku.fi\/index.php?rest_route=\/wp\/v2\/product"}],"about":[{"href":"https:\/\/www.autonvaraosahaku.fi\/index.php?rest_route=\/wp\/v2\/types\/product"}],"wp:attachment":[{"href":"https:\/\/www.autonvaraosahaku.fi\/index.php?rest_route=%2Fwp%2Fv2%2Fmedia&parent=89634"}],"wp:term":[{"taxonomy":"pwb-brand","embeddable":true,"href":"https:\/\/www.autonvaraosahaku.fi\/index.php?rest_route=%2Fwp%2Fv2%2Fpwb-brand&post=89634"},{"taxonomy":"product_cat","embeddable":true,"href":"https:\/\/www.autonvaraosahaku.fi\/index.php?rest_route=%2Fwp%2Fv2%2Fproduct_cat&post=89634"},{"taxonomy":"product_tag","embeddable":true,"href":"https:\/\/www.autonvaraosahaku.fi\/index.php?rest_route=%2Fwp%2Fv2%2Fproduct_tag&post=89634"}],"curies":[{"name":"wp","href":"https:\/\/api.w.org\/{rel}","templated":true}]}}