{"id":89638,"date":"2021-02-21T21:14:09","date_gmt":"2021-02-21T21:14:09","guid":{"rendered":"https:\/\/www.autonvaraosahaku.fi\/?product=bugiad-bsp20825-oven-lukko"},"modified":"2021-02-21T21:14:13","modified_gmt":"2021-02-21T21:14:13","slug":"bugiad-bsp20825-oven-lukko","status":"publish","type":"product","link":"https:\/\/www.autonvaraosahaku.fi\/?product=bugiad-bsp20825-oven-lukko","title":{"rendered":"BUGIAD BSP20825 Oven lukko"},"content":{"rendered":"<p>Asennuspuoli: Taakse, vasen; Mukavuusvarusteet: ajoneuvoille keskuslukituksella; Napojen m\u00e4\u00e4r\u00e4: 7; Alustanumerosta: 1K-7-136 541; VW: GOLF V 1K1,TOURAN 1T1, 1T2,GOLF PLUS 5M1, 521,TOURAN 1T3,TOUAREG 7LA, 7L6, 7L7,GOLF VI Variant AJ5,JETTA III 1K2,JETTA IV 162, 163; SKODA: OCTAVIA Combi 1Z5,OCTAVIA 1Z3; SEAT: ALTEA 5P1,TOLEDO III 5P2; Ovilukko<\/p>\n","protected":false},"excerpt":{"rendered":"<p>BUGIAD Oven Lukko BSP20825 Ovilukko VW,SKODA,SEAT,GOLF V 1K1,TOURAN 1T1, 1T2,GOLF PLUS 5M1, 521,TOURAN 1T3,TOUAREG 7LA, 7L6, 7L7,GOLF VI Variant AJ5<\/p>\n","protected":false},"featured_media":0,"template":"","meta":{"site-sidebar-layout":"default","site-content-layout":"default","ast-global-header-display":"","ast-main-header-display":"","ast-hfb-above-header-display":"","ast-hfb-below-header-display":"","ast-hfb-mobile-header-display":"","site-post-title":"","ast-breadcrumbs-content":"","ast-featured-img":"","footer-sml-layout":"","theme-transparent-header-meta":"","adv-header-id-meta":"","stick-header-meta":"","header-above-stick-meta":"","header-main-stick-meta":"","header-below-stick-meta":""},"pwb-brand":[373],"product_cat":[46],"product_tag":[],"class_list":{"0":"post-89638","1":"product","2":"type-product","3":"status-publish","5":"pwb-brand-bugiad","6":"product_cat-oven-lukko","7":"desktop-align-left","8":"tablet-align-left","9":"mobile-align-left","11":"first","12":"instock","13":"product-type-external"},"brands":[{"id":373,"name":"BUGIAD","slug":"bugiad"}],"_links":{"self":[{"href":"https:\/\/www.autonvaraosahaku.fi\/index.php?rest_route=\/wp\/v2\/product\/89638","targetHints":{"allow":["GET"]}}],"collection":[{"href":"https:\/\/www.autonvaraosahaku.fi\/index.php?rest_route=\/wp\/v2\/product"}],"about":[{"href":"https:\/\/www.autonvaraosahaku.fi\/index.php?rest_route=\/wp\/v2\/types\/product"}],"wp:attachment":[{"href":"https:\/\/www.autonvaraosahaku.fi\/index.php?rest_route=%2Fwp%2Fv2%2Fmedia&parent=89638"}],"wp:term":[{"taxonomy":"pwb-brand","embeddable":true,"href":"https:\/\/www.autonvaraosahaku.fi\/index.php?rest_route=%2Fwp%2Fv2%2Fpwb-brand&post=89638"},{"taxonomy":"product_cat","embeddable":true,"href":"https:\/\/www.autonvaraosahaku.fi\/index.php?rest_route=%2Fwp%2Fv2%2Fproduct_cat&post=89638"},{"taxonomy":"product_tag","embeddable":true,"href":"https:\/\/www.autonvaraosahaku.fi\/index.php?rest_route=%2Fwp%2Fv2%2Fproduct_tag&post=89638"}],"curies":[{"name":"wp","href":"https:\/\/api.w.org\/{rel}","templated":true}]}}