{"id":89644,"date":"2021-02-21T21:14:09","date_gmt":"2021-02-21T21:14:09","guid":{"rendered":"https:\/\/www.autonvaraosahaku.fi\/?product=lemforder-37472-01-muut-luokat"},"modified":"2021-02-21T21:14:16","modified_gmt":"2021-02-21T21:14:16","slug":"lemforder-37472-01-muut-luokat","status":"publish","type":"product","link":"https:\/\/www.autonvaraosahaku.fi\/?product=lemforder-37472-01-muut-luokat","title":{"rendered":"LEMF\u00d6RDER 37472 01 Muut luokat"},"content":{"rendered":"<p>Asennuspuoli: Etuakseli, Alla, Molemminpuolin; tuotenumerolle: 30451 01, 30452 01, 30453 01; Valmistusvuosi alkaen: 09\/2005; PEUGEOT: 207 WA_, WC_,207 CC WD_,207 SW WK_,208,1007 KM_,2008,207 Stufenheck,207 Van,208 Kasten; CITRO\u00cbN: C2 JM_,C3 I FC_,C3 Picasso,C3 Pluriel HB_; 1607298480, 352275, 364056, 364059, 364061, 364062, 364065, 364066, 352275, 364062, 352275, 364059, 364061, 364062, 364065, 364066<\/p>\n","protected":false},"excerpt":{"rendered":"<p>LEMF\u00d6RDER Korjaussarja, Py\u00f6r\u00e4ntuenta Service Pack 37472 01  PEUGEOT,CITRO\u00cbN,207 WA_, WC_,207 CC WD_,207 SW WK_,208,1007 KM_,2008,207 Stufenheck<\/p>\n","protected":false},"featured_media":0,"template":"","meta":{"site-sidebar-layout":"default","site-content-layout":"default","ast-global-header-display":"","ast-main-header-display":"","ast-hfb-above-header-display":"","ast-hfb-below-header-display":"","ast-hfb-mobile-header-display":"","site-post-title":"","ast-breadcrumbs-content":"","ast-featured-img":"","footer-sml-layout":"","theme-transparent-header-meta":"","adv-header-id-meta":"","stick-header-meta":"","header-above-stick-meta":"","header-main-stick-meta":"","header-below-stick-meta":""},"pwb-brand":[77],"product_cat":[37],"product_tag":[],"class_list":{"0":"post-89644","1":"product","2":"type-product","3":"status-publish","5":"pwb-brand-lemforder","6":"product_cat-muut-luokat","7":"desktop-align-left","8":"tablet-align-left","9":"mobile-align-left","11":"first","12":"instock","13":"product-type-external"},"brands":[{"id":77,"name":"LEMF\u00d6RDER","slug":"lemforder"}],"_links":{"self":[{"href":"https:\/\/www.autonvaraosahaku.fi\/index.php?rest_route=\/wp\/v2\/product\/89644","targetHints":{"allow":["GET"]}}],"collection":[{"href":"https:\/\/www.autonvaraosahaku.fi\/index.php?rest_route=\/wp\/v2\/product"}],"about":[{"href":"https:\/\/www.autonvaraosahaku.fi\/index.php?rest_route=\/wp\/v2\/types\/product"}],"wp:attachment":[{"href":"https:\/\/www.autonvaraosahaku.fi\/index.php?rest_route=%2Fwp%2Fv2%2Fmedia&parent=89644"}],"wp:term":[{"taxonomy":"pwb-brand","embeddable":true,"href":"https:\/\/www.autonvaraosahaku.fi\/index.php?rest_route=%2Fwp%2Fv2%2Fpwb-brand&post=89644"},{"taxonomy":"product_cat","embeddable":true,"href":"https:\/\/www.autonvaraosahaku.fi\/index.php?rest_route=%2Fwp%2Fv2%2Fproduct_cat&post=89644"},{"taxonomy":"product_tag","embeddable":true,"href":"https:\/\/www.autonvaraosahaku.fi\/index.php?rest_route=%2Fwp%2Fv2%2Fproduct_tag&post=89644"}],"curies":[{"name":"wp","href":"https:\/\/api.w.org\/{rel}","templated":true}]}}