{"id":89653,"date":"2021-02-21T21:14:21","date_gmt":"2021-02-21T21:14:21","guid":{"rendered":"https:\/\/www.autonvaraosahaku.fi\/?product=valeo-301006-jarrupalat"},"modified":"2021-02-21T21:14:23","modified_gmt":"2021-02-21T21:14:23","slug":"valeo-301006-jarrupalat","status":"publish","type":"product","link":"https:\/\/www.autonvaraosahaku.fi\/?product=valeo-301006-jarrupalat","title":{"rendered":"VALEO 301006 Jarrupalat"},"content":{"rendered":"<p>Asennuspuoli: Etuakseli; Jarruj\u00e4rjestelm\u00e4: TEVES; Leveys 1 (mm): 156,5; Korkeus 1 (mm): 52,6; Paksuus 1 [mm]: 17; Leveys 2 (mm): 156,5; Korkeus 2 (mm): 52,6; Paksuus 2 [mm]: 17; WVA-numero: 21927; Kulumisenilmaisimen liitos: Sis. kulumisenilmaisimen, kulumisvaroitinkoskettimella; Kulumisvaroittimia [pro Achse]: 2; Kaapelinmitta (mm): 200; Paino [kg]: 1,59; M\u00e4\u00e4r\u00e4yksikk\u00f6: Akselisarja; lis\u00e4tieto: FIRST; Valmistusvuosi alkaen: 06\/1996; LANCIA: DELTA II 836,DEDRA 835,DEDRA SW 835; FIAT: BARCHETTA 183,PUNTO 176,BRAVO I 182,BRAVA 182,MAREA Weekend 185,MAREA 185; ALFA ROMEO: 145 930,146 930; 0009947776, 71753042, 71753043, 71770955, 77362300, 9947776, 9951243, 71753041, 71753042, 77362090, 77362186, 9949048, 71753042, 9949048; Jarrupalasarja,Jarrupala, Levyjarru<\/p>\n","protected":false},"excerpt":{"rendered":"<p>VALEO Jarrupalat 301006 Jarrupalasarja,Jarrupala, Levyjarru LANCIA,FIAT,ALFA ROMEO,DELTA II 836,DEDRA 835,DEDRA SW 835,BARCHETTA 183,PUNTO 176<\/p>\n","protected":false},"featured_media":0,"template":"","meta":{"site-sidebar-layout":"default","site-content-layout":"default","ast-global-header-display":"","ast-main-header-display":"","ast-hfb-above-header-display":"","ast-hfb-below-header-display":"","ast-hfb-mobile-header-display":"","site-post-title":"","ast-breadcrumbs-content":"","ast-featured-img":"","footer-sml-layout":"","theme-transparent-header-meta":"","adv-header-id-meta":"","stick-header-meta":"","header-above-stick-meta":"","header-main-stick-meta":"","header-below-stick-meta":""},"pwb-brand":[28],"product_cat":[100],"product_tag":[],"class_list":{"0":"post-89653","1":"product","2":"type-product","3":"status-publish","5":"pwb-brand-valeo","6":"product_cat-jarrupalat","7":"desktop-align-left","8":"tablet-align-left","9":"mobile-align-left","11":"first","12":"instock","13":"product-type-external"},"brands":[{"id":28,"name":"VALEO","slug":"valeo"}],"_links":{"self":[{"href":"https:\/\/www.autonvaraosahaku.fi\/index.php?rest_route=\/wp\/v2\/product\/89653","targetHints":{"allow":["GET"]}}],"collection":[{"href":"https:\/\/www.autonvaraosahaku.fi\/index.php?rest_route=\/wp\/v2\/product"}],"about":[{"href":"https:\/\/www.autonvaraosahaku.fi\/index.php?rest_route=\/wp\/v2\/types\/product"}],"wp:attachment":[{"href":"https:\/\/www.autonvaraosahaku.fi\/index.php?rest_route=%2Fwp%2Fv2%2Fmedia&parent=89653"}],"wp:term":[{"taxonomy":"pwb-brand","embeddable":true,"href":"https:\/\/www.autonvaraosahaku.fi\/index.php?rest_route=%2Fwp%2Fv2%2Fpwb-brand&post=89653"},{"taxonomy":"product_cat","embeddable":true,"href":"https:\/\/www.autonvaraosahaku.fi\/index.php?rest_route=%2Fwp%2Fv2%2Fproduct_cat&post=89653"},{"taxonomy":"product_tag","embeddable":true,"href":"https:\/\/www.autonvaraosahaku.fi\/index.php?rest_route=%2Fwp%2Fv2%2Fproduct_tag&post=89653"}],"curies":[{"name":"wp","href":"https:\/\/api.w.org\/{rel}","templated":true}]}}