{"id":89656,"date":"2021-02-21T21:14:21","date_gmt":"2021-02-21T21:14:21","guid":{"rendered":"https:\/\/www.autonvaraosahaku.fi\/?product=valeo-715271-lammityslaitteen-puhallin"},"modified":"2021-02-21T21:14:25","modified_gmt":"2021-02-21T21:14:25","slug":"valeo-715271-lammityslaitteen-puhallin","status":"publish","type":"product","link":"https:\/\/www.autonvaraosahaku.fi\/?product=valeo-715271-lammityslaitteen-puhallin","title":{"rendered":"VALEO 715271 L\u00e4mmityslaitteen puhallin"},"content":{"rendered":"<p>Virrankulutus (W): 300; Napojen m\u00e4\u00e4r\u00e4: 2; L\u00e4pimitta [mm]: 141; Paino [kg]: 1,71; Valmistusvuoteen: 09\/2015; PEUGEOT: 208,2008,208 Kasten; 1608182080; Sis\u00e4tilan Puhallin,Sis\u00e4tilapuhallin<\/p>\n","protected":false},"excerpt":{"rendered":"<p>VALEO L\u00e4mmityslaitteen Puhallin 715271 Sis\u00e4tilan Puhallin,Sis\u00e4tilapuhallin PEUGEOT,208,2008,208 Kasten<\/p>\n","protected":false},"featured_media":0,"template":"","meta":{"site-sidebar-layout":"default","site-content-layout":"default","ast-global-header-display":"","ast-main-header-display":"","ast-hfb-above-header-display":"","ast-hfb-below-header-display":"","ast-hfb-mobile-header-display":"","site-post-title":"","ast-breadcrumbs-content":"","ast-featured-img":"","footer-sml-layout":"","theme-transparent-header-meta":"","adv-header-id-meta":"","stick-header-meta":"","header-above-stick-meta":"","header-main-stick-meta":"","header-below-stick-meta":""},"pwb-brand":[28],"product_cat":[86],"product_tag":[],"class_list":{"0":"post-89656","1":"product","2":"type-product","3":"status-publish","5":"pwb-brand-valeo","6":"product_cat-lammityslaitteen-puhallin","7":"desktop-align-left","8":"tablet-align-left","9":"mobile-align-left","11":"first","12":"instock","13":"product-type-external"},"brands":[{"id":28,"name":"VALEO","slug":"valeo"}],"_links":{"self":[{"href":"https:\/\/www.autonvaraosahaku.fi\/index.php?rest_route=\/wp\/v2\/product\/89656","targetHints":{"allow":["GET"]}}],"collection":[{"href":"https:\/\/www.autonvaraosahaku.fi\/index.php?rest_route=\/wp\/v2\/product"}],"about":[{"href":"https:\/\/www.autonvaraosahaku.fi\/index.php?rest_route=\/wp\/v2\/types\/product"}],"wp:attachment":[{"href":"https:\/\/www.autonvaraosahaku.fi\/index.php?rest_route=%2Fwp%2Fv2%2Fmedia&parent=89656"}],"wp:term":[{"taxonomy":"pwb-brand","embeddable":true,"href":"https:\/\/www.autonvaraosahaku.fi\/index.php?rest_route=%2Fwp%2Fv2%2Fpwb-brand&post=89656"},{"taxonomy":"product_cat","embeddable":true,"href":"https:\/\/www.autonvaraosahaku.fi\/index.php?rest_route=%2Fwp%2Fv2%2Fproduct_cat&post=89656"},{"taxonomy":"product_tag","embeddable":true,"href":"https:\/\/www.autonvaraosahaku.fi\/index.php?rest_route=%2Fwp%2Fv2%2Fproduct_tag&post=89656"}],"curies":[{"name":"wp","href":"https:\/\/api.w.org\/{rel}","templated":true}]}}