{"id":89658,"date":"2021-02-21T21:14:21","date_gmt":"2021-02-21T21:14:21","guid":{"rendered":"https:\/\/www.autonvaraosahaku.fi\/?product=luk-624-3710-09-kytkinpaketti"},"modified":"2021-02-21T21:14:25","modified_gmt":"2021-02-21T21:14:25","slug":"luk-624-3710-09-kytkinpaketti","status":"publish","type":"product","link":"https:\/\/www.autonvaraosahaku.fi\/?product=luk-624-3710-09-kytkinpaketti","title":{"rendered":"LuK 624 3710 09 Kytkinpaketti"},"content":{"rendered":"<p>L\u00e4pimitta [mm]: 240; J\u00e4lkis\u00e4\u00e4t\u00f6: Automaattisella s\u00e4\u00e4d\u00f6ll\u00e4, Automaattisella s\u00e4\u00e4d\u00f6ll\u00e4; Korvaava tuote\/korvaava tiedote 2: Kytkinlevyll\u00e4, ilman irroitinlaakeria, Erikoisty\u00f6kalu tarpeen asennuksessa, Tarkasta 2-massavauhtipy\u00f6r\u00e4 ja uusi tarvitaessa.; Moottorimalli: Moottoreihin, joissa kaksoismassa vauhtipy\u00f6r\u00e4; Vaihteistomalli: Schaltgetriebe 5 Gang; MAZDA: 3 BK,3 BL,3 Stufenheck BK,3 Stufenheck BL; VOLVO: V50 MW,V70 III BW,C30,S40 II MS,S80 II AS; FORD: FOCUS II Kombi DA_,FOCUS II DA_,FOCUS C-MAX,C-MAX DM2,FOCUS II Stufenheck DA_; 1232513, 1232515, 1252727, 1313975, 1321740, 1423910, 1570610, 1672433, 1772104, 3M517540C1E, 3M517540C1F, 3M517540C1G, 3M517540C1H, 3M517540C1J, 3M517540C2F, 3M517540C2G, 3M517540C3E, 9M517540AA, RM3M517540CH, RM9M517540AA, Y60116490, Y60116490A, Y60116490C, Y60216490, Y60216490A, Y60316490, Y60316490A, 9647934380, 9654219280, 30711063, 30711163, 31256717, 31259847; Kytkinsarja<\/p>\n","protected":false},"excerpt":{"rendered":"<p>LuK Kytkinpaketti 624 3710 09 Kytkinsarja MAZDA,VOLVO,FORD,3 BK,3 BL,3 Stufenheck BK,3 Stufenheck BL,V50 MW,V70 III BW,C30,S40 II MS,S80 II AS<\/p>\n","protected":false},"featured_media":0,"template":"","meta":{"site-sidebar-layout":"default","site-content-layout":"default","ast-global-header-display":"","ast-main-header-display":"","ast-hfb-above-header-display":"","ast-hfb-below-header-display":"","ast-hfb-mobile-header-display":"","site-post-title":"","ast-breadcrumbs-content":"","ast-featured-img":"","footer-sml-layout":"","theme-transparent-header-meta":"","adv-header-id-meta":"","stick-header-meta":"","header-above-stick-meta":"","header-main-stick-meta":"","header-below-stick-meta":""},"pwb-brand":[20],"product_cat":[21],"product_tag":[],"class_list":{"0":"post-89658","1":"product","2":"type-product","3":"status-publish","5":"pwb-brand-luk","6":"product_cat-kytkinpaketti","7":"desktop-align-left","8":"tablet-align-left","9":"mobile-align-left","11":"first","12":"instock","13":"product-type-external"},"brands":[{"id":20,"name":"LuK","slug":"luk"}],"_links":{"self":[{"href":"https:\/\/www.autonvaraosahaku.fi\/index.php?rest_route=\/wp\/v2\/product\/89658","targetHints":{"allow":["GET"]}}],"collection":[{"href":"https:\/\/www.autonvaraosahaku.fi\/index.php?rest_route=\/wp\/v2\/product"}],"about":[{"href":"https:\/\/www.autonvaraosahaku.fi\/index.php?rest_route=\/wp\/v2\/types\/product"}],"wp:attachment":[{"href":"https:\/\/www.autonvaraosahaku.fi\/index.php?rest_route=%2Fwp%2Fv2%2Fmedia&parent=89658"}],"wp:term":[{"taxonomy":"pwb-brand","embeddable":true,"href":"https:\/\/www.autonvaraosahaku.fi\/index.php?rest_route=%2Fwp%2Fv2%2Fpwb-brand&post=89658"},{"taxonomy":"product_cat","embeddable":true,"href":"https:\/\/www.autonvaraosahaku.fi\/index.php?rest_route=%2Fwp%2Fv2%2Fproduct_cat&post=89658"},{"taxonomy":"product_tag","embeddable":true,"href":"https:\/\/www.autonvaraosahaku.fi\/index.php?rest_route=%2Fwp%2Fv2%2Fproduct_tag&post=89658"}],"curies":[{"name":"wp","href":"https:\/\/api.w.org\/{rel}","templated":true}]}}