{"id":89684,"date":"2021-02-21T21:14:33","date_gmt":"2021-02-21T21:14:33","guid":{"rendered":"https:\/\/www.autonvaraosahaku.fi\/?product=jp-group-1163609610-jarrupalat"},"modified":"2021-02-21T21:14:41","modified_gmt":"2021-02-21T21:14:41","slug":"jp-group-1163609610-jarrupalat","status":"publish","type":"product","link":"https:\/\/www.autonvaraosahaku.fi\/?product=jp-group-1163609610-jarrupalat","title":{"rendered":"JP GROUP 1163609610 Jarrupalat"},"content":{"rendered":"<p>Asennuspuoli: Etuakseli; Paksuus [mm]: 19,8; Kulumisenilmaisimen liitos: Sis. kulumisenilmaisimen; Jarruj\u00e4rjestelm\u00e4: ATE; M\u00e4\u00e4r\u00e4yksikk\u00f6: Akselisarja; Valmistusvuosi alkaen: 09\/2010; VW: TIGUAN 5N_,SHARAN 7N1, 7N2; AUDI: Q3 8U; SEAT: ALHAMBRA 710, 711; 5N0698151, 5N0698151A, 5N0698151B, 5N0698151C, 7N0698151, JZW698151S, 5N0698151, 5N0698151A, 5N0698151B, 5N0698151C, 7N0698151, JZW698151S, 5N0698151, 5N0698151A, 5N0698151B, 5N0698151C, 7N0698151, JZW698151S; Jarrupalasarja,Jarrupala, Levyjarru<\/p>\n","protected":false},"excerpt":{"rendered":"<p>JP GROUP Jarrupalat JP Group 1163609610 Jarrupalasarja,Jarrupala, Levyjarru VW,AUDI,SEAT,TIGUAN 5N_,SHARAN 7N1, 7N2,Q3 8U,ALHAMBRA 710, 711<\/p>\n","protected":false},"featured_media":0,"template":"","meta":{"site-sidebar-layout":"default","site-content-layout":"default","ast-global-header-display":"","ast-main-header-display":"","ast-hfb-above-header-display":"","ast-hfb-below-header-display":"","ast-hfb-mobile-header-display":"","site-post-title":"","ast-breadcrumbs-content":"","ast-featured-img":"","footer-sml-layout":"","theme-transparent-header-meta":"","adv-header-id-meta":"","stick-header-meta":"","header-above-stick-meta":"","header-main-stick-meta":"","header-below-stick-meta":""},"pwb-brand":[131],"product_cat":[100],"product_tag":[],"class_list":{"0":"post-89684","1":"product","2":"type-product","3":"status-publish","5":"pwb-brand-jp-group","6":"product_cat-jarrupalat","7":"desktop-align-left","8":"tablet-align-left","9":"mobile-align-left","11":"first","12":"instock","13":"product-type-external"},"brands":[{"id":131,"name":"JP GROUP","slug":"jp-group"}],"_links":{"self":[{"href":"https:\/\/www.autonvaraosahaku.fi\/index.php?rest_route=\/wp\/v2\/product\/89684","targetHints":{"allow":["GET"]}}],"collection":[{"href":"https:\/\/www.autonvaraosahaku.fi\/index.php?rest_route=\/wp\/v2\/product"}],"about":[{"href":"https:\/\/www.autonvaraosahaku.fi\/index.php?rest_route=\/wp\/v2\/types\/product"}],"wp:attachment":[{"href":"https:\/\/www.autonvaraosahaku.fi\/index.php?rest_route=%2Fwp%2Fv2%2Fmedia&parent=89684"}],"wp:term":[{"taxonomy":"pwb-brand","embeddable":true,"href":"https:\/\/www.autonvaraosahaku.fi\/index.php?rest_route=%2Fwp%2Fv2%2Fpwb-brand&post=89684"},{"taxonomy":"product_cat","embeddable":true,"href":"https:\/\/www.autonvaraosahaku.fi\/index.php?rest_route=%2Fwp%2Fv2%2Fproduct_cat&post=89684"},{"taxonomy":"product_tag","embeddable":true,"href":"https:\/\/www.autonvaraosahaku.fi\/index.php?rest_route=%2Fwp%2Fv2%2Fproduct_tag&post=89684"}],"curies":[{"name":"wp","href":"https:\/\/api.w.org\/{rel}","templated":true}]}}