{"id":8969,"date":"2021-02-21T14:04:33","date_gmt":"2021-02-21T14:04:33","guid":{"rendered":"https:\/\/www.autonvaraosahaku.fi\/?product=maxgear-39-0306-pyyhkijansulat"},"modified":"2021-02-21T14:04:34","modified_gmt":"2021-02-21T14:04:34","slug":"maxgear-39-0306-pyyhkijansulat","status":"publish","type":"product","link":"https:\/\/www.autonvaraosahaku.fi\/?product=maxgear-39-0306-pyyhkijansulat","title":{"rendered":"MAXGEAR 39-0306 Pyyhkij\u00e4nsulat"},"content":{"rendered":"<p>Pituus (mm): 400; Asennuspuoli: Molemminpuolin, fahrerseitig; M\u00e4\u00e4r\u00e4: 1; Pituus (tuumaa): 16; Sopiva adapteri: U; FORD: FOCUS II DA_; MITSUBISHI: L 200 K7_T, K6_T,PAJERO I L04_G, L14_G,L 200 K3_T, K2_T, K1_T, K0_T; ALFA ROMEO: GT 937; SUBARU: JUSTY I KAD; DAIHATSU: FOURTRAK F7, F8,ROCKY Soft Top F7, F8; ROVER: 100 \/ METRO XP,100 Cabriolet XP; Tuulilasinpyyhkimet,Pyyhkij\u00e4t,Pyyhkij\u00e4nsulka<\/p>\n","protected":false},"excerpt":{"rendered":"<p>MAXGEAR Pyyhkij\u00e4nsulat 39-0306 Tuulilasinpyyhkimet,Pyyhkij\u00e4t FORD,MITSUBISHI,ALFA ROMEO,FOCUS II DA_,L 200 K7_T, K6_T,PAJERO I L04_G, L14_G<\/p>\n","protected":false},"featured_media":0,"template":"","meta":{"site-sidebar-layout":"default","site-content-layout":"default","ast-global-header-display":"","ast-main-header-display":"","ast-hfb-above-header-display":"","ast-hfb-below-header-display":"","ast-hfb-mobile-header-display":"","site-post-title":"","ast-breadcrumbs-content":"","ast-featured-img":"","footer-sml-layout":"","theme-transparent-header-meta":"","adv-header-id-meta":"","stick-header-meta":"","header-above-stick-meta":"","header-main-stick-meta":"","header-below-stick-meta":""},"pwb-brand":[48],"product_cat":[33],"product_tag":[],"class_list":{"0":"post-8969","1":"product","2":"type-product","3":"status-publish","5":"pwb-brand-maxgear","6":"product_cat-pyyhkijansulat","7":"desktop-align-left","8":"tablet-align-left","9":"mobile-align-left","11":"first","12":"instock","13":"product-type-external"},"brands":[{"id":48,"name":"MAXGEAR","slug":"maxgear"}],"_links":{"self":[{"href":"https:\/\/www.autonvaraosahaku.fi\/index.php?rest_route=\/wp\/v2\/product\/8969","targetHints":{"allow":["GET"]}}],"collection":[{"href":"https:\/\/www.autonvaraosahaku.fi\/index.php?rest_route=\/wp\/v2\/product"}],"about":[{"href":"https:\/\/www.autonvaraosahaku.fi\/index.php?rest_route=\/wp\/v2\/types\/product"}],"wp:attachment":[{"href":"https:\/\/www.autonvaraosahaku.fi\/index.php?rest_route=%2Fwp%2Fv2%2Fmedia&parent=8969"}],"wp:term":[{"taxonomy":"pwb-brand","embeddable":true,"href":"https:\/\/www.autonvaraosahaku.fi\/index.php?rest_route=%2Fwp%2Fv2%2Fpwb-brand&post=8969"},{"taxonomy":"product_cat","embeddable":true,"href":"https:\/\/www.autonvaraosahaku.fi\/index.php?rest_route=%2Fwp%2Fv2%2Fproduct_cat&post=8969"},{"taxonomy":"product_tag","embeddable":true,"href":"https:\/\/www.autonvaraosahaku.fi\/index.php?rest_route=%2Fwp%2Fv2%2Fproduct_tag&post=8969"}],"curies":[{"name":"wp","href":"https:\/\/api.w.org\/{rel}","templated":true}]}}