{"id":89696,"date":"2021-02-21T21:14:46","date_gmt":"2021-02-21T21:14:46","guid":{"rendered":"https:\/\/www.autonvaraosahaku.fi\/?product=ridex-854s0092-iskunvaimennin"},"modified":"2021-02-21T21:14:50","modified_gmt":"2021-02-21T21:14:50","slug":"ridex-854s0092-iskunvaimennin","status":"publish","type":"product","link":"https:\/\/www.autonvaraosahaku.fi\/?product=ridex-854s0092-iskunvaimennin","title":{"rendered":"RIDEX 854S0092 Iskunvaimennin"},"content":{"rendered":"<p>Iskunvaimennin tyyppi: Kaasupaine; Iskunvaimennin asennustapa: Silmukka ylh\u00e4\u00e4ll\u00e4, Silmukka alhaalla; Asennuspuoli: Taka-akseli, Hinterachse links; Reik\u00e4-\u00d8 [mm]: 25,4; Lukum\u00e4\u00e4r\u00e4 akselille: 2; Varusteet: Autoihin ilman tasons\u00e4\u00e4t\u00f6\u00e4; MAZDA: 6 Station Wagon GY,6 Hatchback GG,6 GG; GJ5A28700B, GJ5A28700C, GJ5A28700D, GJ6A28700D, GJ6J28700A, GJ6J28700B, GJ6J28700C, GJ6J28700D, GJ6J28700E, GK2A28700C, GK2C28700D, GM6A28700A, GM6A28700B, GM6A28700C, GM6A28700D, GM9A28700B, GM9A28700C, GM9A28700D, GM9A28700E, GM9A28700F, GM9C28700A, GR1L28700, GR1L28700A, GR2F28700, GR2F28700A; Iskarit,Iskunvaimennin<\/p>\n","protected":false},"excerpt":{"rendered":"<p>RIDEX Iskunvaimentimet 854S0092 Iskarit,Iskunvaimennin MAZDA,6 Station Wagon GY,6 Hatchback GG,6 GG<\/p>\n","protected":false},"featured_media":0,"template":"","meta":{"site-sidebar-layout":"default","site-content-layout":"default","ast-global-header-display":"","ast-main-header-display":"","ast-hfb-above-header-display":"","ast-hfb-below-header-display":"","ast-hfb-mobile-header-display":"","site-post-title":"","ast-breadcrumbs-content":"","ast-featured-img":"","footer-sml-layout":"","theme-transparent-header-meta":"","adv-header-id-meta":"","stick-header-meta":"","header-above-stick-meta":"","header-main-stick-meta":"","header-below-stick-meta":""},"pwb-brand":[157],"product_cat":[80],"product_tag":[],"class_list":{"0":"post-89696","1":"product","2":"type-product","3":"status-publish","5":"pwb-brand-ridex","6":"product_cat-iskunvaimennin","7":"desktop-align-left","8":"tablet-align-left","9":"mobile-align-left","11":"first","12":"instock","13":"product-type-external"},"brands":[{"id":157,"name":"RIDEX","slug":"ridex"}],"_links":{"self":[{"href":"https:\/\/www.autonvaraosahaku.fi\/index.php?rest_route=\/wp\/v2\/product\/89696","targetHints":{"allow":["GET"]}}],"collection":[{"href":"https:\/\/www.autonvaraosahaku.fi\/index.php?rest_route=\/wp\/v2\/product"}],"about":[{"href":"https:\/\/www.autonvaraosahaku.fi\/index.php?rest_route=\/wp\/v2\/types\/product"}],"wp:attachment":[{"href":"https:\/\/www.autonvaraosahaku.fi\/index.php?rest_route=%2Fwp%2Fv2%2Fmedia&parent=89696"}],"wp:term":[{"taxonomy":"pwb-brand","embeddable":true,"href":"https:\/\/www.autonvaraosahaku.fi\/index.php?rest_route=%2Fwp%2Fv2%2Fpwb-brand&post=89696"},{"taxonomy":"product_cat","embeddable":true,"href":"https:\/\/www.autonvaraosahaku.fi\/index.php?rest_route=%2Fwp%2Fv2%2Fproduct_cat&post=89696"},{"taxonomy":"product_tag","embeddable":true,"href":"https:\/\/www.autonvaraosahaku.fi\/index.php?rest_route=%2Fwp%2Fv2%2Fproduct_tag&post=89696"}],"curies":[{"name":"wp","href":"https:\/\/api.w.org\/{rel}","templated":true}]}}