{"id":89697,"date":"2021-02-21T21:14:46","date_gmt":"2021-02-21T21:14:46","guid":{"rendered":"https:\/\/www.autonvaraosahaku.fi\/?product=jp-group-1141301110-pyoranlaakerit"},"modified":"2021-02-21T21:14:50","modified_gmt":"2021-02-21T21:14:50","slug":"jp-group-1141301110-pyoranlaakerit","status":"publish","type":"product","link":"https:\/\/www.autonvaraosahaku.fi\/?product=jp-group-1141301110-pyoranlaakerit","title":{"rendered":"JP GROUP 1141301110 Py\u00f6r\u00e4nlaakerit"},"content":{"rendered":"<p>Asennuspuoli: etuakseli molemminpuoleinen; Ulkol\u00e4pimitta [mm]: 82; Sis\u00e4l\u00e4pimitta [mm]: 43; Leveys (mm): 37; Alustanumerosta: 44-J-200 100; VW: PASSAT Variant 3B6,PASSAT Variant 3B5,PASSAT 3B2,PASSAT 3B3; AUDI: A4 8D2, B5,A4 Avant 8D5, B5,100 4A, C4,100 44, 44Q, C3,A6 Avant 4A, C4,A6 4A, C4,100 Avant 4A, C4,100 Avant 44, 44Q, C3,V8 44_, 4C_,200 44, 44Q,200 Avant 44, 44Q; SKODA: SUPERB 3U4; 1D0498625B, 443498625A, 443498625D, 443498625F, 4A0407625A, 4A0498625, 4B0498625A, 4D0407625E, 893498625C, 893498625E, 8D0498625B, 1D0498625B, 443498625A, 443498625D, 443498625F, 4A0407625A, 4A0498625, 4B0498625A, 4D0407625E, 893498625C, 893498625E, 8D0498625B, 1D0498625B, 443498625A, 443498625D, 443498625F, 4A0407625A, 4A0498625, 4B0498625A, 4D0407625E, 893498625C, 893498625E, 8D0498625B; Py\u00f6r\u00e4nlaakerisarja<\/p>\n","protected":false},"excerpt":{"rendered":"<p>JP GROUP Py\u00f6r\u00e4nlaakerit JP Group 1141301110 Py\u00f6r\u00e4nlaakerisarja VW,AUDI,SKODA,PASSAT Variant 3B6,PASSAT Variant 3B5,PASSAT 3B2,PASSAT 3B3,A4 8D2, B5<\/p>\n","protected":false},"featured_media":0,"template":"","meta":{"site-sidebar-layout":"default","site-content-layout":"default","ast-global-header-display":"","ast-main-header-display":"","ast-hfb-above-header-display":"","ast-hfb-below-header-display":"","ast-hfb-mobile-header-display":"","site-post-title":"","ast-breadcrumbs-content":"","ast-featured-img":"","footer-sml-layout":"","theme-transparent-header-meta":"","adv-header-id-meta":"","stick-header-meta":"","header-above-stick-meta":"","header-main-stick-meta":"","header-below-stick-meta":""},"pwb-brand":[131],"product_cat":[83],"product_tag":[],"class_list":{"0":"post-89697","1":"product","2":"type-product","3":"status-publish","5":"pwb-brand-jp-group","6":"product_cat-pyoranlaakerit","7":"desktop-align-left","8":"tablet-align-left","9":"mobile-align-left","11":"first","12":"instock","13":"product-type-external"},"brands":[{"id":131,"name":"JP GROUP","slug":"jp-group"}],"_links":{"self":[{"href":"https:\/\/www.autonvaraosahaku.fi\/index.php?rest_route=\/wp\/v2\/product\/89697","targetHints":{"allow":["GET"]}}],"collection":[{"href":"https:\/\/www.autonvaraosahaku.fi\/index.php?rest_route=\/wp\/v2\/product"}],"about":[{"href":"https:\/\/www.autonvaraosahaku.fi\/index.php?rest_route=\/wp\/v2\/types\/product"}],"wp:attachment":[{"href":"https:\/\/www.autonvaraosahaku.fi\/index.php?rest_route=%2Fwp%2Fv2%2Fmedia&parent=89697"}],"wp:term":[{"taxonomy":"pwb-brand","embeddable":true,"href":"https:\/\/www.autonvaraosahaku.fi\/index.php?rest_route=%2Fwp%2Fv2%2Fpwb-brand&post=89697"},{"taxonomy":"product_cat","embeddable":true,"href":"https:\/\/www.autonvaraosahaku.fi\/index.php?rest_route=%2Fwp%2Fv2%2Fproduct_cat&post=89697"},{"taxonomy":"product_tag","embeddable":true,"href":"https:\/\/www.autonvaraosahaku.fi\/index.php?rest_route=%2Fwp%2Fv2%2Fproduct_tag&post=89697"}],"curies":[{"name":"wp","href":"https:\/\/api.w.org\/{rel}","templated":true}]}}