{"id":8970,"date":"2021-02-21T14:04:33","date_gmt":"2021-02-21T14:04:33","guid":{"rendered":"https:\/\/www.autonvaraosahaku.fi\/?product=master-sport-27720-set-ms-alapallonivel"},"modified":"2021-02-21T14:04:34","modified_gmt":"2021-02-21T14:04:34","slug":"master-sport-27720-set-ms-alapallonivel","status":"publish","type":"product","link":"https:\/\/www.autonvaraosahaku.fi\/?product=master-sport-27720-set-ms-alapallonivel","title":{"rendered":"MASTER-SPORT 27720-SET-MS Alapallonivel"},"content":{"rendered":"<p>Asennuspuoli: Etuakseli, Molemminpuolin, Alla; Lis\u00e4tarvike\/lis\u00e4tieto: Tarvikkeilla; Lukum\u00e4\u00e4r\u00e4 akselille: 2; Nettopaino [kg]: 0,49; Bruttopaino [kg]: 0,53; Valmistusvuoteen: 09\/2007; OPEL: MOVANO Kasten F9,MOVANO Combi J9,MOVANO Pritsche\/Fahrgestell U9, E9,MOVANO Kipper H9; RENAULT: MASTER II Kasten FD,MASTER II Pritsche\/Fahrgestell ED\/HD\/UD,MASTER II Bus JD; NISSAN: INTERSTAR Kasten X70,INTERSTAR Bus X70,INTERSTAR Pritsche\/Fahrgestell; VAUXHALL: MOVANO Mk I A Van FD,MOVANO Mk I A Combi JD; 40160000AC, 40160000AD, 4016000QAC, 4016000QAD, 4401909, 4500255, 9109909, 9160555, 7700312852, 7701056969, 7700312852, 7701056969, 4401909, 4500255, 9109909, 9160555; Pallonivel<\/p>\n","protected":false},"excerpt":{"rendered":"<p>MASTER-SPORT Alapallonivel 27720-SET-MS Pallonivel OPEL,RENAULT,NISSAN,MOVANO Kasten F9,MOVANO Combi J9,MOVANO Pritsche\/Fahrgestell U9, E9<\/p>\n","protected":false},"featured_media":0,"template":"","meta":{"site-sidebar-layout":"default","site-content-layout":"default","ast-global-header-display":"","ast-main-header-display":"","ast-hfb-above-header-display":"","ast-hfb-below-header-display":"","ast-hfb-mobile-header-display":"","site-post-title":"","ast-breadcrumbs-content":"","ast-featured-img":"","footer-sml-layout":"","theme-transparent-header-meta":"","adv-header-id-meta":"","stick-header-meta":"","header-above-stick-meta":"","header-main-stick-meta":"","header-below-stick-meta":""},"pwb-brand":[61],"product_cat":[93],"product_tag":[],"class_list":{"0":"post-8970","1":"product","2":"type-product","3":"status-publish","5":"pwb-brand-master-sport","6":"product_cat-alapallonivel","7":"desktop-align-left","8":"tablet-align-left","9":"mobile-align-left","11":"first","12":"instock","13":"product-type-external"},"brands":[{"id":61,"name":"MASTER-SPORT","slug":"master-sport"}],"_links":{"self":[{"href":"https:\/\/www.autonvaraosahaku.fi\/index.php?rest_route=\/wp\/v2\/product\/8970","targetHints":{"allow":["GET"]}}],"collection":[{"href":"https:\/\/www.autonvaraosahaku.fi\/index.php?rest_route=\/wp\/v2\/product"}],"about":[{"href":"https:\/\/www.autonvaraosahaku.fi\/index.php?rest_route=\/wp\/v2\/types\/product"}],"wp:attachment":[{"href":"https:\/\/www.autonvaraosahaku.fi\/index.php?rest_route=%2Fwp%2Fv2%2Fmedia&parent=8970"}],"wp:term":[{"taxonomy":"pwb-brand","embeddable":true,"href":"https:\/\/www.autonvaraosahaku.fi\/index.php?rest_route=%2Fwp%2Fv2%2Fpwb-brand&post=8970"},{"taxonomy":"product_cat","embeddable":true,"href":"https:\/\/www.autonvaraosahaku.fi\/index.php?rest_route=%2Fwp%2Fv2%2Fproduct_cat&post=8970"},{"taxonomy":"product_tag","embeddable":true,"href":"https:\/\/www.autonvaraosahaku.fi\/index.php?rest_route=%2Fwp%2Fv2%2Fproduct_tag&post=8970"}],"curies":[{"name":"wp","href":"https:\/\/api.w.org\/{rel}","templated":true}]}}