{"id":8974,"date":"2021-02-21T14:04:33","date_gmt":"2021-02-21T14:04:33","guid":{"rendered":"https:\/\/www.autonvaraosahaku.fi\/?product=monroe-376224sp-iskunvaimennin"},"modified":"2021-02-21T14:04:35","modified_gmt":"2021-02-21T14:04:35","slug":"monroe-376224sp-iskunvaimennin","status":"publish","type":"product","link":"https:\/\/www.autonvaraosahaku.fi\/?product=monroe-376224sp-iskunvaimennin","title":{"rendered":"MONROE 376224SP Iskunvaimennin"},"content":{"rendered":"<p>Iskunvaimennin tyyppi: Kaasupaine; Iskunvaimennusj\u00e4rjestelm\u00e4: Kaksiputki; Iskunvaimennin asennustapa: Silmukka alhaalla, Tappi ylh\u00e4\u00e4ll\u00e4; Paino [kg]: 1,600; Reik\u00e4-\u00d8 [mm]: 25,4; suurin pituus [mm]: 631; v\u00e4h. pituus [mm]: 420; Pakkauspituus [cm]: 60; Pakkausleveys [cm]: 7; Pakkauskorkeus [mm]: 7,2; Tullitariffinumero: 87088035; Tappil\u00e4pimitta [mm]: 11; Asennuspuoli: Hinterachse; VW: POLO 9N_,POLO 6R, 6C,POLO CLASSIC 6KV2,POLO Stufenheck 9A4,POLO Stufenheck 9N4,POLO PLAYA; SKODA: FABIA Combi 6Y5,FABIA,FABIA 6Y2,FABIA Combi,FABIA Stufenheck 6Y3,FABIA Praktik,FABIA NJ3,FABIA Kombi NJ5; SEAT: IBIZA IV 6L1,IBIZA V 6J5, 6P5,IBIZA V ST 6J8, 6P8,IBIZA V SPORTCOUPE 6J1, 6P1,CORDOBA 6L2; 6Q0513025AA, 6Q0513025BN, 6Q0513025M, 6Q0513025R, 6Q0513025AJ, 6Q0513025BH, 6Q0513025BJ, 6Q0513025R, 6R0513025, 6R0513025E, 6R0513025F, 6R0513025G, 67144, 67145, 6C0513025AK, 6C0513025AL, 6C0513025AM, 6C0513025AP, 6Q0513025AJ, 6Q0513025M, 6Q0513025P, 6Q0513025R, 6Q0513025AA, 6Q0513025BN, 6Q0513025M, 6Q0513025P, 6R0513025; Iskarit,Iskunvaimennin<\/p>\n","protected":false},"excerpt":{"rendered":"<p>MONROE Iskunvaimentimet OESpectrum Premium 376224SP Iskarit,Iskunvaimennin VW,SKODA,SEAT,POLO 9N_,POLO 6R, 6C,POLO CLASSIC 6KV2,POLO Stufenheck 9A4<\/p>\n","protected":false},"featured_media":0,"template":"","meta":{"site-sidebar-layout":"default","site-content-layout":"default","ast-global-header-display":"","ast-main-header-display":"","ast-hfb-above-header-display":"","ast-hfb-below-header-display":"","ast-hfb-mobile-header-display":"","site-post-title":"","ast-breadcrumbs-content":"","ast-featured-img":"","footer-sml-layout":"","theme-transparent-header-meta":"","adv-header-id-meta":"","stick-header-meta":"","header-above-stick-meta":"","header-main-stick-meta":"","header-below-stick-meta":""},"pwb-brand":[79],"product_cat":[80],"product_tag":[],"class_list":{"0":"post-8974","1":"product","2":"type-product","3":"status-publish","5":"pwb-brand-monroe","6":"product_cat-iskunvaimennin","7":"desktop-align-left","8":"tablet-align-left","9":"mobile-align-left","11":"first","12":"instock","13":"product-type-external"},"brands":[{"id":79,"name":"MONROE","slug":"monroe"}],"_links":{"self":[{"href":"https:\/\/www.autonvaraosahaku.fi\/index.php?rest_route=\/wp\/v2\/product\/8974","targetHints":{"allow":["GET"]}}],"collection":[{"href":"https:\/\/www.autonvaraosahaku.fi\/index.php?rest_route=\/wp\/v2\/product"}],"about":[{"href":"https:\/\/www.autonvaraosahaku.fi\/index.php?rest_route=\/wp\/v2\/types\/product"}],"wp:attachment":[{"href":"https:\/\/www.autonvaraosahaku.fi\/index.php?rest_route=%2Fwp%2Fv2%2Fmedia&parent=8974"}],"wp:term":[{"taxonomy":"pwb-brand","embeddable":true,"href":"https:\/\/www.autonvaraosahaku.fi\/index.php?rest_route=%2Fwp%2Fv2%2Fpwb-brand&post=8974"},{"taxonomy":"product_cat","embeddable":true,"href":"https:\/\/www.autonvaraosahaku.fi\/index.php?rest_route=%2Fwp%2Fv2%2Fproduct_cat&post=8974"},{"taxonomy":"product_tag","embeddable":true,"href":"https:\/\/www.autonvaraosahaku.fi\/index.php?rest_route=%2Fwp%2Fv2%2Fproduct_tag&post=8974"}],"curies":[{"name":"wp","href":"https:\/\/api.w.org\/{rel}","templated":true}]}}