{"id":89743,"date":"2021-02-21T21:15:12","date_gmt":"2021-02-21T21:15:12","guid":{"rendered":"https:\/\/www.autonvaraosahaku.fi\/?product=jp-group-1596600200-peruutusvalon-kytkin"},"modified":"2021-02-21T21:15:20","modified_gmt":"2021-02-21T21:15:20","slug":"jp-group-1596600200-peruutusvalon-kytkin","status":"publish","type":"product","link":"https:\/\/www.autonvaraosahaku.fi\/?product=jp-group-1596600200-peruutusvalon-kytkin","title":{"rendered":"JP GROUP 1596600200 Peruutusvalon kytkin"},"content":{"rendered":"<p>Liittimi\u00e4: 2, 2; V\u00e4ri: Valkoinen, Valkoinen; Paino [kg]: 0,02; Tarvittava kappalem\u00e4\u00e4r\u00e4: 1; Vaihteistomalli: B5\/IB5; FORD: FIESTA V JH_, JD_,FOCUS II Kombi DA_,FOCUS Kombi DNW,FOCUS II DA_,FOCUS DAW, DBW,FOCUS C-MAX,FIESTA IV JA_, JB_,FUSION JU_,KA RB_,FOCUS Stufenheck DFW,STREET KA RL2,FOCUS II Stufenheck DA_,PUMA EC_,ESCORT VII GAL, AAL, ABL,ESCORT VII Kombi GAL, ANL,FIESTA V Van,ESCORT VII Cabriolet ALL,ESCORT &#8217;95 Express AVL,FIESTA Kasten J5_, J3_,ESCORT VII Stufenheck GAL, AFL,FIESTA Kasten JV_,KA Van RB,ESCORT CLASSIC AAL, ABL,ESCORT CLASSIC Turnier ANL; VOLVO: V50 MW,C30,S40 II MS; 1029819, 1112601, 1137034, 1383960, 97FG15520AA, 97FG15520AB, 97FG15520AC, 97FG15520AD, 1E0417640, 1E0517640, 1E0517640A, C40317640, C40317640A, UMB000020, 30614438; Peruutusvalokytkin,Kytkin, Peruutusvalo<\/p>\n","protected":false},"excerpt":{"rendered":"<p>JP GROUP Peruutusvalon Kytkin JP Group 1596600200 Peruutusvalokytkin,Kytkin, Peruutusvalo FORD,VOLVO,FIESTA V JH_, JD_,FOCUS II Kombi DA_<\/p>\n","protected":false},"featured_media":0,"template":"","meta":{"site-sidebar-layout":"default","site-content-layout":"default","ast-global-header-display":"","ast-main-header-display":"","ast-hfb-above-header-display":"","ast-hfb-below-header-display":"","ast-hfb-mobile-header-display":"","site-post-title":"","ast-breadcrumbs-content":"","ast-featured-img":"","footer-sml-layout":"","theme-transparent-header-meta":"","adv-header-id-meta":"","stick-header-meta":"","header-above-stick-meta":"","header-main-stick-meta":"","header-below-stick-meta":""},"pwb-brand":[131],"product_cat":[116],"product_tag":[],"class_list":{"0":"post-89743","1":"product","2":"type-product","3":"status-publish","5":"pwb-brand-jp-group","6":"product_cat-peruutusvalon-kytkin","7":"desktop-align-left","8":"tablet-align-left","9":"mobile-align-left","11":"first","12":"instock","13":"product-type-external"},"brands":[{"id":131,"name":"JP GROUP","slug":"jp-group"}],"_links":{"self":[{"href":"https:\/\/www.autonvaraosahaku.fi\/index.php?rest_route=\/wp\/v2\/product\/89743","targetHints":{"allow":["GET"]}}],"collection":[{"href":"https:\/\/www.autonvaraosahaku.fi\/index.php?rest_route=\/wp\/v2\/product"}],"about":[{"href":"https:\/\/www.autonvaraosahaku.fi\/index.php?rest_route=\/wp\/v2\/types\/product"}],"wp:attachment":[{"href":"https:\/\/www.autonvaraosahaku.fi\/index.php?rest_route=%2Fwp%2Fv2%2Fmedia&parent=89743"}],"wp:term":[{"taxonomy":"pwb-brand","embeddable":true,"href":"https:\/\/www.autonvaraosahaku.fi\/index.php?rest_route=%2Fwp%2Fv2%2Fpwb-brand&post=89743"},{"taxonomy":"product_cat","embeddable":true,"href":"https:\/\/www.autonvaraosahaku.fi\/index.php?rest_route=%2Fwp%2Fv2%2Fproduct_cat&post=89743"},{"taxonomy":"product_tag","embeddable":true,"href":"https:\/\/www.autonvaraosahaku.fi\/index.php?rest_route=%2Fwp%2Fv2%2Fproduct_tag&post=89743"}],"curies":[{"name":"wp","href":"https:\/\/api.w.org\/{rel}","templated":true}]}}