{"id":89751,"date":"2021-02-21T21:15:25","date_gmt":"2021-02-21T21:15:25","guid":{"rendered":"https:\/\/www.autonvaraosahaku.fi\/?product=jp-group-1532450170-moottorin-kumityyny"},"modified":"2021-02-21T21:15:26","modified_gmt":"2021-02-21T21:15:26","slug":"jp-group-1532450170-moottorin-kumityyny","status":"publish","type":"product","link":"https:\/\/www.autonvaraosahaku.fi\/?product=jp-group-1532450170-moottorin-kumityyny","title":{"rendered":"JP GROUP 1532450170 Moottorin kumityyny"},"content":{"rendered":"<p>Asennuspuoli: Vasen; Kiinnitysmalli: Kumimetallilaakeri; Paino [kg]: 2,09; Vaihteiden lukum\u00e4\u00e4r\u00e4: f\u00fcr 6. Gang; FORD: FOCUS II Kombi DA_,FOCUS II DA_,FOCUS III Turnier,FOCUS C-MAX,KUGA I,C-MAX DM2,FOCUS III,C-MAX II,KUGA II DM2,FOCUS II Stufenheck DA_,FOCUS II Cabriolet,FOCUS III Stufenheck,TOURNEO CONNECT \/ GRAND TOURNEO CONNECT Kombi,TRANSIT CONNECT Kasten,C-MAX II Van,TRANSIT CONNECT Kombi,FOCUS III Kasten\/Schr\u00e4gheck; VOLVO: V50 MW,C30,S40 II MS,C70 II Cabriolet,V40 Schr\u00e4gheck; 1224123, 1237351, 1251908, 1314031, 1320951, 1323094, 1323096, 1327601, 1344687, 1437544, 1437545, 1437546, 1684928, 1798908, 3M517M121, 3M517M121GB, 3M517M121GC, 3M517M121GD, AV617M121BB, AV617M121BC, 30636875, 30680283, 30680298, 30680552, 30680578, 30680579, 30680986, 30723005, 30778997, 30778998, 31277442, 31359779<\/p>\n","protected":false},"excerpt":{"rendered":"<p>JP GROUP Vaihteiston Ripustus JP Group 1532450170  FORD,VOLVO,FOCUS II Kombi DA_,FOCUS II DA_,FOCUS III Turnier,FOCUS C-MAX,KUGA I,C-MAX DM2,FOCUS III<\/p>\n","protected":false},"featured_media":0,"template":"","meta":{"site-sidebar-layout":"default","site-content-layout":"default","ast-global-header-display":"","ast-main-header-display":"","ast-hfb-above-header-display":"","ast-hfb-below-header-display":"","ast-hfb-mobile-header-display":"","site-post-title":"","ast-breadcrumbs-content":"","ast-featured-img":"","footer-sml-layout":"","theme-transparent-header-meta":"","adv-header-id-meta":"","stick-header-meta":"","header-above-stick-meta":"","header-main-stick-meta":"","header-below-stick-meta":""},"pwb-brand":[131],"product_cat":[74],"product_tag":[],"class_list":{"0":"post-89751","1":"product","2":"type-product","3":"status-publish","5":"pwb-brand-jp-group","6":"product_cat-moottorin-kumityyny","7":"desktop-align-left","8":"tablet-align-left","9":"mobile-align-left","11":"first","12":"instock","13":"product-type-external"},"brands":[{"id":131,"name":"JP GROUP","slug":"jp-group"}],"_links":{"self":[{"href":"https:\/\/www.autonvaraosahaku.fi\/index.php?rest_route=\/wp\/v2\/product\/89751","targetHints":{"allow":["GET"]}}],"collection":[{"href":"https:\/\/www.autonvaraosahaku.fi\/index.php?rest_route=\/wp\/v2\/product"}],"about":[{"href":"https:\/\/www.autonvaraosahaku.fi\/index.php?rest_route=\/wp\/v2\/types\/product"}],"wp:attachment":[{"href":"https:\/\/www.autonvaraosahaku.fi\/index.php?rest_route=%2Fwp%2Fv2%2Fmedia&parent=89751"}],"wp:term":[{"taxonomy":"pwb-brand","embeddable":true,"href":"https:\/\/www.autonvaraosahaku.fi\/index.php?rest_route=%2Fwp%2Fv2%2Fpwb-brand&post=89751"},{"taxonomy":"product_cat","embeddable":true,"href":"https:\/\/www.autonvaraosahaku.fi\/index.php?rest_route=%2Fwp%2Fv2%2Fproduct_cat&post=89751"},{"taxonomy":"product_tag","embeddable":true,"href":"https:\/\/www.autonvaraosahaku.fi\/index.php?rest_route=%2Fwp%2Fv2%2Fproduct_tag&post=89751"}],"curies":[{"name":"wp","href":"https:\/\/api.w.org\/{rel}","templated":true}]}}