{"id":89774,"date":"2021-02-21T21:15:38","date_gmt":"2021-02-21T21:15:38","guid":{"rendered":"https:\/\/www.autonvaraosahaku.fi\/?product=mapco-59001-raidetanko"},"modified":"2021-02-21T21:15:41","modified_gmt":"2021-02-21T21:15:41","slug":"mapco-59001-raidetanko","status":"publish","type":"product","link":"https:\/\/www.autonvaraosahaku.fi\/?product=mapco-59001-raidetanko","title":{"rendered":"MAPCO 59001 Raidetanko"},"content":{"rendered":"<p>Asennuspuoli: Etuakseli, vasen; parilliset tuotenumerot: 59002; Tarvittava kappalem\u00e4\u00e4r\u00e4: 1; OPEL: CORSA D,CORSA D Van; FIAT: GRANDE PUNTO 199,PUNTO EVO 199; ALFA ROMEO: MITO 955; ABARTH: PUNTO 199_; VAUXHALL: CORSA Mk III D L_8,CORSAVAN Mk III D<\/p>\n","protected":false},"excerpt":{"rendered":"<p>MAPCO Raidetanko 59001  OPEL,FIAT,ALFA ROMEO,CORSA D,CORSA D Van,GRANDE PUNTO 199,PUNTO EVO 199,MITO 955,PUNTO 199_,CORSA Mk III D L_8<\/p>\n","protected":false},"featured_media":0,"template":"","meta":{"site-sidebar-layout":"default","site-content-layout":"default","ast-global-header-display":"","ast-main-header-display":"","ast-hfb-above-header-display":"","ast-hfb-below-header-display":"","ast-hfb-mobile-header-display":"","site-post-title":"","ast-breadcrumbs-content":"","ast-featured-img":"","footer-sml-layout":"","theme-transparent-header-meta":"","adv-header-id-meta":"","stick-header-meta":"","header-above-stick-meta":"","header-main-stick-meta":"","header-below-stick-meta":""},"pwb-brand":[36],"product_cat":[258],"product_tag":[],"class_list":{"0":"post-89774","1":"product","2":"type-product","3":"status-publish","5":"pwb-brand-mapco","6":"product_cat-raidetanko","7":"desktop-align-left","8":"tablet-align-left","9":"mobile-align-left","11":"first","12":"instock","13":"product-type-external"},"brands":[{"id":36,"name":"MAPCO","slug":"mapco"}],"_links":{"self":[{"href":"https:\/\/www.autonvaraosahaku.fi\/index.php?rest_route=\/wp\/v2\/product\/89774","targetHints":{"allow":["GET"]}}],"collection":[{"href":"https:\/\/www.autonvaraosahaku.fi\/index.php?rest_route=\/wp\/v2\/product"}],"about":[{"href":"https:\/\/www.autonvaraosahaku.fi\/index.php?rest_route=\/wp\/v2\/types\/product"}],"wp:attachment":[{"href":"https:\/\/www.autonvaraosahaku.fi\/index.php?rest_route=%2Fwp%2Fv2%2Fmedia&parent=89774"}],"wp:term":[{"taxonomy":"pwb-brand","embeddable":true,"href":"https:\/\/www.autonvaraosahaku.fi\/index.php?rest_route=%2Fwp%2Fv2%2Fpwb-brand&post=89774"},{"taxonomy":"product_cat","embeddable":true,"href":"https:\/\/www.autonvaraosahaku.fi\/index.php?rest_route=%2Fwp%2Fv2%2Fproduct_cat&post=89774"},{"taxonomy":"product_tag","embeddable":true,"href":"https:\/\/www.autonvaraosahaku.fi\/index.php?rest_route=%2Fwp%2Fv2%2Fproduct_tag&post=89774"}],"curies":[{"name":"wp","href":"https:\/\/api.w.org\/{rel}","templated":true}]}}