{"id":89775,"date":"2021-02-21T21:15:38","date_gmt":"2021-02-21T21:15:38","guid":{"rendered":"https:\/\/www.autonvaraosahaku.fi\/?product=ridex-3922l0220-lambda-anturi"},"modified":"2021-02-21T21:15:41","modified_gmt":"2021-02-21T21:15:41","slug":"ridex-3922l0220-lambda-anturi","status":"publish","type":"product","link":"https:\/\/www.autonvaraosahaku.fi\/?product=ridex-3922l0220-lambda-anturi","title":{"rendered":"RIDEX 3922L0220 Lambda anturi"},"content":{"rendered":"<p>Napojen m\u00e4\u00e4r\u00e4: 4; Liitin\/puristin: Tarvittaessa sovita pistoliitin; Vaihteistomalli: Automatikgetriebe; VW: GOL III,GOL II; OPEL: CORSA C F08, F68,MERIVA,ZAFIRA A F75_,ASTRA G CC F48_, F08_,ASTRA G Caravan F35_,VECTRA C,VECTRA B 36_,VECTRA B Caravan 31_,ASTRA G Cabriolet F67,COMBO Kasten\/Kombi,ASTRA G Stufenheck F69_,VECTRA B CC 38_,COMBO Tour,ASTRA G Kasten F70; FORD: MONDEO III Kombi BWY,FOCUS II DA_,KA RB_,MONDEO III B5Y,MAVERICK,MONDEO III Stufenheck B4Y,FOCUS II Stufenheck DA_,COUGAR EC_,GT; HYUNDAI: SONATA III Y-3,PONY X-2,LANTRA I J-1; MAZDA: TRIBUTE EP,CX-9 TB,MPV I LV; HONDA: ACCORD IV CB; MITSUBISHI: COLT V CJ_, CP_,LANCER VI CJ-CP_; SUZUKI: VITARA ET, TA,BALENO Kombi EG,BALENO EG,BALENO Schr\u00e4gheck EG; JEEP: GRAND CHEROKEE III WH, WK,GRAND CHEROKEE II WJ, WG,CHEROKEE KJ,GRAND CHEROKEE I ZJ,CHEROKEE XJ,COMMANDER XK,WRANGLER II TJ,WRANGLER I YJ, SJ_,COMANCHE MJ; CHRYSLER: PT CRUISER PT_,VOYAGER IV RG, RS,VOYAGER III GS,300 C LX,SEBRING Cabriolet JR,300 M LR,SEBRING JR,LE BARON Cabriolet,STRATUS JA,NEON PL,SEBRING Coupe FJ,LE BARON Coupe,CIRRUS,VIPER Convertible,LE BARON Stufenheck,VIPER; 04605077, 04606620, 04606624, 04686932, 04686932AB, 04686933AB, 05033758AA, 05139020AA, 05234014, 05234015, 05269744, 4605077, 4606620, 4606624, 4686932, 4686932AB, 4686933AB, 5033758AA, 5139020AA, 5234014, 5234015, 5269744, 56028992AA, 56028994AB, 56028995AB, 56029112AD, 56031110AA, 56041005, 56041006, 56041055, 56041056, 56041108, 56041111, 56041213AG, 56041219, 56041344AB, 56041344AD, 56041676AA, 56041698AA, 56041699AA, 56041845AB, 56041943AA, 56041944AA, DS56030100AA, DS56031110AA, MD175110, MD182692, 05269744, 5269744, 56028995AB, 1R3Z9G444AA, 1R3Z9G444DA, 2S659F472AC, 3000923, 3006892, 3011099, 3017524, 3522453, 3902700, 3S4Z9F472BA, 4140960, 4594661, 4661392, 4664608, 4721270, 4L3A9G444AA, 5C5Z9F472AA, 5C5Z9F472BA, 5F9Z9G444AA, 5F9Z9G444AB, 5F9Z9G444BA, 5F9Z9G444FA, 5L8Z9F472BA, 5L8Z9G444A, 5S4Z9G444AA, 5S4Z9G444CA, 5W6A9G444BA, 5W6Z9G444AA, 5W6Z9G444BA, 6E5Z9G444AA, 6L7Z9F472BA, 98AB9G444BB, E9TF9F472AA, F09Z9F472A, F09Z9F472C, F0SF9F472AA, F0SF9F472BA, F0SF9F472CA, F0TZ9F472&#8230;; Lambdatunnistin,Happianturi<\/p>\n","protected":false},"excerpt":{"rendered":"<p>RIDEX Lambda Anturi 3922L0220 Lambdatunnistin,Happianturi VW,OPEL,FORD,GOL III,GOL II,CORSA C F08, F68,MERIVA,ZAFIRA A F75_,ASTRA G CC F48_, F08_<\/p>\n","protected":false},"featured_media":0,"template":"","meta":{"site-sidebar-layout":"default","site-content-layout":"default","ast-global-header-display":"","ast-main-header-display":"","ast-hfb-above-header-display":"","ast-hfb-below-header-display":"","ast-hfb-mobile-header-display":"","site-post-title":"","ast-breadcrumbs-content":"","ast-featured-img":"","footer-sml-layout":"","theme-transparent-header-meta":"","adv-header-id-meta":"","stick-header-meta":"","header-above-stick-meta":"","header-main-stick-meta":"","header-below-stick-meta":""},"pwb-brand":[157],"product_cat":[264],"product_tag":[],"class_list":{"0":"post-89775","1":"product","2":"type-product","3":"status-publish","5":"pwb-brand-ridex","6":"product_cat-lambda-anturi","7":"desktop-align-left","8":"tablet-align-left","9":"mobile-align-left","11":"first","12":"instock","13":"product-type-external"},"brands":[{"id":157,"name":"RIDEX","slug":"ridex"}],"_links":{"self":[{"href":"https:\/\/www.autonvaraosahaku.fi\/index.php?rest_route=\/wp\/v2\/product\/89775","targetHints":{"allow":["GET"]}}],"collection":[{"href":"https:\/\/www.autonvaraosahaku.fi\/index.php?rest_route=\/wp\/v2\/product"}],"about":[{"href":"https:\/\/www.autonvaraosahaku.fi\/index.php?rest_route=\/wp\/v2\/types\/product"}],"wp:attachment":[{"href":"https:\/\/www.autonvaraosahaku.fi\/index.php?rest_route=%2Fwp%2Fv2%2Fmedia&parent=89775"}],"wp:term":[{"taxonomy":"pwb-brand","embeddable":true,"href":"https:\/\/www.autonvaraosahaku.fi\/index.php?rest_route=%2Fwp%2Fv2%2Fpwb-brand&post=89775"},{"taxonomy":"product_cat","embeddable":true,"href":"https:\/\/www.autonvaraosahaku.fi\/index.php?rest_route=%2Fwp%2Fv2%2Fproduct_cat&post=89775"},{"taxonomy":"product_tag","embeddable":true,"href":"https:\/\/www.autonvaraosahaku.fi\/index.php?rest_route=%2Fwp%2Fv2%2Fproduct_tag&post=89775"}],"curies":[{"name":"wp","href":"https:\/\/api.w.org\/{rel}","templated":true}]}}