{"id":89782,"date":"2021-02-21T21:15:38","date_gmt":"2021-02-21T21:15:38","guid":{"rendered":"https:\/\/www.autonvaraosahaku.fi\/?product=kolbenschmidt-cb-1229a-std-muut-luokat"},"modified":"2021-02-21T21:15:45","modified_gmt":"2021-02-21T21:15:45","slug":"kolbenschmidt-cb-1229a-std-muut-luokat","status":"publish","type":"product","link":"https:\/\/www.autonvaraosahaku.fi\/?product=kolbenschmidt-cb-1229a-std-muut-luokat","title":{"rendered":"KOLBENSCHMIDT CB-1229A STD Muut luokat"},"content":{"rendered":"<p>Vakiomitta (STD): ; Komponenttinumero: GL2175; M\u00e4\u00e4r\u00e4: 8; M\u00e4\u00e4r\u00e4yksikk\u00f6: Sarja; TECDOC-moottorinumero: 17650; NISSAN: X-TRAIL T30,ALMERA TINO V10,ALMERA II Hatchback N16,NAVARA D40,PATHFINDER R51,PRIMERA Kombi WP12,PRIMERA P12,NAVARA Pritsche\/Fahrgestell D40,PRIMERA Hatchback P12,MURANO Z51,PICK UP D22,NAVARA D22,ALMERA Mk II N16,NP300,NAVARA Pritsche\/Fahrgestell D22,NAVARA Pick-up D23,CABSTAR E Pick-up US,SERENA C24,NAVARA Pritsche\/Fahrgestell; 12111ES60A<\/p>\n","protected":false},"excerpt":{"rendered":"<p>KOLBENSCHMIDT Kiertokankilaakerisarja CB-1229A STD  NISSAN,X-TRAIL T30,ALMERA TINO V10,ALMERA II Hatchback N16,NAVARA D40,PATHFINDER R51<\/p>\n","protected":false},"featured_media":0,"template":"","meta":{"site-sidebar-layout":"default","site-content-layout":"default","ast-global-header-display":"","ast-main-header-display":"","ast-hfb-above-header-display":"","ast-hfb-below-header-display":"","ast-hfb-mobile-header-display":"","site-post-title":"","ast-breadcrumbs-content":"","ast-featured-img":"","footer-sml-layout":"","theme-transparent-header-meta":"","adv-header-id-meta":"","stick-header-meta":"","header-above-stick-meta":"","header-main-stick-meta":"","header-below-stick-meta":""},"pwb-brand":[293],"product_cat":[37],"product_tag":[],"class_list":{"0":"post-89782","1":"product","2":"type-product","3":"status-publish","5":"pwb-brand-kolbenschmidt","6":"product_cat-muut-luokat","7":"desktop-align-left","8":"tablet-align-left","9":"mobile-align-left","11":"first","12":"instock","13":"product-type-external"},"brands":[{"id":293,"name":"KOLBENSCHMIDT","slug":"kolbenschmidt"}],"_links":{"self":[{"href":"https:\/\/www.autonvaraosahaku.fi\/index.php?rest_route=\/wp\/v2\/product\/89782","targetHints":{"allow":["GET"]}}],"collection":[{"href":"https:\/\/www.autonvaraosahaku.fi\/index.php?rest_route=\/wp\/v2\/product"}],"about":[{"href":"https:\/\/www.autonvaraosahaku.fi\/index.php?rest_route=\/wp\/v2\/types\/product"}],"wp:attachment":[{"href":"https:\/\/www.autonvaraosahaku.fi\/index.php?rest_route=%2Fwp%2Fv2%2Fmedia&parent=89782"}],"wp:term":[{"taxonomy":"pwb-brand","embeddable":true,"href":"https:\/\/www.autonvaraosahaku.fi\/index.php?rest_route=%2Fwp%2Fv2%2Fpwb-brand&post=89782"},{"taxonomy":"product_cat","embeddable":true,"href":"https:\/\/www.autonvaraosahaku.fi\/index.php?rest_route=%2Fwp%2Fv2%2Fproduct_cat&post=89782"},{"taxonomy":"product_tag","embeddable":true,"href":"https:\/\/www.autonvaraosahaku.fi\/index.php?rest_route=%2Fwp%2Fv2%2Fproduct_tag&post=89782"}],"curies":[{"name":"wp","href":"https:\/\/api.w.org\/{rel}","templated":true}]}}