{"id":89797,"date":"2021-02-21T21:15:51","date_gmt":"2021-02-21T21:15:51","guid":{"rendered":"https:\/\/www.autonvaraosahaku.fi\/?product=ridex-1382f0022-polttoainepumppu"},"modified":"2021-02-21T21:15:55","modified_gmt":"2021-02-21T21:15:55","slug":"ridex-1382f0022-polttoainepumppu","status":"publish","type":"product","link":"https:\/\/www.autonvaraosahaku.fi\/?product=ridex-1382f0022-polttoainepumppu","title":{"rendered":"RIDEX 1382F0022 Polttoainepumppu"},"content":{"rendered":"<p>J\u00e4nnite (V): 13,5; Paine (bar): 3,5; K\u00e4ytt\u00f6: S\u00e4hk\u00f6inen; Virta (A): 8; K\u00e4ytt\u00f6j\u00e4nnite [V]: 13,5; Siirtom\u00e4\u00e4r\u00e4 (l\/h): 100; Korvaava tuote\/korvaava tiedote 2: Suodattimella; Virrankulutus [A]: 8; Moottorinumero: RFK (EW10J4S); PEUGEOT: 307 SW 3H,307 CC 3B,307 3A\/C,307 Break 3E; CITRO\u00cbN: C5 III Break TD_,C4 I LC_,C5 II Break RE_,C5 I DC_,C5 I Break DE_,C5 III RD_,C4 Coupe LA_,C5 II RC_,C4 Stufenheck L; 1525KJ, 1525Q4, 9632672080, 9680352880, 96803530, 9682753580, 1525KJ, 1525Q4, 9632672080, 9680352880, 96803530, 9682753580; Polttoaineen Sy\u00f6tt\u00f6yksikk\u00f6<\/p>\n","protected":false},"excerpt":{"rendered":"<p>RIDEX Polttoainepumppu 1382F0022 Polttoaineen Sy\u00f6tt\u00f6yksikk\u00f6 PEUGEOT,CITRO\u00cbN,307 SW 3H,307 CC 3B,307 3A\/C,307 Break 3E,C5 III Break TD_,C4 I LC_<\/p>\n","protected":false},"featured_media":0,"template":"","meta":{"site-sidebar-layout":"default","site-content-layout":"default","ast-global-header-display":"","ast-main-header-display":"","ast-hfb-above-header-display":"","ast-hfb-below-header-display":"","ast-hfb-mobile-header-display":"","site-post-title":"","ast-breadcrumbs-content":"","ast-featured-img":"","footer-sml-layout":"","theme-transparent-header-meta":"","adv-header-id-meta":"","stick-header-meta":"","header-above-stick-meta":"","header-main-stick-meta":"","header-below-stick-meta":""},"pwb-brand":[157],"product_cat":[73],"product_tag":[],"class_list":{"0":"post-89797","1":"product","2":"type-product","3":"status-publish","5":"pwb-brand-ridex","6":"product_cat-polttoainepumppu","7":"desktop-align-left","8":"tablet-align-left","9":"mobile-align-left","11":"first","12":"instock","13":"product-type-external"},"brands":[{"id":157,"name":"RIDEX","slug":"ridex"}],"_links":{"self":[{"href":"https:\/\/www.autonvaraosahaku.fi\/index.php?rest_route=\/wp\/v2\/product\/89797","targetHints":{"allow":["GET"]}}],"collection":[{"href":"https:\/\/www.autonvaraosahaku.fi\/index.php?rest_route=\/wp\/v2\/product"}],"about":[{"href":"https:\/\/www.autonvaraosahaku.fi\/index.php?rest_route=\/wp\/v2\/types\/product"}],"wp:attachment":[{"href":"https:\/\/www.autonvaraosahaku.fi\/index.php?rest_route=%2Fwp%2Fv2%2Fmedia&parent=89797"}],"wp:term":[{"taxonomy":"pwb-brand","embeddable":true,"href":"https:\/\/www.autonvaraosahaku.fi\/index.php?rest_route=%2Fwp%2Fv2%2Fpwb-brand&post=89797"},{"taxonomy":"product_cat","embeddable":true,"href":"https:\/\/www.autonvaraosahaku.fi\/index.php?rest_route=%2Fwp%2Fv2%2Fproduct_cat&post=89797"},{"taxonomy":"product_tag","embeddable":true,"href":"https:\/\/www.autonvaraosahaku.fi\/index.php?rest_route=%2Fwp%2Fv2%2Fproduct_tag&post=89797"}],"curies":[{"name":"wp","href":"https:\/\/api.w.org\/{rel}","templated":true}]}}