{"id":89823,"date":"2021-02-21T21:16:03","date_gmt":"2021-02-21T21:16:03","guid":{"rendered":"https:\/\/www.autonvaraosahaku.fi\/?product=ravenol-1181201-001-01-999-vaihteistooljy"},"modified":"2021-02-21T21:16:11","modified_gmt":"2021-02-21T21:16:11","slug":"ravenol-1181201-001-01-999-vaihteistooljy","status":"publish","type":"product","link":"https:\/\/www.autonvaraosahaku.fi\/?product=ravenol-1181201-001-01-999-vaihteistooljy","title":{"rendered":"RAVENOL 1181201-001-01-999 Vaihteisto\u00f6ljy"},"content":{"rendered":"<p>Kemialliset ominaisuudet: Mineraali\u00f6ljypitoinen; Tilavuus (litra): 1; Tuotelinja: GHA-F; FIAT: GRANDE PUNTO 199,PUNTO 188,PANDA 169,DUCATO Kasten 250,500 312,STILO 192,BRAVO II 198,DUCATO Pritsche\/Fahrgestell 250,DUCATO Bus 250,500 C 312,DOBLO Kasten\/Kombi 263,PANDA Van 169,PUNTO 199,IDEA,QUBO 225,500L,PUNTO Van 188AX,FIORINO Kasten\/Kombi 225,LINEA 323,DOBLO Pritsche\/Fahrgestell 263; PEUGEOT: 308 SW,208,308 4A_, 4C_,5008,508 SW,3008,308 CC,508,BIPPER AA_,BIPPER Tepee; CITRO\u00cbN: C5 III Break TD_,C4 Picasso I UD_,C4 Grand Picasso I UA_,C4 I LC_,C3 Picasso,C5 III RD_,C3 II,C4 Coupe LA_,C4 II B7,C4 Picasso II,DS4,NEMO Kasten AA_,DS5,C4 Stufenheck L,NEMO Kombi; ALFA ROMEO: 147 937,156 Sportwagon 932,GIULIETTA 940,MITO 955,156 932,GT 937; LANCIA: YPSILON 843,MUSA 350,YPSILON 312, 846; ABARTH: 500 \/ 595 312_; ASTON MARTIN: VANTAGE Vantage,VANTAGE Volante,VANQUISH R2_; FERRARI: 5__ MARANELLO; Vaihdelaatikon \u00d6ljy<\/p>\n","protected":false},"excerpt":{"rendered":"<p>RAVENOL Vaihteisto\u00f6ljy 1181201-001-01-999 Vaihdelaatikon \u00d6ljy FIAT,PEUGEOT,CITRO\u00cbN,GRANDE PUNTO 199,PUNTO 188,PANDA 169,DUCATO Kasten 250,500 312<\/p>\n","protected":false},"featured_media":0,"template":"","meta":{"site-sidebar-layout":"default","site-content-layout":"default","ast-global-header-display":"","ast-main-header-display":"","ast-hfb-above-header-display":"","ast-hfb-below-header-display":"","ast-hfb-mobile-header-display":"","site-post-title":"","ast-breadcrumbs-content":"","ast-featured-img":"","footer-sml-layout":"","theme-transparent-header-meta":"","adv-header-id-meta":"","stick-header-meta":"","header-above-stick-meta":"","header-main-stick-meta":"","header-below-stick-meta":""},"pwb-brand":[130],"product_cat":[58],"product_tag":[],"class_list":{"0":"post-89823","1":"product","2":"type-product","3":"status-publish","5":"pwb-brand-ravenol","6":"product_cat-vaihteistooljy","7":"desktop-align-left","8":"tablet-align-left","9":"mobile-align-left","11":"first","12":"instock","13":"product-type-external"},"brands":[{"id":130,"name":"RAVENOL","slug":"ravenol"}],"_links":{"self":[{"href":"https:\/\/www.autonvaraosahaku.fi\/index.php?rest_route=\/wp\/v2\/product\/89823","targetHints":{"allow":["GET"]}}],"collection":[{"href":"https:\/\/www.autonvaraosahaku.fi\/index.php?rest_route=\/wp\/v2\/product"}],"about":[{"href":"https:\/\/www.autonvaraosahaku.fi\/index.php?rest_route=\/wp\/v2\/types\/product"}],"wp:attachment":[{"href":"https:\/\/www.autonvaraosahaku.fi\/index.php?rest_route=%2Fwp%2Fv2%2Fmedia&parent=89823"}],"wp:term":[{"taxonomy":"pwb-brand","embeddable":true,"href":"https:\/\/www.autonvaraosahaku.fi\/index.php?rest_route=%2Fwp%2Fv2%2Fpwb-brand&post=89823"},{"taxonomy":"product_cat","embeddable":true,"href":"https:\/\/www.autonvaraosahaku.fi\/index.php?rest_route=%2Fwp%2Fv2%2Fproduct_cat&post=89823"},{"taxonomy":"product_tag","embeddable":true,"href":"https:\/\/www.autonvaraosahaku.fi\/index.php?rest_route=%2Fwp%2Fv2%2Fproduct_tag&post=89823"}],"curies":[{"name":"wp","href":"https:\/\/api.w.org\/{rel}","templated":true}]}}