{"id":89836,"date":"2021-02-21T21:16:16","date_gmt":"2021-02-21T21:16:16","guid":{"rendered":"https:\/\/www.autonvaraosahaku.fi\/?product=autofren-seinsa-d1071-muut-luokat"},"modified":"2021-02-21T21:16:20","modified_gmt":"2021-02-21T21:16:20","slug":"autofren-seinsa-d1071-muut-luokat","status":"publish","type":"product","link":"https:\/\/www.autonvaraosahaku.fi\/?product=autofren-seinsa-d1071-muut-luokat","title":{"rendered":"AUTOFREN SEINSA D1071 Muut luokat"},"content":{"rendered":"<p>L\u00e4pimitta [mm]: 19; Jarruj\u00e4rjestelm\u00e4: BENDIX-BOSCH; Erittely: Doble circuito; LADA: NOVA 2105,NOVA Kombi 2104; FORD: FIESTA I GFBT,FIESTA II FBD; RENAULT: 5 122_,12,16 115_,6 118_,18 134_,5 Kasten 238_,FUEGO 136_,12 Variable 117_,15 130_,14 121_,12 Kasten; PEUGEOT: 504 A_, M_,504 Cabriolet,504 Coupe,204,104,305 II 581M,504 Break D_, F_,504 Pick-up E_,304 _04M_,305 II Break 581E,305 I 581A,204 Break,304 Break _04D_,305 I Break 581D; 5501446B, 460178, 463363, 463365, 7701200383, 7701200385, 7701200760<\/p>\n","protected":false},"excerpt":{"rendered":"<p>AUTOFREN SEINSA Korjaussarja, Jarrup\u00e4\u00e4sylinteri D1071  LADA,FORD,RENAULT,NOVA 2105,NOVA Kombi 2104,FIESTA I GFBT,FIESTA II FBD,5 122_,12,16 115_<\/p>\n","protected":false},"featured_media":0,"template":"","meta":{"site-sidebar-layout":"default","site-content-layout":"default","ast-global-header-display":"","ast-main-header-display":"","ast-hfb-above-header-display":"","ast-hfb-below-header-display":"","ast-hfb-mobile-header-display":"","site-post-title":"","ast-breadcrumbs-content":"","ast-featured-img":"","footer-sml-layout":"","theme-transparent-header-meta":"","adv-header-id-meta":"","stick-header-meta":"","header-above-stick-meta":"","header-main-stick-meta":"","header-below-stick-meta":""},"pwb-brand":[243],"product_cat":[37],"product_tag":[],"class_list":{"0":"post-89836","1":"product","2":"type-product","3":"status-publish","5":"pwb-brand-autofren-seinsa","6":"product_cat-muut-luokat","7":"desktop-align-left","8":"tablet-align-left","9":"mobile-align-left","11":"first","12":"instock","13":"product-type-external"},"brands":[{"id":243,"name":"AUTOFREN SEINSA","slug":"autofren-seinsa"}],"_links":{"self":[{"href":"https:\/\/www.autonvaraosahaku.fi\/index.php?rest_route=\/wp\/v2\/product\/89836","targetHints":{"allow":["GET"]}}],"collection":[{"href":"https:\/\/www.autonvaraosahaku.fi\/index.php?rest_route=\/wp\/v2\/product"}],"about":[{"href":"https:\/\/www.autonvaraosahaku.fi\/index.php?rest_route=\/wp\/v2\/types\/product"}],"wp:attachment":[{"href":"https:\/\/www.autonvaraosahaku.fi\/index.php?rest_route=%2Fwp%2Fv2%2Fmedia&parent=89836"}],"wp:term":[{"taxonomy":"pwb-brand","embeddable":true,"href":"https:\/\/www.autonvaraosahaku.fi\/index.php?rest_route=%2Fwp%2Fv2%2Fpwb-brand&post=89836"},{"taxonomy":"product_cat","embeddable":true,"href":"https:\/\/www.autonvaraosahaku.fi\/index.php?rest_route=%2Fwp%2Fv2%2Fproduct_cat&post=89836"},{"taxonomy":"product_tag","embeddable":true,"href":"https:\/\/www.autonvaraosahaku.fi\/index.php?rest_route=%2Fwp%2Fv2%2Fproduct_tag&post=89836"}],"curies":[{"name":"wp","href":"https:\/\/api.w.org\/{rel}","templated":true}]}}