{"id":89848,"date":"2021-02-21T21:16:16","date_gmt":"2021-02-21T21:16:16","guid":{"rendered":"https:\/\/www.autonvaraosahaku.fi\/?product=fa1-vw460-115-pakoputken-jousto"},"modified":"2021-02-21T21:16:27","modified_gmt":"2021-02-21T21:16:27","slug":"fa1-vw460-115-pakoputken-jousto","status":"publish","type":"product","link":"https:\/\/www.autonvaraosahaku.fi\/?product=fa1-vw460-115-pakoputken-jousto","title":{"rendered":"FA1 VW460-115 Pakoputken jousto"},"content":{"rendered":"<p>Pituus (mm): 115; L\u00e4pimitta [mm]: 60; Putkiliitokset: Taipuva; Erittely: repair flex; Lis\u00e4ksi tarvittavat tuotteet (tuotenumero): CF550005; Vaihtoehtoinen korjaussarja: KF550005; Putki-\u00d8 (mm): 60; Moottorinumeroon: 585599; VOLVO: V70 I LV,850 Kombi LW,C70 I Cabriolet,C70 I Coupe,850 LS,S70 LS; Joustoputki,Joustava Liitosputki,Joustoputki, Pakoputkisto<\/p>\n","protected":false},"excerpt":{"rendered":"<p>FA1 Pakoputken Jousto VW460-115 Joustoputki,Joustava Liitosputki VOLVO,V70 I LV,850 Kombi LW,C70 I Cabriolet,C70 I Coupe,850 LS,S70 LS<\/p>\n","protected":false},"featured_media":0,"template":"","meta":{"site-sidebar-layout":"default","site-content-layout":"default","ast-global-header-display":"","ast-main-header-display":"","ast-hfb-above-header-display":"","ast-hfb-below-header-display":"","ast-hfb-mobile-header-display":"","site-post-title":"","ast-breadcrumbs-content":"","ast-featured-img":"","footer-sml-layout":"","theme-transparent-header-meta":"","adv-header-id-meta":"","stick-header-meta":"","header-above-stick-meta":"","header-main-stick-meta":"","header-below-stick-meta":""},"pwb-brand":[39],"product_cat":[17],"product_tag":[],"class_list":{"0":"post-89848","1":"product","2":"type-product","3":"status-publish","5":"pwb-brand-fa1","6":"product_cat-pakoputken-jousto","7":"desktop-align-left","8":"tablet-align-left","9":"mobile-align-left","11":"first","12":"instock","13":"product-type-external"},"brands":[{"id":39,"name":"FA1","slug":"fa1"}],"_links":{"self":[{"href":"https:\/\/www.autonvaraosahaku.fi\/index.php?rest_route=\/wp\/v2\/product\/89848","targetHints":{"allow":["GET"]}}],"collection":[{"href":"https:\/\/www.autonvaraosahaku.fi\/index.php?rest_route=\/wp\/v2\/product"}],"about":[{"href":"https:\/\/www.autonvaraosahaku.fi\/index.php?rest_route=\/wp\/v2\/types\/product"}],"wp:attachment":[{"href":"https:\/\/www.autonvaraosahaku.fi\/index.php?rest_route=%2Fwp%2Fv2%2Fmedia&parent=89848"}],"wp:term":[{"taxonomy":"pwb-brand","embeddable":true,"href":"https:\/\/www.autonvaraosahaku.fi\/index.php?rest_route=%2Fwp%2Fv2%2Fpwb-brand&post=89848"},{"taxonomy":"product_cat","embeddable":true,"href":"https:\/\/www.autonvaraosahaku.fi\/index.php?rest_route=%2Fwp%2Fv2%2Fproduct_cat&post=89848"},{"taxonomy":"product_tag","embeddable":true,"href":"https:\/\/www.autonvaraosahaku.fi\/index.php?rest_route=%2Fwp%2Fv2%2Fproduct_tag&post=89848"}],"curies":[{"name":"wp","href":"https:\/\/api.w.org\/{rel}","templated":true}]}}