{"id":8985,"date":"2021-02-21T14:04:36","date_gmt":"2021-02-21T14:04:36","guid":{"rendered":"https:\/\/www.autonvaraosahaku.fi\/?product=valeo-578579-pyyhkijansulat"},"modified":"2021-02-21T14:04:37","modified_gmt":"2021-02-21T14:04:37","slug":"valeo-578579-pyyhkijansulat","status":"publish","type":"product","link":"https:\/\/www.autonvaraosahaku.fi\/?product=valeo-578579-pyyhkijansulat","title":{"rendered":"VALEO 578579 Pyyhkij\u00e4nsulat"},"content":{"rendered":"<p>Vasen \/ oikea liikenne: Ohjaus vasemmalla; M\u00e4\u00e4r\u00e4: 1; Pituus (mm): 600; Pituus (tuumaa): 24; Paino [kg]: 0,18; Tuotelinja: HYDROCONNECT; Pyyhkij\u00e4nsulkatyyppi: Rungottomat; Oviluku: 5; VW: TRANSPORTER V Bus 7HB, 7HJ, 7EB, 7EJ, 7EF,MULTIVAN V 7HM, 7HN, 7HF, 7EF, 7EM, 7EN,TRANSPORTER V Kasten 7HA, 7HH, 7EA, 7EH,LT 28-46 II Kasten 2DA, 2DD, 2DH,TRANSPORTER V Pritsche\/Fahrgestell 7JD, 7JE, 7JL, 7JY, 7JZ,,LT 28-35 II Bus 2DB, 2DE, 2DK,LT 28-46 II Pritsche\/Fahrgestell 2DC, 2DF, 2DG, 2DL, 2DM; MAZDA: CX-5 KE, GH,2 DY,6 Kombi GH,2 DE,3 BL,3 BM,6 Schr\u00e4gheck GH,6 GH,MPV II LW,3 Stufenheck BM; CHEVROLET: CAPTIVA C100, C140,CRUZE J300,CRUZE Station Wagon J308,CRUZE Schr\u00e4gheck J305,CAMARO GMX511,REZZO,MALIBU V300,CAMARO Convertible GMX511; DAEWOO: REZZO KLAU; NISSAN: NAVARA D40,PATHFINDER R51,X-TRAIL T31,NAVARA Pritsche\/Fahrgestell D40,TIIDA Schr\u00e4gheck,PRIMASTAR Bus X83,PRIMASTAR Kasten X83,TIIDA Stufenheck SC11X,PATHFINDER R52; KIA: SORENTO I JC,SPORTAGE SL,CEE&#8217;D SW ED,CEE&#8217;D Schr\u00e4gheck ED,SPORTAGE JE_, KM_,SORENTO II XM,CARENS II FJ,PRO CEE&#8217;D ED,CERATO LD,MAGENTIS MG,CERATO Stufenheck LD,CARENS I FC,PICANTO JA; LEXUS: IS III GSE3_, AVE3_; HONDA: CIVIC VII Hatchback EU, EP, EV,ACCORD VIII CU,ACCORD VIII Kombi,STREAM RN; SSANGYONG: KORANDO,RODIUS,RODIUS II; HYUNDAI: i30 FD,TUCSON JM,i30 CW FD,SANTA F\u00c9 II CM,i30 GD,SONATA V NF,GRANDEUR TG,i20 GB,i20 Coupe; 1608028680, 1611345580, 1611352480, 1613291580, 1623237280, 6423J6, 6426SJ, 1554028, 1733614, 983601S100, 1608028680, 7701049049, 7H0998003; Tuulilasinpyyhkimet,Pyyhkij\u00e4t,Pyyhkij\u00e4nsulka<\/p>\n","protected":false},"excerpt":{"rendered":"<p>VALEO Pyyhkij\u00e4nsulat 578579 Tuulilasinpyyhkimet,Pyyhkij\u00e4t VW,MAZDA,CHEVROLET,TRANSPORTER V Bus 7HB, 7HJ, 7EB, 7EJ, 7EF<\/p>\n","protected":false},"featured_media":0,"template":"","meta":{"site-sidebar-layout":"default","site-content-layout":"default","ast-global-header-display":"","ast-main-header-display":"","ast-hfb-above-header-display":"","ast-hfb-below-header-display":"","ast-hfb-mobile-header-display":"","site-post-title":"","ast-breadcrumbs-content":"","ast-featured-img":"","footer-sml-layout":"","theme-transparent-header-meta":"","adv-header-id-meta":"","stick-header-meta":"","header-above-stick-meta":"","header-main-stick-meta":"","header-below-stick-meta":""},"pwb-brand":[28],"product_cat":[33],"product_tag":[],"class_list":{"0":"post-8985","1":"product","2":"type-product","3":"status-publish","5":"pwb-brand-valeo","6":"product_cat-pyyhkijansulat","7":"desktop-align-left","8":"tablet-align-left","9":"mobile-align-left","11":"first","12":"instock","13":"product-type-external"},"brands":[{"id":28,"name":"VALEO","slug":"valeo"}],"_links":{"self":[{"href":"https:\/\/www.autonvaraosahaku.fi\/index.php?rest_route=\/wp\/v2\/product\/8985","targetHints":{"allow":["GET"]}}],"collection":[{"href":"https:\/\/www.autonvaraosahaku.fi\/index.php?rest_route=\/wp\/v2\/product"}],"about":[{"href":"https:\/\/www.autonvaraosahaku.fi\/index.php?rest_route=\/wp\/v2\/types\/product"}],"wp:attachment":[{"href":"https:\/\/www.autonvaraosahaku.fi\/index.php?rest_route=%2Fwp%2Fv2%2Fmedia&parent=8985"}],"wp:term":[{"taxonomy":"pwb-brand","embeddable":true,"href":"https:\/\/www.autonvaraosahaku.fi\/index.php?rest_route=%2Fwp%2Fv2%2Fpwb-brand&post=8985"},{"taxonomy":"product_cat","embeddable":true,"href":"https:\/\/www.autonvaraosahaku.fi\/index.php?rest_route=%2Fwp%2Fv2%2Fproduct_cat&post=8985"},{"taxonomy":"product_tag","embeddable":true,"href":"https:\/\/www.autonvaraosahaku.fi\/index.php?rest_route=%2Fwp%2Fv2%2Fproduct_tag&post=8985"}],"curies":[{"name":"wp","href":"https:\/\/api.w.org\/{rel}","templated":true}]}}