{"id":89863,"date":"2021-02-21T21:16:29","date_gmt":"2021-02-21T21:16:29","guid":{"rendered":"https:\/\/www.autonvaraosahaku.fi\/?product=ridex-654w0042-pyoranlaakerit"},"modified":"2021-02-21T21:16:37","modified_gmt":"2021-02-21T21:16:37","slug":"ridex-654w0042-pyoranlaakerit","status":"publish","type":"product","link":"https:\/\/www.autonvaraosahaku.fi\/?product=ridex-654w0042-pyoranlaakerit","title":{"rendered":"RIDEX 654W0042 Py\u00f6r\u00e4nlaakerit"},"content":{"rendered":"<p>Ulkol\u00e4pimitta [mm]: 45,24, 50,29; Sis\u00e4l\u00e4pimitta [mm]: 19,05, 29; Leveys (mm): 16,64, 14,73; Korvaava tuote\/korvaava tiedote 2: ilman ABS-sensorirengasta; Asennuspuoli: Taka-akseli, molemminpuolinen; Alustanumerosta: 8G-V-004800; VW: CADDY II Kasten 9K9A,CADDY II Kombi 9K9B; AUDI: A4 8D2, B5,A4 Avant 8D5, B5,CABRIOLET 8G7, B4; SEAT: INCA 6K9; 211405645DWB, 211405645WB, 443505509WB, 8D0598625, 8D0598625B, 211405645WB, 443505509WB, 8D0598625, 8D0598625B, 181585181584WB, 211405645WB, 443505509WB, 8D0598625, 8D0598625B; Py\u00f6r\u00e4nlaakerisarja<\/p>\n","protected":false},"excerpt":{"rendered":"<p>RIDEX Py\u00f6r\u00e4nlaakerit 654W0042 Py\u00f6r\u00e4nlaakerisarja VW,AUDI,SEAT,CADDY II Kasten 9K9A,CADDY II Kombi 9K9B,A4 8D2, B5,A4 Avant 8D5, B5,CABRIOLET 8G7, B4<\/p>\n","protected":false},"featured_media":0,"template":"","meta":{"site-sidebar-layout":"default","site-content-layout":"default","ast-global-header-display":"","ast-main-header-display":"","ast-hfb-above-header-display":"","ast-hfb-below-header-display":"","ast-hfb-mobile-header-display":"","site-post-title":"","ast-breadcrumbs-content":"","ast-featured-img":"","footer-sml-layout":"","theme-transparent-header-meta":"","adv-header-id-meta":"","stick-header-meta":"","header-above-stick-meta":"","header-main-stick-meta":"","header-below-stick-meta":""},"pwb-brand":[157],"product_cat":[83],"product_tag":[],"class_list":{"0":"post-89863","1":"product","2":"type-product","3":"status-publish","5":"pwb-brand-ridex","6":"product_cat-pyoranlaakerit","7":"desktop-align-left","8":"tablet-align-left","9":"mobile-align-left","11":"first","12":"instock","13":"product-type-external"},"brands":[{"id":157,"name":"RIDEX","slug":"ridex"}],"_links":{"self":[{"href":"https:\/\/www.autonvaraosahaku.fi\/index.php?rest_route=\/wp\/v2\/product\/89863","targetHints":{"allow":["GET"]}}],"collection":[{"href":"https:\/\/www.autonvaraosahaku.fi\/index.php?rest_route=\/wp\/v2\/product"}],"about":[{"href":"https:\/\/www.autonvaraosahaku.fi\/index.php?rest_route=\/wp\/v2\/types\/product"}],"wp:attachment":[{"href":"https:\/\/www.autonvaraosahaku.fi\/index.php?rest_route=%2Fwp%2Fv2%2Fmedia&parent=89863"}],"wp:term":[{"taxonomy":"pwb-brand","embeddable":true,"href":"https:\/\/www.autonvaraosahaku.fi\/index.php?rest_route=%2Fwp%2Fv2%2Fpwb-brand&post=89863"},{"taxonomy":"product_cat","embeddable":true,"href":"https:\/\/www.autonvaraosahaku.fi\/index.php?rest_route=%2Fwp%2Fv2%2Fproduct_cat&post=89863"},{"taxonomy":"product_tag","embeddable":true,"href":"https:\/\/www.autonvaraosahaku.fi\/index.php?rest_route=%2Fwp%2Fv2%2Fproduct_tag&post=89863"}],"curies":[{"name":"wp","href":"https:\/\/api.w.org\/{rel}","templated":true}]}}