{"id":89888,"date":"2021-02-21T21:16:41","date_gmt":"2021-02-21T21:16:41","guid":{"rendered":"https:\/\/www.autonvaraosahaku.fi\/?product=ridex-78b0112-jarrusatula"},"modified":"2021-02-21T21:16:52","modified_gmt":"2021-02-21T21:16:52","slug":"ridex-78b0112-jarrusatula","status":"publish","type":"product","link":"https:\/\/www.autonvaraosahaku.fi\/?product=ridex-78b0112-jarrusatula","title":{"rendered":"RIDEX 78B0112 Jarrusatula"},"content":{"rendered":"<p>Materiaali: Valurauta; Jarrusatulatyyppi: Jarrusatula (1-m\u00e4nt\u00e4); L\u00e4pimitta [mm]: 32; Jarrulevypaksuudelle [mm]: 10,5; Jarrulevyl\u00e4pimitalle [mm]: 258; parilliset tuotenumerot: 78B0157; Asennuspuoli: Hinterachse; CHEVROLET: NUBIRA Kombi,LACETTI J200,NUBIRA Stufenheck,LACETTI Kombi J200,LACETTI Stufenheck; DAEWOO: LACETTI Schr\u00e4gheck KLAN,NUBIRA Stufenheck KLAN,NUBIRA Wagon KLAN,NUBIRA Wagon KLAJ,NUBIRA Stufenheck KLAJ,NUBIRA KLAJ,LACETTI J150  Stufenheck; 96418879, 96463798, 96549622, 96800085, 96418879, 96463798, 96549622, 96800085<\/p>\n","protected":false},"excerpt":{"rendered":"<p>RIDEX Jarrusatula 78B0112  CHEVROLET,DAEWOO,NUBIRA Kombi,LACETTI J200,NUBIRA Stufenheck,LACETTI Kombi J200,LACETTI Stufenheck,LACETTI Schr\u00e4gheck KLAN<\/p>\n","protected":false},"featured_media":0,"template":"","meta":{"site-sidebar-layout":"default","site-content-layout":"default","ast-global-header-display":"","ast-main-header-display":"","ast-hfb-above-header-display":"","ast-hfb-below-header-display":"","ast-hfb-mobile-header-display":"","site-post-title":"","ast-breadcrumbs-content":"","ast-featured-img":"","footer-sml-layout":"","theme-transparent-header-meta":"","adv-header-id-meta":"","stick-header-meta":"","header-above-stick-meta":"","header-main-stick-meta":"","header-below-stick-meta":""},"pwb-brand":[157],"product_cat":[177],"product_tag":[],"class_list":{"0":"post-89888","1":"product","2":"type-product","3":"status-publish","5":"pwb-brand-ridex","6":"product_cat-jarrusatula","7":"desktop-align-left","8":"tablet-align-left","9":"mobile-align-left","11":"first","12":"instock","13":"product-type-external"},"brands":[{"id":157,"name":"RIDEX","slug":"ridex"}],"_links":{"self":[{"href":"https:\/\/www.autonvaraosahaku.fi\/index.php?rest_route=\/wp\/v2\/product\/89888","targetHints":{"allow":["GET"]}}],"collection":[{"href":"https:\/\/www.autonvaraosahaku.fi\/index.php?rest_route=\/wp\/v2\/product"}],"about":[{"href":"https:\/\/www.autonvaraosahaku.fi\/index.php?rest_route=\/wp\/v2\/types\/product"}],"wp:attachment":[{"href":"https:\/\/www.autonvaraosahaku.fi\/index.php?rest_route=%2Fwp%2Fv2%2Fmedia&parent=89888"}],"wp:term":[{"taxonomy":"pwb-brand","embeddable":true,"href":"https:\/\/www.autonvaraosahaku.fi\/index.php?rest_route=%2Fwp%2Fv2%2Fpwb-brand&post=89888"},{"taxonomy":"product_cat","embeddable":true,"href":"https:\/\/www.autonvaraosahaku.fi\/index.php?rest_route=%2Fwp%2Fv2%2Fproduct_cat&post=89888"},{"taxonomy":"product_tag","embeddable":true,"href":"https:\/\/www.autonvaraosahaku.fi\/index.php?rest_route=%2Fwp%2Fv2%2Fproduct_tag&post=89888"}],"curies":[{"name":"wp","href":"https:\/\/api.w.org\/{rel}","templated":true}]}}