{"id":89899,"date":"2021-02-21T21:16:55","date_gmt":"2021-02-21T21:16:55","guid":{"rendered":"https:\/\/www.autonvaraosahaku.fi\/?product=swf-119525-pyyhkijansulat"},"modified":"2021-02-21T21:17:00","modified_gmt":"2021-02-21T21:17:00","slug":"swf-119525-pyyhkijansulat","status":"publish","type":"product","link":"https:\/\/www.autonvaraosahaku.fi\/?product=swf-119525-pyyhkijansulat","title":{"rendered":"SWF 119525 Pyyhkij\u00e4nsulat"},"content":{"rendered":"<p>Asennuspuoli: Takana; M\u00e4\u00e4r\u00e4: 1; Pituus (mm): 400; Pituus (tuumaa): 16; Paino [kg]: 0,08; Tuotelinja: VisioFlex Rear, ORIGINAL VISIOFLEX REAR; Pyyhkij\u00e4nsulkatyyppi: Rungottomat; Valmistusvuosi alkaen: 01\/2010; VW: MULTIVAN VI SGF, SGM, SGN,CADDY IV Kombi SAB, SAJ,TRANSPORTER VI Bus SGB, SGG, SGJ,TRANSPORTER VI Kasten SGA, SGH,CADDY IV Kasten SAA, SAH,CRAFTER Kasten SY_,CADDY ALLTRACK Kasten SAA,CADDY ALLTRACK Kombi SAB,CRAFTER Bus SY_; SKODA: SUPERB Kombi 3T5,RAPID Spaceback NH1,OCTAVIA 5E3,RAPID NH3,FABIA Kombi NJ5,SUPERB Kombi 3V5; SEAT: TOLEDO IV KG3; 3T9955425, 5JA955425, 3J9955425, 3T9955425, 5E5955425, 5J9955425B, 5JA955425, 5JJ955425, 657955427, 6V6955425, 6V9955425, 5JA955425, 7C0955425, 7C0955426, 7E0955425C; Tuulilasinpyyhkimet,Pyyhkij\u00e4t,Pyyhkij\u00e4nsulka<\/p>\n","protected":false},"excerpt":{"rendered":"<p>SWF Pyyhkij\u00e4nsulat 119525 Tuulilasinpyyhkimet,Pyyhkij\u00e4t VW,SKODA,SEAT,MULTIVAN VI SGF, SGM, SGN,CADDY IV Kombi SAB, SAJ<\/p>\n","protected":false},"featured_media":0,"template":"","meta":{"site-sidebar-layout":"default","site-content-layout":"default","ast-global-header-display":"","ast-main-header-display":"","ast-hfb-above-header-display":"","ast-hfb-below-header-display":"","ast-hfb-mobile-header-display":"","site-post-title":"","ast-breadcrumbs-content":"","ast-featured-img":"","footer-sml-layout":"","theme-transparent-header-meta":"","adv-header-id-meta":"","stick-header-meta":"","header-above-stick-meta":"","header-main-stick-meta":"","header-below-stick-meta":""},"pwb-brand":[204],"product_cat":[33],"product_tag":[],"class_list":{"0":"post-89899","1":"product","2":"type-product","3":"status-publish","5":"pwb-brand-swf","6":"product_cat-pyyhkijansulat","7":"desktop-align-left","8":"tablet-align-left","9":"mobile-align-left","11":"first","12":"instock","13":"product-type-external"},"brands":[{"id":204,"name":"SWF","slug":"swf"}],"_links":{"self":[{"href":"https:\/\/www.autonvaraosahaku.fi\/index.php?rest_route=\/wp\/v2\/product\/89899","targetHints":{"allow":["GET"]}}],"collection":[{"href":"https:\/\/www.autonvaraosahaku.fi\/index.php?rest_route=\/wp\/v2\/product"}],"about":[{"href":"https:\/\/www.autonvaraosahaku.fi\/index.php?rest_route=\/wp\/v2\/types\/product"}],"wp:attachment":[{"href":"https:\/\/www.autonvaraosahaku.fi\/index.php?rest_route=%2Fwp%2Fv2%2Fmedia&parent=89899"}],"wp:term":[{"taxonomy":"pwb-brand","embeddable":true,"href":"https:\/\/www.autonvaraosahaku.fi\/index.php?rest_route=%2Fwp%2Fv2%2Fpwb-brand&post=89899"},{"taxonomy":"product_cat","embeddable":true,"href":"https:\/\/www.autonvaraosahaku.fi\/index.php?rest_route=%2Fwp%2Fv2%2Fproduct_cat&post=89899"},{"taxonomy":"product_tag","embeddable":true,"href":"https:\/\/www.autonvaraosahaku.fi\/index.php?rest_route=%2Fwp%2Fv2%2Fproduct_tag&post=89899"}],"curies":[{"name":"wp","href":"https:\/\/api.w.org\/{rel}","templated":true}]}}