{"id":89912,"date":"2021-02-21T21:17:08","date_gmt":"2021-02-21T21:17:08","guid":{"rendered":"https:\/\/www.autonvaraosahaku.fi\/?product=fa1-791-954-pakosarjan-tiivisteet"},"modified":"2021-02-21T21:17:10","modified_gmt":"2021-02-21T21:17:10","slug":"fa1-791-954-pakosarjan-tiivisteet","status":"publish","type":"product","link":"https:\/\/www.autonvaraosahaku.fi\/?product=fa1-791-954-pakosarjan-tiivisteet","title":{"rendered":"FA1 791-954 Pakosarjan tiivisteet"},"content":{"rendered":"<p>Sis\u00e4l\u00e4pimitta [mm]: 55; Ulkol\u00e4pimitta [mm]: 63; Korkeus (mm): 4; Pakoputkisto: f\u00fcr Endschalld\u00e4mpfer; NISSAN: JUKE F15,X-TRAIL T31,PRIMERA Kombi WP12,PRIMERA P12,MURANO Z50,PRIMERA Hatchback P12,PATROL GR II Wagon Y61,MURANO Z51,TERRANO I WD21,QASHQAI J11, J11_,PATROL II Pritsche\/Fahrgestell Y61,X-TRAIL T32; HONDA: LEGEND II KA7; RENAULT: CLIO IV,KADJAR; 18303SP0003, 18303T2BA01, 0299976845, 2069130P00, 2069130P0A, 1418278K00<\/p>\n","protected":false},"excerpt":{"rendered":"<p>FA1 Tiivisterengas, Pakoputki 791-954  NISSAN,HONDA,RENAULT,JUKE F15,X-TRAIL T31,PRIMERA Kombi WP12,PRIMERA P12,MURANO Z50,PRIMERA Hatchback P12<\/p>\n","protected":false},"featured_media":0,"template":"","meta":{"site-sidebar-layout":"default","site-content-layout":"default","ast-global-header-display":"","ast-main-header-display":"","ast-hfb-above-header-display":"","ast-hfb-below-header-display":"","ast-hfb-mobile-header-display":"","site-post-title":"","ast-breadcrumbs-content":"","ast-featured-img":"","footer-sml-layout":"","theme-transparent-header-meta":"","adv-header-id-meta":"","stick-header-meta":"","header-above-stick-meta":"","header-main-stick-meta":"","header-below-stick-meta":""},"pwb-brand":[39],"product_cat":[123],"product_tag":[],"class_list":{"0":"post-89912","1":"product","2":"type-product","3":"status-publish","5":"pwb-brand-fa1","6":"product_cat-pakosarjan-tiivisteet","7":"desktop-align-left","8":"tablet-align-left","9":"mobile-align-left","11":"first","12":"instock","13":"product-type-external"},"brands":[{"id":39,"name":"FA1","slug":"fa1"}],"_links":{"self":[{"href":"https:\/\/www.autonvaraosahaku.fi\/index.php?rest_route=\/wp\/v2\/product\/89912","targetHints":{"allow":["GET"]}}],"collection":[{"href":"https:\/\/www.autonvaraosahaku.fi\/index.php?rest_route=\/wp\/v2\/product"}],"about":[{"href":"https:\/\/www.autonvaraosahaku.fi\/index.php?rest_route=\/wp\/v2\/types\/product"}],"wp:attachment":[{"href":"https:\/\/www.autonvaraosahaku.fi\/index.php?rest_route=%2Fwp%2Fv2%2Fmedia&parent=89912"}],"wp:term":[{"taxonomy":"pwb-brand","embeddable":true,"href":"https:\/\/www.autonvaraosahaku.fi\/index.php?rest_route=%2Fwp%2Fv2%2Fpwb-brand&post=89912"},{"taxonomy":"product_cat","embeddable":true,"href":"https:\/\/www.autonvaraosahaku.fi\/index.php?rest_route=%2Fwp%2Fv2%2Fproduct_cat&post=89912"},{"taxonomy":"product_tag","embeddable":true,"href":"https:\/\/www.autonvaraosahaku.fi\/index.php?rest_route=%2Fwp%2Fv2%2Fproduct_tag&post=89912"}],"curies":[{"name":"wp","href":"https:\/\/api.w.org\/{rel}","templated":true}]}}