{"id":89936,"date":"2021-02-21T21:17:22","date_gmt":"2021-02-21T21:17:22","guid":{"rendered":"https:\/\/www.autonvaraosahaku.fi\/?product=fa1-110-908-pakosarjan-tiivisteet"},"modified":"2021-02-21T21:17:26","modified_gmt":"2021-02-21T21:17:26","slug":"fa1-110-908-pakosarjan-tiivisteet","status":"publish","type":"product","link":"https:\/\/www.autonvaraosahaku.fi\/?product=fa1-110-908-pakosarjan-tiivisteet","title":{"rendered":"FA1 110-908 Pakosarjan tiivisteet"},"content":{"rendered":"<p>Asennuspuoli: Imu; Tarvittava kappalem\u00e4\u00e4r\u00e4: 2; VW: KAEFER,KAEFER Cabriolet 15,TRANSPORTER II Bus,SAFARI,TRANSPORTER I Bus 22, 24, 25, 28,KARMANN GHIA Coupe 14, 34,TRANSPORTER II Kasten,KARMANN GHIA Cabriolet 14, 34,TRANSPORTER I Pritsche\/Fahrgestell 26,TRANSPORTER II Pritsche\/Fahrgestell,TRANSPORTER I Kasten 21, 23; 113251263, 113251263C, 113251263, 113251263C, 113251263, 113251263C, 113251263, 113251263C; Tiiviste, Pakoputki<\/p>\n","protected":false},"excerpt":{"rendered":"<p>FA1 Pakoputken Tiiviste 110-908 Tiiviste, Pakoputki VW,KAEFER,KAEFER Cabriolet 15,TRANSPORTER II Bus,SAFARI,TRANSPORTER I Bus 22, 24, 25, 28<\/p>\n","protected":false},"featured_media":0,"template":"","meta":{"site-sidebar-layout":"default","site-content-layout":"default","ast-global-header-display":"","ast-main-header-display":"","ast-hfb-above-header-display":"","ast-hfb-below-header-display":"","ast-hfb-mobile-header-display":"","site-post-title":"","ast-breadcrumbs-content":"","ast-featured-img":"","footer-sml-layout":"","theme-transparent-header-meta":"","adv-header-id-meta":"","stick-header-meta":"","header-above-stick-meta":"","header-main-stick-meta":"","header-below-stick-meta":""},"pwb-brand":[39],"product_cat":[123],"product_tag":[],"class_list":{"0":"post-89936","1":"product","2":"type-product","3":"status-publish","5":"pwb-brand-fa1","6":"product_cat-pakosarjan-tiivisteet","7":"desktop-align-left","8":"tablet-align-left","9":"mobile-align-left","11":"first","12":"instock","13":"product-type-external"},"brands":[{"id":39,"name":"FA1","slug":"fa1"}],"_links":{"self":[{"href":"https:\/\/www.autonvaraosahaku.fi\/index.php?rest_route=\/wp\/v2\/product\/89936","targetHints":{"allow":["GET"]}}],"collection":[{"href":"https:\/\/www.autonvaraosahaku.fi\/index.php?rest_route=\/wp\/v2\/product"}],"about":[{"href":"https:\/\/www.autonvaraosahaku.fi\/index.php?rest_route=\/wp\/v2\/types\/product"}],"wp:attachment":[{"href":"https:\/\/www.autonvaraosahaku.fi\/index.php?rest_route=%2Fwp%2Fv2%2Fmedia&parent=89936"}],"wp:term":[{"taxonomy":"pwb-brand","embeddable":true,"href":"https:\/\/www.autonvaraosahaku.fi\/index.php?rest_route=%2Fwp%2Fv2%2Fpwb-brand&post=89936"},{"taxonomy":"product_cat","embeddable":true,"href":"https:\/\/www.autonvaraosahaku.fi\/index.php?rest_route=%2Fwp%2Fv2%2Fproduct_cat&post=89936"},{"taxonomy":"product_tag","embeddable":true,"href":"https:\/\/www.autonvaraosahaku.fi\/index.php?rest_route=%2Fwp%2Fv2%2Fproduct_tag&post=89936"}],"curies":[{"name":"wp","href":"https:\/\/api.w.org\/{rel}","templated":true}]}}