{"id":89940,"date":"2021-02-21T21:17:22","date_gmt":"2021-02-21T21:17:22","guid":{"rendered":"https:\/\/www.autonvaraosahaku.fi\/?product=monroe-l28552-alatukivarsi"},"modified":"2021-02-21T21:17:28","modified_gmt":"2021-02-21T21:17:28","slug":"monroe-l28552-alatukivarsi","status":"publish","type":"product","link":"https:\/\/www.autonvaraosahaku.fi\/?product=monroe-l28552-alatukivarsi","title":{"rendered":"MONROE L28552 Alatukivarsi"},"content":{"rendered":"<p>Paino [kg]: 3,400; Ohjausmalli: Poikittaistukivarsi; Korvaava tuote\/korvaava tiedote 2: Alapallo-\/pallonivelell\u00e4, Kumilaakerilla; Pakkauspituus [cm]: 42; Pakkausleveys [cm]: 40; Pakkauskorkeus [mm]: 8; Valmistusvuosi alkaen: 09\/2010; CITRO\u00cbN: C3 Picasso,C3 III SX; PEUGEOT: 207 WA_, WC_,207 CC WD_,207 SW WK_,208,207 Stufenheck,207 Van,208 Kasten; 3520R7, 3520Q9, 3520R7, 3520T1; Tukivarsi,Tukivarsi, Py\u00f6r\u00e4ntuenta<\/p>\n","protected":false},"excerpt":{"rendered":"<p>MONROE Alatukivarsi L28552 Tukivarsi,Tukivarsi, Py\u00f6r\u00e4ntuenta CITRO\u00cbN,PEUGEOT,C3 Picasso,C3 III SX,207 WA_, WC_,207 CC WD_,207 SW WK_,208<\/p>\n","protected":false},"featured_media":0,"template":"","meta":{"site-sidebar-layout":"default","site-content-layout":"default","ast-global-header-display":"","ast-main-header-display":"","ast-hfb-above-header-display":"","ast-hfb-below-header-display":"","ast-hfb-mobile-header-display":"","site-post-title":"","ast-breadcrumbs-content":"","ast-featured-img":"","footer-sml-layout":"","theme-transparent-header-meta":"","adv-header-id-meta":"","stick-header-meta":"","header-above-stick-meta":"","header-main-stick-meta":"","header-below-stick-meta":""},"pwb-brand":[79],"product_cat":[62],"product_tag":[],"class_list":{"0":"post-89940","1":"product","2":"type-product","3":"status-publish","5":"pwb-brand-monroe","6":"product_cat-alatukivarsi","7":"desktop-align-left","8":"tablet-align-left","9":"mobile-align-left","11":"first","12":"instock","13":"product-type-external"},"brands":[{"id":79,"name":"MONROE","slug":"monroe"}],"_links":{"self":[{"href":"https:\/\/www.autonvaraosahaku.fi\/index.php?rest_route=\/wp\/v2\/product\/89940","targetHints":{"allow":["GET"]}}],"collection":[{"href":"https:\/\/www.autonvaraosahaku.fi\/index.php?rest_route=\/wp\/v2\/product"}],"about":[{"href":"https:\/\/www.autonvaraosahaku.fi\/index.php?rest_route=\/wp\/v2\/types\/product"}],"wp:attachment":[{"href":"https:\/\/www.autonvaraosahaku.fi\/index.php?rest_route=%2Fwp%2Fv2%2Fmedia&parent=89940"}],"wp:term":[{"taxonomy":"pwb-brand","embeddable":true,"href":"https:\/\/www.autonvaraosahaku.fi\/index.php?rest_route=%2Fwp%2Fv2%2Fpwb-brand&post=89940"},{"taxonomy":"product_cat","embeddable":true,"href":"https:\/\/www.autonvaraosahaku.fi\/index.php?rest_route=%2Fwp%2Fv2%2Fproduct_cat&post=89940"},{"taxonomy":"product_tag","embeddable":true,"href":"https:\/\/www.autonvaraosahaku.fi\/index.php?rest_route=%2Fwp%2Fv2%2Fproduct_tag&post=89940"}],"curies":[{"name":"wp","href":"https:\/\/api.w.org\/{rel}","templated":true}]}}